{"id":35365,"date":"2025-08-29T12:56:09","date_gmt":"2025-08-29T12:56:09","guid":{"rendered":"https:\/\/alfaomega.tv\/librarie\/?post_type=product&#038;p=35365"},"modified":"2025-09-01T11:54:41","modified_gmt":"2025-09-01T11:54:41","slug":"unelte-pentru-libertate","status":"publish","type":"product","link":"https:\/\/alfaomega.tv\/librarie\/produse\/slujind-trupul-lui-hristos\/unelte-pentru-libertate\/","title":{"rendered":"Unelte pentru libertate"},"content":{"rendered":"<p>CE \u00ceI SPUI UNEI PERSOANE CARE SUFER\u0102?<\/p>\n<p>De c\u00e2te ori, \u00een timpul unei conversa\u021bii obi\u0219nuite, ne lupt\u0103m s\u0103-i m\u00e2ng\u00e2iem pe ceilal\u021bi, \u00een contextul unei lumi problematice? Cre\u0219tinii ar trebui s\u0103 fie cei care confer\u0103 \u201eprimul ajutor\u201d, spune Andy Reese \u0219i Jennifer Barnett, \u00eens\u0103 cu toate acestea, nou\u0103 ne lipsesc uneltele \u0219i \u00eencrederea de a face acest lucru. Sf\u00e2r\u0219im prin a fi frustra\u021bi de propria noastr\u0103 incapacitate de a ne conecta \u00eentr-un mod eficient.<\/p>\n<p>\u00ceNS\u0102 CE S-AR \u00ceNT\u00c2MPLA DAC\u0102 AM AVEA CURAJUL DE A VORBI \u00ceN DRAGOSTE?<\/p>\n<p>\u00cen paginile acestei c\u0103r\u021bi, Andy \u0219i Jennifer \u00ee\u021bi vor conferi ceea ce ai nevoie pentru a \u00een\u021belege lucrurile \u00eentr-un mod practic, precum \u0219i uneltele simple pentru a face exact acest lucru. Chiar \u0219i cea mai obi\u0219nuit\u0103 conversa\u021bie pe care o ai poate fi umplut\u0103 cu puterea bl\u00e2nd\u0103 \u0219i transformatoare a lui Isus Hristos. Vei g\u0103si ceea ce ai nevoie pentru a \u00eemp\u0103rt\u0103\u0219i pace, har \u0219i pentru a-i ajuta pe ceilal\u021bi s\u0103 experimenteze o re\u00eennoire personal\u0103.<\/p>\n<p>\u201eAceast\u0103 carte va schimba via\u021ba oamenilor \u2014 poate chiar pe a ta.\u201d<\/p>\n<p>Rich Stearns, pre\u0219edinte al World Vision U.S.<\/p>\n<p>\u201eSolid fundamentat\u0103 \u00een Evanghelie \u0219i \u00eenv\u0103\u021b\u0103tur\u0103 biblic\u0103 \u00een timp ce este foarte practic\u0103. I-a ajutat pe liderii no\u0219tri s\u0103 umble \u00eentr-o libertate mai mare \u00een timp ce-i ajut\u0103m pe mul\u021bi s\u0103 cunoasc\u0103 adev\u0103rul care \u00eei va elibera.\u201d<\/p>\n<p>David McQueen, pastor senior, biserica baptist\u0103 Beltway Park, Abilene, Texas<\/p>\n<p>\u201eEchipele noastre de conducere sunt implicate trup \u0219i suflet \u0219i \u00eenc\u00e2ntate de eficien\u021ba simpl\u0103 a acestei lucr\u0103ri.\u201d<\/p>\n<p>Michael Swecker, pastor la Prayer and Freedom Ministries, Hosanna!,<\/p>\n<p>Lakeville \u0219i Shakopee, Minnesota<\/p>\n<p>\u201ePentru mul\u021bi oameni, o lucrare precum Rug\u0103ciunea pentru Libertate este cel mai bun loc din care s\u0103 \u00eenceap\u0103&#8230; sunt foarte impresionat de echipa de la Freedom Resource.\u201d<\/p>\n<p>Stephen Mory, M.D., profesor asistent de psihiatrie clinic\u0103,<\/p>\n<p>Universitatea Vanderbilt; psihiatru la<\/p>\n<p>Mental Health Cooperative \u0219i la \u00eenchisoarea Davidson County.<\/p>\n<p>ANDY REESE este un vorbitor \u0219i autor popular, precum \u0219i un lider de frunte \u00een lucrarea de vindecare l\u0103untric\u0103. El este pre\u0219edintele Freedom Resource, o lucrare dedicat\u0103 inform\u0103rii, preg\u0103tirii \u0219i sprijinirii celorlal\u021bi prin intermediul abord\u0103rii din lucrarea Rug\u0103ciunea pentru Eliberare. Aceast\u0103 lucrare se r\u0103sp\u00e2nde\u0219te cu repeziciune printre o varietate larg\u0103 de biserici.<\/p>\n<p>JENNIFER BARNETT este o vorbitoare \u0219i autoare, iar \u00eempreun\u0103 cu so\u021bul ei Cory, lider al lucr\u0103rii Rug\u0103ciunea pentru Libertate din cadrul Bisericii CrossBridge Community din San Antonio, Texas unde slujesc \u0219i ca prezbiteri.<\/p>\n<p>Pentru mai mult informa\u021bii, vizita\u021bi <a href=\"http:\/\/www.freedomprayer.org\">www.freedomprayer.org<\/a><\/p>\n<p>Num\u0103r de pagini: 301<\/p>\n","protected":false},"excerpt":{"rendered":"<p>\u00cen paginile acestei c\u0103r\u021bi, Andy \u0219i Jennifer \u00ee\u021bi vor conferi ceea ce ai nevoie pentru a \u00een\u021belege lucrurile \u00eentr-un mod practic, precum \u0219i uneltele simple pentru a face exact acest lucru. Vei g\u0103si ceea ce ai nevoie pentru a \u00eemp\u0103rt\u0103\u0219i pace, har \u0219i pentru a-i ajuta pe ceilal\u021bi s\u0103 experimenteze o re\u00eennoire personal\u0103.<\/p>\n","protected":false},"featured_media":6937,"template":"","meta":{"_acf_changed":false},"product_brand":[],"product_cat":[19],"product_tag":[],"class_list":{"0":"post-35365","1":"product","2":"type-product","3":"status-publish","4":"has-post-thumbnail","6":"product_cat-slujind-trupul-lui-hristos","7":"pa_autori-andy-reese","8":"pa_format-carte-tiparita","9":"pa_format-carte-electronica","11":"first","12":"instock","13":"shipping-taxable","14":"purchasable","15":"product-type-variable"},"acf":[],"_links":{"self":[{"href":"https:\/\/alfaomega.tv\/librarie\/wp-json\/wp\/v2\/product\/35365","targetHints":{"allow":["GET"]}}],"collection":[{"href":"https:\/\/alfaomega.tv\/librarie\/wp-json\/wp\/v2\/product"}],"about":[{"href":"https:\/\/alfaomega.tv\/librarie\/wp-json\/wp\/v2\/types\/product"}],"wp:featuredmedia":[{"embeddable":true,"href":"https:\/\/alfaomega.tv\/librarie\/wp-json\/wp\/v2\/media\/6937"}],"wp:attachment":[{"href":"https:\/\/alfaomega.tv\/librarie\/wp-json\/wp\/v2\/media?parent=35365"}],"wp:term":[{"taxonomy":"product_brand","embeddable":true,"href":"https:\/\/alfaomega.tv\/librarie\/wp-json\/wp\/v2\/product_brand?post=35365"},{"taxonomy":"product_cat","embeddable":true,"href":"https:\/\/alfaomega.tv\/librarie\/wp-json\/wp\/v2\/product_cat?post=35365"},{"taxonomy":"product_tag","embeddable":true,"href":"https:\/\/alfaomega.tv\/librarie\/wp-json\/wp\/v2\/product_tag?post=35365"}],"curies":[{"name":"wp","href":"https:\/\/api.w.org\/{rel}","templated":true}]}}