{"id":35369,"date":"2025-08-29T12:56:10","date_gmt":"2025-08-29T12:56:10","guid":{"rendered":"https:\/\/alfaomega.tv\/librarie\/?post_type=product&#038;p=35369"},"modified":"2026-03-11T10:54:59","modified_gmt":"2026-03-11T10:54:59","slug":"bazele-crestinismului","status":"publish","type":"product","link":"https:\/\/alfaomega.tv\/librarie\/produse\/bazele-crestinismului-ucenicizare\/bazele-crestinismului\/","title":{"rendered":"Bazele cre\u0219tinismului"},"content":{"rendered":"<p>E\u0219ti la \u00eenceputul vie\u021bii de credin\u021b\u0103? Poate dore\u0219ti s\u0103 \u00een\u021belegi mai bine anumite aspecte ale cre\u0219tinismului? Sau ai un prieten, o cuno\u0219tin\u021b\u0103 care are \u00eentreb\u0103ri sau nel\u0103muriri? Cursul Fundamente te ajut\u0103 s\u0103 \u00een\u021belegi \u00eentr-un mod concis \u0219i pe \u00een\u021belesul t\u0103u aspecte esen\u021biale ale vie\u021bii de credin\u021b\u0103. Exploreaz\u0103 mai detaliat teme precum:<\/p>\n<p>1. Biblia<\/p>\n<p>2. Dumnezeu<\/p>\n<p>3. Omul<\/p>\n<p>4. P\u0103catul<\/p>\n<p>5. Isus Hristos<\/p>\n<p>6. M\u00e2ntuirea<\/p>\n<p>7. Duhul Sf\u00e2nt<\/p>\n<p>8. Biserica<\/p>\n<p>9. Duhul lumii<\/p>\n<p>10. Viitorul<\/p>\n<p>11. Legea lui Dumnezeu<\/p>\n<p>12. Rela\u021bia noastr\u0103 cu Dumnezeu<\/p>\n<p>13. Rela\u021bia noastr\u0103 cu al\u021bii<\/p>\n<p>14. Cre\u0219tinul \u0219i Eul s\u0103u<\/p>\n<p>15. Via\u021ba cre\u0219tin\u0103<\/p>\n<p>16. Via\u021ba umplut\u0103 de duh<\/p>\n<p>Num\u0103r de pagini A4: 76<\/p>\n","protected":false},"excerpt":{"rendered":"<p>Cursul Fundamente te ajut\u0103 s\u0103 \u00een\u021belegi \u00eentr-un mod concis \u0219i pe \u00een\u021belesul t\u0103u aspecte esen\u021biale ale vie\u021bii de credin\u021b\u0103.<\/p>\n","protected":false},"featured_media":6943,"template":"","meta":{"_acf_changed":false},"product_brand":[],"product_cat":[31],"product_tag":[],"class_list":{"0":"post-35369","1":"product","2":"type-product","3":"status-publish","4":"has-post-thumbnail","6":"product_cat-bazele-crestinismului-ucenicizare","7":"pa_autori-cbn","8":"pa_format-carte-tiparita","9":"pa_format-carte-electronica","11":"first","12":"instock","13":"shipping-taxable","14":"purchasable","15":"product-type-variable"},"acf":[],"_links":{"self":[{"href":"https:\/\/alfaomega.tv\/librarie\/wp-json\/wp\/v2\/product\/35369","targetHints":{"allow":["GET"]}}],"collection":[{"href":"https:\/\/alfaomega.tv\/librarie\/wp-json\/wp\/v2\/product"}],"about":[{"href":"https:\/\/alfaomega.tv\/librarie\/wp-json\/wp\/v2\/types\/product"}],"wp:featuredmedia":[{"embeddable":true,"href":"https:\/\/alfaomega.tv\/librarie\/wp-json\/wp\/v2\/media\/6943"}],"wp:attachment":[{"href":"https:\/\/alfaomega.tv\/librarie\/wp-json\/wp\/v2\/media?parent=35369"}],"wp:term":[{"taxonomy":"product_brand","embeddable":true,"href":"https:\/\/alfaomega.tv\/librarie\/wp-json\/wp\/v2\/product_brand?post=35369"},{"taxonomy":"product_cat","embeddable":true,"href":"https:\/\/alfaomega.tv\/librarie\/wp-json\/wp\/v2\/product_cat?post=35369"},{"taxonomy":"product_tag","embeddable":true,"href":"https:\/\/alfaomega.tv\/librarie\/wp-json\/wp\/v2\/product_tag?post=35369"}],"curies":[{"name":"wp","href":"https:\/\/api.w.org\/{rel}","templated":true}]}}