{"id":35375,"date":"2025-08-29T12:56:10","date_gmt":"2025-08-29T12:56:10","guid":{"rendered":"https:\/\/alfaomega.tv\/librarie\/?post_type=product&#038;p=35375"},"modified":"2025-10-07T12:02:18","modified_gmt":"2025-10-07T12:02:18","slug":"curatirea-spirituala-a-locuintei","status":"publish","type":"product","link":"https:\/\/alfaomega.tv\/librarie\/produse\/restaurare-vindecare-eliberare\/curatirea-spirituala-a-locuintei\/","title":{"rendered":"Cur\u0103\u0163irea spiritual\u0103 a locuin\u0163ei"},"content":{"rendered":"<p><strong>I-ai dat acces f\u0103r\u0103 s\u0103 vrei diavolului \u00een casa ta \u2013 sau chiar \u00een biserica ta?<\/strong><\/p>\n<p>Demonii pot invada casele noastre, locurile noastre de munc\u0103 sau locurile unde ne \u00eenchin\u0103m prin \u201eu\u0219i\u201d care au fost l\u0103sate deschise \u2013 u\u0219i ale p\u0103catului, chiar p\u0103catele celor ce-au locuit \u00eenainte sau ale genera\u021biilor trecute! Prin intermediul acestor u\u0219i deschise, ace\u0219ti intru\u0219i invizibili p\u00e2ng\u0103resc atmosfera spiritual\u0103 din jurul lor, care te poate afecta pe tine, \u00ee\u021bi poate afecta familia, \u00ee\u021bi pot afecta rela\u021biile, ba chiar \u00ee\u021bi poate afecta s\u0103n\u0103tatea \u0219i chiar succesul.<\/p>\n<p><strong>Ce u\u0219i ai l\u0103sat deschise?<\/strong><\/p>\n<p>\u00cen aceast\u0103 ultim\u0103 edi\u021bie a c\u0103r\u021bii de succes scris\u0103 de Eddie \u0219i Alice Smith, vei \u00eenv\u0103\u021ba cum s\u0103 \u00ee\u021bi cur\u0103\u021be\u0219ti casa \u0219i s\u0103 faci loc slavei lui Dumnezeu. Printr-un proces de purificare care const\u0103 \u00een \u0219apte pa\u0219i biblici, autorii examineaz\u0103 cauzele primare care au dus la coruperea atmosferei spirituale, dau pe fa\u021b\u0103 tacticile vr\u0103jma\u0219ului \u0219i pun la dispozi\u021bie unelte pentru evacuarea acestor chiria\u0219i r\u0103i invizibili. Ne ofer\u0103 totodat\u0103 povestiri adev\u0103rate ale unor credincio\u0219i care, urm\u00e2nd aceste principii, au avut parte de biruin\u021be \u0219i vie\u021bi transformate.<\/p>\n<p><strong>Este vremea pentru cur\u0103\u021bire spiritual\u0103.<\/strong><\/p>\n<p>Dac\u0103 suferi de efectele influen\u021bei vr\u0103jma\u0219ului, cartea aceasta este probabil ceea ce ai nevoie s\u0103 cite\u0219ti acum. Dumnezeu te cheam\u0103 s\u0103 experimentezi un nou nivel al p\u0103cii. \u00cencepe aceast\u0103 c\u0103l\u0103torie ast\u0103zi prin cur\u0103\u021birea inimii tale \u2013 casei tale.<\/p>\n<p><strong>Eddie \u0219i Alice Smith<\/strong> sunt autori ai mai multor c\u0103r\u021bi de succes, lideri de rug\u0103ciune, vorbitori la conferin\u021be interna\u021bionale \u0219i \u00eenv\u0103\u021b\u0103tori care au colaborat la \u00eenfiin\u021barea \u00een anul 1990 a centrului de rug\u0103ciune U.S. Prayer Center din Houston, Texas. So\u021bii Smith au patru copii \u0219i nou\u0103 nepo\u021bi \u0219i locuiesc \u00een Houston.<\/p>\n<\/p>\n<p>Numar de pagini: 200<\/p>\n","protected":false},"excerpt":{"rendered":"<p>Dac\u0103 suferi de efectele influen\u021bei vr\u0103jma\u0219ului, cartea aceasta este probabil ceea ce ai nevoie s\u0103 cite\u0219ti acum. Dumnezeu te cheam\u0103 s\u0103 experimentezi un nou nivel al p\u0103cii. \u00cencepe aceast\u0103 c\u0103l\u0103torie ast\u0103zi prin cur\u0103\u021birea inimii tale \u2013 casei tale.<\/p>\n","protected":false},"featured_media":6949,"template":"","meta":{"_acf_changed":false},"product_brand":[],"product_cat":[25],"product_tag":[],"class_list":{"0":"post-35375","1":"product","2":"type-product","3":"status-publish","4":"has-post-thumbnail","6":"product_cat-restaurare-vindecare-eliberare","7":"pa_autori-alice-smith","8":"pa_format-carte-tiparita","9":"pa_format-carte-electronica","11":"first","12":"instock","13":"shipping-taxable","14":"purchasable","15":"product-type-variable"},"acf":[],"_links":{"self":[{"href":"https:\/\/alfaomega.tv\/librarie\/wp-json\/wp\/v2\/product\/35375","targetHints":{"allow":["GET"]}}],"collection":[{"href":"https:\/\/alfaomega.tv\/librarie\/wp-json\/wp\/v2\/product"}],"about":[{"href":"https:\/\/alfaomega.tv\/librarie\/wp-json\/wp\/v2\/types\/product"}],"wp:featuredmedia":[{"embeddable":true,"href":"https:\/\/alfaomega.tv\/librarie\/wp-json\/wp\/v2\/media\/6949"}],"wp:attachment":[{"href":"https:\/\/alfaomega.tv\/librarie\/wp-json\/wp\/v2\/media?parent=35375"}],"wp:term":[{"taxonomy":"product_brand","embeddable":true,"href":"https:\/\/alfaomega.tv\/librarie\/wp-json\/wp\/v2\/product_brand?post=35375"},{"taxonomy":"product_cat","embeddable":true,"href":"https:\/\/alfaomega.tv\/librarie\/wp-json\/wp\/v2\/product_cat?post=35375"},{"taxonomy":"product_tag","embeddable":true,"href":"https:\/\/alfaomega.tv\/librarie\/wp-json\/wp\/v2\/product_tag?post=35375"}],"curies":[{"name":"wp","href":"https:\/\/api.w.org\/{rel}","templated":true}]}}