{"id":35377,"date":"2025-08-29T12:56:11","date_gmt":"2025-08-29T12:56:11","guid":{"rendered":"https:\/\/alfaomega.tv\/librarie\/?post_type=product&#038;p=35377"},"modified":"2025-09-02T07:31:29","modified_gmt":"2025-09-02T07:31:29","slug":"vremea-biruintei","status":"publish","type":"product","link":"https:\/\/alfaomega.tv\/librarie\/produse\/intelegerea-vremurilor-israel\/vremea-biruintei\/","title":{"rendered":"Vremea biruin\u0163ei"},"content":{"rendered":"<p>Tu e\u0219ti parte din planul lui Dumnezeu pentru zilele care ne stau \u00een fa\u021b\u0103.<\/p>\n<p>Ridic\u0103-te \u0219i al\u0103tur\u0103-te \u00een lupt\u0103! Tr\u0103im una dintre cele mai violente, haotice \u0219i permisive perioade ale istoriei \u2013 \u0219i cu fiecare an \u00eentunericul se extinde tot mai mult. Ce putem face noi \u00een fa\u021ba unui r\u0103u at\u00e2t de cople\u0219itor?<\/p>\n<p>\u00cen aceast\u0103 carte practic\u0103 \u0219i plin\u0103 de putere a lui Chuck Pierce \u2013 unul dintre cei mai exac\u021bi profe\u021bi care slujesc azi \u2013 ni se arat\u0103 cum putem fi parte din armata \u00cemp\u0103r\u0103\u021biei lui Dumnezeu \u0219i ni se identific\u0103 armele supranaturale care ne sunt la \u00eendem\u00e2n\u0103. Oferindu-ne o lic\u0103rire a ceea ce ne st\u0103 \u00een fa\u021b\u0103, \u00een special \u00een perioada anilor 2016 \u2013 2026, Chuck Pierce explic\u0103:<\/p>\n<p>&#8211; cum se aliniaz\u0103 sistemul Anticristului cu structurile guvernamentale existente<\/p>\n<p>&#8211; rolul crucial al Israelului, Chinei \u0219i Rusiei \u00een contextul evenimentelor mondiale \u0219i al sf\u00e2r\u0219itului vremurilor<\/p>\n<p>&#8211; \u00eemplinirea profe\u021biilor ce au leg\u0103tur\u0103 cu luna s\u00e2ngerie<\/p>\n<p>&#8211; seceri\u0219ul urm\u0103tor ce va avea loc \u00een cadrul Bisericii<\/p>\n<p>&#8211; \u0219i multe altele!<\/p>\n<p>Multe \u00eemp\u0103r\u0103\u021bii rivalizeaz\u0103 unele cu altele pentru a conduce. Ca credincio\u0219i \u00een Isus Hristos, trebuie s\u0103 r\u0103m\u00e2nem tari \u0219i s\u0103 fim \u00een cuno\u0219tin\u021b\u0103 de for\u021bele spirituale cu care avem de-a face. R\u0103zboiul se va intensifica; copiilor lui Dumnezeu, li se preg\u0103te\u0219te \u00eens\u0103 acum ce este mai bun. Ne putem bucura de pace \u00een mijlocul confuziei \u0219i putem fi parte din planul de r\u0103scump\u0103rare al lui Dumnezeu pentru lume.<\/p>\n<p>Deasupra tuturor acestor lucruri, pe drumul nou ce se deschide, noi vom putea \u00eenainta \u00een ciuda faptului c\u0103 este un drum nesigur. Domnul va turna slava Sa peste cei care nu L-au experimentat niciodat\u0103 p\u00e2n\u0103 acum. Este vremea s\u0103 lupt\u0103m cum nu am mai f\u0103cut-o p\u00e2n\u0103 acum \u2013 pentru ca \u00cemp\u0103r\u0103\u021bia lui Dumnezeu s\u0103 biruiasc\u0103!<\/p>\n<p>Chuck D. Pierce \u2013 cunoscut pentru darul s\u0103u profetic clar, este pre\u0219edinte al Glory of Zion International Ministries \u0219i al Global Spheres, Inc. din Corint, Texas. El \u0219i so\u021bia lui, Pam, au \u0219ase copii \u0219i mul\u021bi nepo\u021bi.<\/p>\n<\/p>\n<p>Numar de pagini: 239<\/p>\n","protected":false},"excerpt":{"rendered":"<p>\u00cen aceast\u0103 carte practic\u0103 \u0219i plin\u0103 de putere a lui Chuck Pierce ni se arat\u0103 cum putem fi parte din armata \u00cemp\u0103r\u0103\u021biei lui Dumnezeu \u0219i ni se identific\u0103 armele supranaturale care ne sunt la \u00eendem\u00e2n\u0103.<\/p>\n","protected":false},"featured_media":6953,"template":"","meta":{"_acf_changed":false},"product_brand":[],"product_cat":[24],"product_tag":[],"class_list":{"0":"post-35377","1":"product","2":"type-product","3":"status-publish","4":"has-post-thumbnail","6":"product_cat-intelegerea-vremurilor-israel","7":"pa_autori-chuck-d-pierce","8":"pa_format-carte-tiparita","9":"pa_format-carte-electronica","11":"first","12":"instock","13":"shipping-taxable","14":"purchasable","15":"product-type-variable"},"acf":[],"_links":{"self":[{"href":"https:\/\/alfaomega.tv\/librarie\/wp-json\/wp\/v2\/product\/35377","targetHints":{"allow":["GET"]}}],"collection":[{"href":"https:\/\/alfaomega.tv\/librarie\/wp-json\/wp\/v2\/product"}],"about":[{"href":"https:\/\/alfaomega.tv\/librarie\/wp-json\/wp\/v2\/types\/product"}],"wp:featuredmedia":[{"embeddable":true,"href":"https:\/\/alfaomega.tv\/librarie\/wp-json\/wp\/v2\/media\/6953"}],"wp:attachment":[{"href":"https:\/\/alfaomega.tv\/librarie\/wp-json\/wp\/v2\/media?parent=35377"}],"wp:term":[{"taxonomy":"product_brand","embeddable":true,"href":"https:\/\/alfaomega.tv\/librarie\/wp-json\/wp\/v2\/product_brand?post=35377"},{"taxonomy":"product_cat","embeddable":true,"href":"https:\/\/alfaomega.tv\/librarie\/wp-json\/wp\/v2\/product_cat?post=35377"},{"taxonomy":"product_tag","embeddable":true,"href":"https:\/\/alfaomega.tv\/librarie\/wp-json\/wp\/v2\/product_tag?post=35377"}],"curies":[{"name":"wp","href":"https:\/\/api.w.org\/{rel}","templated":true}]}}