{"id":35381,"date":"2025-08-29T12:56:20","date_gmt":"2025-08-29T12:56:20","guid":{"rendered":"https:\/\/alfaomega.tv\/librarie\/?post_type=product&#038;p=35381"},"modified":"2026-01-28T08:48:25","modified_gmt":"2026-01-28T08:48:25","slug":"campul-de-batalie-al-mintii","status":"publish","type":"product","link":"https:\/\/alfaomega.tv\/librarie\/produse\/slujind-trupul-lui-hristos\/campul-de-batalie-al-mintii\/","title":{"rendered":"C\u00e2mpul de b\u0103t\u0103lie al min\u021bii"},"content":{"rendered":"<h2 lang=\"ro-RO\">Se d\u0103 un r\u0103zboi, iar mintea ta este c\u00e2mpul de b\u0103t\u0103lie. Vestea cea bun\u0103 este c\u0103 Dumnezeu lupt\u0103 de partea ta!<\/h2>\n<p lang=\"ro-RO\">Grijile, \u00eendoiala, confuzia, depresia, m\u00e2nia \u0219i sentimentele de condamnare&#8230; toate acestea sunt atacuri la nivelul min\u021bii. Nu-\u021bi pierde speran\u021ba dac\u0103 ai g\u00e2nduri negative! Joyce Meyer a ajutat milioane de oameni s\u0103 c\u00e2\u0219tige aceste b\u0103t\u0103lii importante, \u0219i te poate ajuta \u0219i pe tine.<\/p>\n<p lang=\"ro-RO\">\u00cen cea mai v\u00e2ndut\u0103 carte a ei, \u00eendr\u0103gita autoare \u00ee\u021bi arat\u0103 cum s\u0103 \u00ee\u021bi schimbi via\u021ba schimb\u00e2ndu-\u021bi g\u00e2ndurile. Ea te \u00eenva\u021b\u0103 cum s\u0103 faci fa\u021b\u0103 miilor de g\u00e2nduri pe care le ai \u00een fiecare zi \u0219i cum s\u0103 \u00ee\u021bi faci mintea s\u0103 g\u00e2ndeasc\u0103 cum g\u00e2nde\u0219te Dumnezeu. Ea \u00eemp\u0103rt\u0103\u0219e\u0219te \u00eencerc\u0103rile, tragediile \u0219i victoriile supreme din c\u0103snicia, familia \u0219i lucrarea ei care au condus-o la adev\u0103rul care i-a transformat via\u021ba \u2013 iar la fiecare pas \u00ee\u0219i expune g\u00e2ndurile \u0219i sentimentele ei.<\/p>\n<p lang=\"ro-RO\">Acum e r\u00e2ndul t\u0103u:<\/p>\n<ul>\n<li lang=\"ro-RO\">S\u0103 preiei controlul min\u021bii tale \u0219i s\u0103 g\u0103se\u0219ti libertatea \u0219i pace<\/li>\n<li lang=\"ro-RO\">S\u0103 recuno\u0219ti g\u00e2ndurile distructive \u0219i s\u0103 le \u00eempiedici s\u0103-\u021bi influen\u021beze via\u021ba<\/li>\n<li lang=\"ro-RO\">S\u0103 ai r\u0103bdare cu tine \u00eensu\u021bi c\u00e2nd gre\u0219e\u0219ti<\/li>\n<li lang=\"ro-RO\">S\u0103 te \u00eenarmezi cu Cuv\u00e2tul lui Dumnezeu, cu lauda, rug\u0103ciunea \u0219i alte arme spirituale<\/li>\n<li><span lang=\"ro-RO\">S\u0103 dep\u0103\u0219e\u0219ti <\/span>\u201cpustia\u201d mintal\u0103 \u2013 atitudinile gre\u0219ite \u0219i scuzele pe care oamenii le folosesc \u0219i care \u00eei \u021bin departe de Dumnezeu \u2013 \u0219i s\u0103 g\u0103se\u0219ti fericirea \u0219i \u00eemplinirea la care n-ai fi visat vreodat\u0103<\/li>\n<\/ul>\n<p>Num\u0103r de pagini: 270<\/p>\n","protected":false},"excerpt":{"rendered":"<p>\u00cendr\u0103gita autoare \u00ee\u021bi arat\u0103 cum s\u0103 \u00ee\u021bi schimbi via\u021ba schimb\u00e2ndu-\u021bi g\u00e2ndurile. Ea te \u00eenva\u021b\u0103 cum s\u0103 faci fa\u021b\u0103 miilor de g\u00e2nduri pe care le ai \u00een fiecare zi \u0219i cum s\u0103 \u00ee\u021bi faci mintea s\u0103 g\u00e2ndeasc\u0103 cum g\u00e2nde\u0219te Dumnezeu.<\/p>\n","protected":false},"featured_media":6959,"template":"","meta":{"_acf_changed":false},"product_brand":[],"product_cat":[19],"product_tag":[],"class_list":{"0":"post-35381","1":"product","2":"type-product","3":"status-publish","4":"has-post-thumbnail","6":"product_cat-slujind-trupul-lui-hristos","7":"pa_autori-joyce-meyer","8":"pa_format-carte-tiparita","9":"pa_format-carte-electronica","11":"first","12":"instock","13":"shipping-taxable","14":"purchasable","15":"product-type-variable"},"acf":[],"_links":{"self":[{"href":"https:\/\/alfaomega.tv\/librarie\/wp-json\/wp\/v2\/product\/35381","targetHints":{"allow":["GET"]}}],"collection":[{"href":"https:\/\/alfaomega.tv\/librarie\/wp-json\/wp\/v2\/product"}],"about":[{"href":"https:\/\/alfaomega.tv\/librarie\/wp-json\/wp\/v2\/types\/product"}],"wp:featuredmedia":[{"embeddable":true,"href":"https:\/\/alfaomega.tv\/librarie\/wp-json\/wp\/v2\/media\/6959"}],"wp:attachment":[{"href":"https:\/\/alfaomega.tv\/librarie\/wp-json\/wp\/v2\/media?parent=35381"}],"wp:term":[{"taxonomy":"product_brand","embeddable":true,"href":"https:\/\/alfaomega.tv\/librarie\/wp-json\/wp\/v2\/product_brand?post=35381"},{"taxonomy":"product_cat","embeddable":true,"href":"https:\/\/alfaomega.tv\/librarie\/wp-json\/wp\/v2\/product_cat?post=35381"},{"taxonomy":"product_tag","embeddable":true,"href":"https:\/\/alfaomega.tv\/librarie\/wp-json\/wp\/v2\/product_tag?post=35381"}],"curies":[{"name":"wp","href":"https:\/\/api.w.org\/{rel}","templated":true}]}}