{"id":35385,"date":"2025-08-29T12:56:21","date_gmt":"2025-08-29T12:56:21","guid":{"rendered":"https:\/\/alfaomega.tv\/librarie\/?post_type=product&#038;p=35385"},"modified":"2025-11-04T13:33:53","modified_gmt":"2025-11-04T13:33:53","slug":"poftele","status":"publish","type":"product","link":"https:\/\/alfaomega.tv\/librarie\/produse\/restaurare-vindecare-eliberare\/poftele\/","title":{"rendered":"Poftele"},"content":{"rendered":"<h2>POFTELE<\/h2>\n<h2>De ce fac ceea ce nu vreau sa fac?<\/h2>\n<p>Oare echilibrul, auto-controlul, disciplina, dietele sau o m\u0103sur\u0103 mai mare de credin\u021b\u0103 pot controla poftele care par s\u0103-mi conduc\u0103 via\u021ba? Cu to\u021bii \u0219tim ce sunt poftele, indiferent c\u0103 este vorba despre m\u00e2ncare, consum de substan\u021be, rela\u021bii sau obiceiuri. Pofta se define\u0219te ca o dorin\u021b\u0103 puternic\u0103 de a avea ceva, de a porunci, de a for\u021ba, prin \u00een\u0219el\u0103ciune. Suntem cu inima \u00eemp\u0103r\u021bit\u0103 \u00eentre indulgen\u021b\u0103 de sine \u0219i autocontrol \u0219i de multe ori ne tr\u0103im via\u021ba \u00eencerc\u00e2nd s\u0103 ne l\u0103s\u0103m de ceva la care aparent nu putem renun\u021ba.<\/p>\n<p>Libertatea fa\u021b\u0103 de e\u0219ecul \u0219i disfunc\u021bionalitatea induse de dependen\u021be \u00eencepe din locul cunoa\u0219terii adev\u0103rului referitor la \u201ecine suntem\u201d.\u00a0Aceast\u0103 carte ne conduce \u00een contextul mai profund al r\u0103zboiului spiritual, dincolo de stratul de suprafa\u021b\u0103 al dependen\u021belor, al strategiilor tipice care presupun \u201es\u0103 faci mai mult\u201d \u0219i al metodelor de ajutorare personal\u0103 care presupun s\u0103 \u201ete str\u0103duie\u0219ti mai tare\u201d. Ea expune minciunile pe care le credem \u0219i modul de operare al program\u0103rii demonice care ne controleaz\u0103 sufletele. Cartea ne ofer\u0103 o privire biblic\u0103, \u00een ad\u00e2ncime, asupra luptei spirituale care se d\u0103 \u00een noi \u0219i care face ca eliberarea s\u0103 fie o parte real\u0103 a vindec\u0103rii \u0219i restaur\u0103rii noastre.<\/p>\n<p><strong>Marjorie Cole,<\/strong> fondatoarea Life Recovery, a activat ca \u00eenv\u0103\u021b\u0103toare \u0219i consilier\u0103 \u00een domeniul consilierii \u0219i al vindec\u0103rii mai mult de 30 de ani. Ea a absolvit masteratul \u00een consiliere psihologic\u0103 \u0219i dependen\u021be chimice. Fiind un \u00eenv\u0103\u021b\u0103tor excelent al Bibliei \u0219i vorbitor \u00een cadrul multor conferin\u021be, ea a c\u0103l\u0103torit at\u00e2t pe plan na\u021bional, c\u00e2t \u0219i interna\u021bional \u0219i a ajutat mii de oameni s\u0103 aplice principii scripturale \u00een via\u021ba lor, conduc\u00e2ndu-i la adev\u0103r \u0219i la adev\u0103rata eliberare \u00een Hristos.<\/p>\n<p>Num\u0103r de pagini: 215<\/p>\n","protected":false},"excerpt":{"rendered":"<p>Cartea ne ofer\u0103 o privire biblic\u0103, \u00een ad\u00e2ncime, asupra luptei spirituale care se d\u0103 \u00een noi \u0219i care face ca eliberarea s\u0103 fie o parte real\u0103 a vindec\u0103rii \u0219i restaur\u0103rii noastre.<\/p>\n","protected":false},"featured_media":6963,"template":"","meta":{"_acf_changed":false},"product_brand":[],"product_cat":[25],"product_tag":[],"class_list":{"0":"post-35385","1":"product","2":"type-product","3":"status-publish","4":"has-post-thumbnail","6":"product_cat-restaurare-vindecare-eliberare","7":"pa_autori-marjorie-cole","8":"pa_format-carte-tiparita","9":"pa_format-carte-electronica","11":"first","12":"instock","13":"shipping-taxable","14":"purchasable","15":"product-type-variable"},"acf":[],"_links":{"self":[{"href":"https:\/\/alfaomega.tv\/librarie\/wp-json\/wp\/v2\/product\/35385","targetHints":{"allow":["GET"]}}],"collection":[{"href":"https:\/\/alfaomega.tv\/librarie\/wp-json\/wp\/v2\/product"}],"about":[{"href":"https:\/\/alfaomega.tv\/librarie\/wp-json\/wp\/v2\/types\/product"}],"wp:featuredmedia":[{"embeddable":true,"href":"https:\/\/alfaomega.tv\/librarie\/wp-json\/wp\/v2\/media\/6963"}],"wp:attachment":[{"href":"https:\/\/alfaomega.tv\/librarie\/wp-json\/wp\/v2\/media?parent=35385"}],"wp:term":[{"taxonomy":"product_brand","embeddable":true,"href":"https:\/\/alfaomega.tv\/librarie\/wp-json\/wp\/v2\/product_brand?post=35385"},{"taxonomy":"product_cat","embeddable":true,"href":"https:\/\/alfaomega.tv\/librarie\/wp-json\/wp\/v2\/product_cat?post=35385"},{"taxonomy":"product_tag","embeddable":true,"href":"https:\/\/alfaomega.tv\/librarie\/wp-json\/wp\/v2\/product_tag?post=35385"}],"curies":[{"name":"wp","href":"https:\/\/api.w.org\/{rel}","templated":true}]}}