{"id":35387,"date":"2025-08-29T12:56:21","date_gmt":"2025-08-29T12:56:21","guid":{"rendered":"https:\/\/alfaomega.tv\/librarie\/?post_type=product&#038;p=35387"},"modified":"2025-09-04T09:01:35","modified_gmt":"2025-09-04T09:01:35","slug":"darurile-tale-spirituale-iti-pot-ajuta-biserica-sa-creasca","status":"publish","type":"product","link":"https:\/\/alfaomega.tv\/librarie\/produse\/identitate-crestere-spirituala-revelatie\/darurile-tale-spirituale-iti-pot-ajuta-biserica-sa-creasca\/","title":{"rendered":"Darurile tale spirituale \u00ee\u021bi pot ajuta biserica s\u0103 creasc\u0103"},"content":{"rendered":"<h3>Descoper\u0103-\u021bi darurile spirituale  \u0219i folose\u0219te-le pentru a-i sluji pe  oamenii lui Dumnezeu<\/h3>\n<p>Dumnezeu are un plan \u0219i un scop pentru \u00cemp\u0103r\u0103\u021bia Lui aici pe p\u0103m\u00e2nt &#8211; \u0219i El a dat fiec\u0103rui credincios un set unic de daruri \u0219i unelte care s\u0103 ajute la \u00eemplinirea acestor planuri. Cum po\u021bi \u0219tii \u00eens\u0103 &#8211; \u0219i cum po\u021bi s\u0103-i aju\u021bi pe al\u021bii s\u0103 afle &#8211; care sunt darurile specifice pe care El le-a pus deoparte pentru tine? \u0218i cum le po\u021bi folosi la promovarea \u00cemp\u0103r\u0103\u021biei?<\/p>\n<p>De mai bine de patru decenii, aceast\u0103 carte de succes, o resurs\u0103 de \u00eencredere, a ajutat credincio\u0219ii din toate denomina\u021biunile s\u0103 descopere r\u0103spunsurile la aceste \u00eentreb\u0103ri \u0219i la multe altele. Folosind chestionarul inclus \u00een aceast\u0103 carte, at\u00e2t tu, c\u00e2t \u0219i cei din grupul t\u0103u ve\u021bi fi \u00een stare s\u0103 identifica\u021bi, \u00een primul r\u00e2nd, care dintre cele 28 de daruri le de\u021bine\u021bi. Aceast\u0103 carte te va purta mai apoi prin semnifica\u021bia fiec\u0103rui dar, cum func\u021bioneaz\u0103 fiecare \u0219i \u00ee\u021bi va prezenta cinci pa\u0219i simpli, care te vor ajuta pe tine \u0219i pe cei din grupul t\u0103u s\u0103 zidi\u021bi \u00cemp\u0103r\u0103\u021bia prin darurile voastre.<\/p>\n<p>Atunci c\u00e2nd tu \u0219i cei din grupul t\u0103u cunoa\u0219te\u021bi \u0219i \u00een\u021belege\u021bi darurile lui Dumnezeu care v-au fost date, ve\u021bi ajunge s\u0103 descoperi\u021bi c\u0103 ave\u021bi un scop \u0219i c\u0103 sunte\u021bi parteneri cu El pentru a v\u0103 ajuta biserica \u0219i comunitatea s\u0103 \u00eenfloreasc\u0103.<\/p>\n<p><strong>C. Peter Wagner<\/strong>, doctor \u00een filozofie, a fost licen\u021biat \u00een teologie, misiologie \u0219i religie \u00een cadrul Fuller Theological Seminary, Princeton Theological Seminary \u0219i University of Sothern California. A slujit timp de 16 ani pe c\u00e2mpul de misiune \u0219i a predat timp de 30 de ani la \u0219coala de studii interculturale din cadrul Fuller Seminary. Autor a 70 de c\u0103r\u021bi, Wagner a slujit at\u00e2t celor din \u021bar\u0103, c\u00e2t \u0219i celor din str\u0103in\u0103tate.<\/p>\n<\/p>\n<p>Num\u0103r de pagini: 291<\/p>\n","protected":false},"excerpt":{"rendered":"<p>Dumnezeu are un plan \u0219i un scop pentru \u00cemp\u0103r\u0103\u021bia Lui aici pe p\u0103m\u00e2nt &#8211; \u0219i El a dat fiec\u0103rui credincios un set unic de daruri \u0219i unelte care s\u0103 ajute la \u00eemplinirea acestor planuri. Cum po\u021bi \u0219tii \u00eens\u0103 &#8211; \u0219i cum po\u021bi s\u0103-i aju\u021bi pe al\u021bii s\u0103 afle &#8211; care sunt darurile specifice pe care El le-a pus deoparte pentru tine? \u0218i cum le po\u021bi folosi la promovarea \u00cemp\u0103r\u0103\u021biei?<\/p>\n","protected":false},"featured_media":6965,"template":"","meta":{"_acf_changed":false},"product_brand":[],"product_cat":[21],"product_tag":[],"class_list":{"0":"post-35387","1":"product","2":"type-product","3":"status-publish","4":"has-post-thumbnail","6":"product_cat-identitate-crestere-spirituala-revelatie","7":"pa_autori-c-peter-wagner","8":"pa_format-carte-tiparita","10":"first","11":"instock","12":"shipping-taxable","13":"purchasable","14":"product-type-variable","15":"has-default-attributes"},"acf":[],"_links":{"self":[{"href":"https:\/\/alfaomega.tv\/librarie\/wp-json\/wp\/v2\/product\/35387","targetHints":{"allow":["GET"]}}],"collection":[{"href":"https:\/\/alfaomega.tv\/librarie\/wp-json\/wp\/v2\/product"}],"about":[{"href":"https:\/\/alfaomega.tv\/librarie\/wp-json\/wp\/v2\/types\/product"}],"wp:featuredmedia":[{"embeddable":true,"href":"https:\/\/alfaomega.tv\/librarie\/wp-json\/wp\/v2\/media\/6965"}],"wp:attachment":[{"href":"https:\/\/alfaomega.tv\/librarie\/wp-json\/wp\/v2\/media?parent=35387"}],"wp:term":[{"taxonomy":"product_brand","embeddable":true,"href":"https:\/\/alfaomega.tv\/librarie\/wp-json\/wp\/v2\/product_brand?post=35387"},{"taxonomy":"product_cat","embeddable":true,"href":"https:\/\/alfaomega.tv\/librarie\/wp-json\/wp\/v2\/product_cat?post=35387"},{"taxonomy":"product_tag","embeddable":true,"href":"https:\/\/alfaomega.tv\/librarie\/wp-json\/wp\/v2\/product_tag?post=35387"}],"curies":[{"name":"wp","href":"https:\/\/api.w.org\/{rel}","templated":true}]}}