{"id":35389,"date":"2025-08-29T12:56:21","date_gmt":"2025-08-29T12:56:21","guid":{"rendered":"https:\/\/alfaomega.tv\/librarie\/?post_type=product&#038;p=35389"},"modified":"2025-08-29T12:56:31","modified_gmt":"2025-08-29T12:56:31","slug":"slava-lui-dumnezeu-in-rugaciune","status":"publish","type":"product","link":"https:\/\/alfaomega.tv\/librarie\/produse\/rugaciune-mijlocire\/slava-lui-dumnezeu-in-rugaciune\/","title":{"rendered":"Slava lui Dumnezeu \u00een rug\u0103ciune"},"content":{"rendered":"<p>Ron Brown este directorul executiv al Organiza\u021biei Teen Challenge din sudul Californiei, o organiza\u021bie care ofer\u0103 programe cuprinz\u0103toare de evanghelizare \u0219i de prevenire pentru tinerii ora\u0219ului afla\u021bi \u00een zone de risc.<\/p>\n<p>Seminarul &#8222;Slava lui Dumnezeu \u00een rug\u0103ciune&#8221; ofer\u0103 \u00eenv\u0103\u021b\u0103tur\u0103 din Cuv\u00e2ntul lui Dumnezeu despre ce valoare \u0219i putere are rug\u0103ciunea credinciosului.<\/p>\n<\/p>\n<p>Num\u0103r de pagini: <\/p>\n","protected":false},"excerpt":{"rendered":"<p>&#8222;Slava lui Dumnezeu \u00een rug\u0103ciune&#8221; ofer\u0103 \u00eenv\u0103\u021b\u0103tur\u0103 din Cuv\u00e2ntul lui Dumnezeu despre ce valoare \u0219i putere are rug\u0103ciunea credinciosului.<\/p>\n","protected":false},"featured_media":6967,"template":"","meta":{"_acf_changed":false},"product_brand":[],"product_cat":[22],"product_tag":[],"class_list":{"0":"post-35389","1":"product","2":"type-product","3":"status-publish","4":"has-post-thumbnail","6":"product_cat-rugaciune-mijlocire","7":"pa_autori-ron-brown","8":"pa_format-carte-tiparita","10":"first","11":"instock","12":"shipping-taxable","13":"purchasable","14":"product-type-variable","15":"has-default-attributes"},"acf":[],"_links":{"self":[{"href":"https:\/\/alfaomega.tv\/librarie\/wp-json\/wp\/v2\/product\/35389","targetHints":{"allow":["GET"]}}],"collection":[{"href":"https:\/\/alfaomega.tv\/librarie\/wp-json\/wp\/v2\/product"}],"about":[{"href":"https:\/\/alfaomega.tv\/librarie\/wp-json\/wp\/v2\/types\/product"}],"wp:featuredmedia":[{"embeddable":true,"href":"https:\/\/alfaomega.tv\/librarie\/wp-json\/wp\/v2\/media\/6967"}],"wp:attachment":[{"href":"https:\/\/alfaomega.tv\/librarie\/wp-json\/wp\/v2\/media?parent=35389"}],"wp:term":[{"taxonomy":"product_brand","embeddable":true,"href":"https:\/\/alfaomega.tv\/librarie\/wp-json\/wp\/v2\/product_brand?post=35389"},{"taxonomy":"product_cat","embeddable":true,"href":"https:\/\/alfaomega.tv\/librarie\/wp-json\/wp\/v2\/product_cat?post=35389"},{"taxonomy":"product_tag","embeddable":true,"href":"https:\/\/alfaomega.tv\/librarie\/wp-json\/wp\/v2\/product_tag?post=35389"}],"curies":[{"name":"wp","href":"https:\/\/api.w.org\/{rel}","templated":true}]}}