{"id":35393,"date":"2025-08-29T12:56:21","date_gmt":"2025-08-29T12:56:21","guid":{"rendered":"https:\/\/alfaomega.tv\/librarie\/?post_type=product&#038;p=35393"},"modified":"2025-11-07T14:00:56","modified_gmt":"2025-11-07T14:00:56","slug":"de-ce-israel-varianta-prescurtata","status":"publish","type":"product","link":"https:\/\/alfaomega.tv\/librarie\/produse\/intelegerea-vremurilor-israel\/de-ce-israel-varianta-prescurtata\/","title":{"rendered":"De ce Israel? &#8211; Varianta prescurtat\u0103"},"content":{"rendered":"<p class=\"p1\">Aceast\u0103 carte exploreaz\u0103 semnifica\u021bia biblic\u0103 a Israelului \u0219i a poporului evreu\u00a0pentru cre\u0219tinii de ast\u0103zi. Abordeaz\u0103, de asemenea, conceptele teologiei \u00eenlocuirii,\u00a0ale alegerii \u0219i leg\u0103mintelor, \u0219i arat\u0103 faptul c\u0103 Biblia sus\u021bine \u00eentoarcerea evreilor \u00een\u00a0\u021bara lor. Biserica este provocat\u0103 s\u0103 accepte \u0219i s\u0103 binecuv\u00e2nteze poporul evreu \u0219i\u00a0na\u021biunea Israel.<\/p>\n<p class=\"p1\">Cartea este scris\u0103 \u00eentr-un stil simplu \u0219i este u\u0219or de folosit pentru studiu\u00a0personal sau pentru grupurile de studiu biblic.<\/p>\n<p>&nbsp;<\/p>\n","protected":false},"excerpt":{"rendered":"<p>Aceast\u0103 carte exploreaz\u0103 semnifica\u021bia biblic\u0103 a Israelului \u0219i a poporului evreu pentru cre\u0219tinii de ast\u0103zi.<\/p>\n","protected":false},"featured_media":6971,"template":"","meta":{"_acf_changed":false},"product_brand":[],"product_cat":[24],"product_tag":[],"class_list":{"0":"post-35393","1":"product","2":"type-product","3":"status-publish","4":"has-post-thumbnail","6":"product_cat-intelegerea-vremurilor-israel","7":"pa_autori-willem-j-j-glashouwer","8":"pa_format-carte-tiparita","9":"pa_format-carte-electronica","11":"first","12":"instock","13":"shipping-taxable","14":"purchasable","15":"product-type-variable"},"acf":[],"_links":{"self":[{"href":"https:\/\/alfaomega.tv\/librarie\/wp-json\/wp\/v2\/product\/35393","targetHints":{"allow":["GET"]}}],"collection":[{"href":"https:\/\/alfaomega.tv\/librarie\/wp-json\/wp\/v2\/product"}],"about":[{"href":"https:\/\/alfaomega.tv\/librarie\/wp-json\/wp\/v2\/types\/product"}],"wp:featuredmedia":[{"embeddable":true,"href":"https:\/\/alfaomega.tv\/librarie\/wp-json\/wp\/v2\/media\/6971"}],"wp:attachment":[{"href":"https:\/\/alfaomega.tv\/librarie\/wp-json\/wp\/v2\/media?parent=35393"}],"wp:term":[{"taxonomy":"product_brand","embeddable":true,"href":"https:\/\/alfaomega.tv\/librarie\/wp-json\/wp\/v2\/product_brand?post=35393"},{"taxonomy":"product_cat","embeddable":true,"href":"https:\/\/alfaomega.tv\/librarie\/wp-json\/wp\/v2\/product_cat?post=35393"},{"taxonomy":"product_tag","embeddable":true,"href":"https:\/\/alfaomega.tv\/librarie\/wp-json\/wp\/v2\/product_tag?post=35393"}],"curies":[{"name":"wp","href":"https:\/\/api.w.org\/{rel}","templated":true}]}}