{"id":35401,"date":"2025-08-29T12:56:22","date_gmt":"2025-08-29T12:56:22","guid":{"rendered":"https:\/\/alfaomega.tv\/librarie\/?post_type=product&#038;p=35401"},"modified":"2026-02-10T08:44:16","modified_gmt":"2026-02-10T08:44:16","slug":"vise-si-vedenii","status":"publish","type":"product","link":"https:\/\/alfaomega.tv\/librarie\/produse\/identitate-crestere-spirituala-revelatie\/vise-si-vedenii\/","title":{"rendered":"Vise \u0219i vedenii"},"content":{"rendered":"<h2>Vorbe\u0219te Dumnezeu cu adev\u0103rat prin vise \u0219i vedenii? Dumnezeu \u00ee\u021bi poate vorbi \u021bie? Cu siguran\u021b\u0103.<\/h2>\n<p>\u00cen aceast\u0103 edi\u021bie revizuit\u0103 \u0219i actualizat\u0103 a c\u0103r\u021bii ei inovatoare, autorul \u0219i pastorul Jane Hamon l\u0103mure\u0219te \u00een\u021belesurile scripturale ale viselor \u0219i vedeniilor, ajut\u00e2ndu-te s\u0103 discerni c\u00e2nd un vis este o \u00eendrumare profetic\u0103 pentru via\u021ba ta \u2013 \u0219i ce trebuie s\u0103 faci cu privire la el. Acest ghid practic \u0219i concis te va \u00eendruma prin texte biblice, clarific\u00e2nd limbajul viselor \u0219i vedeniilor pentru a putea comunica cu Dumnezeu \u00eentr-un mod nou, important.<\/p>\n<h2>Glasul Domnului vorbe\u0219te. Nu \u00eel rata.<\/h2>\n<p>\u00cenva\u021b\u0103 s\u0103 \u00een\u021belegi \u0219i s\u0103 interpretezi mesajele lui Dumnezeu pentru tine, pentru a putea tr\u0103i \u00een abunden\u021ba scopurilor Lui pentru via\u021ba ta!<\/p>\n<p>\u201eAm citit \u0219i am predat multe materiale legate de subiectul biblic vise \u0219i vedenii. \u00cen toate cercet\u0103rile mele am descoperit c\u0103 aceast\u0103 carte, \u201eVise \u0219i Vedenii\u201d, este una dintre cele mai bune c\u0103r\u021bi scrise, de mare profunzime \u0219i totu\u0219i u\u0219or de \u00een\u021beles \u0219i de aplicat. Este bucuria mea s\u0103 laud scrierea, via\u021ba \u0219i slujirea acestei femei plin\u0103 de excelen\u021b\u0103 a lui Dumnezeu.\u201d James W. Goll, Fondator Encounters Network,  Prayer Storm \u0219i GET eSchool; autor bestseller international.<\/p>\n<p>\u201eAceast\u0103 carte este practic\u0103, complet\u0103 \u0219i relevant\u0103. \u00cemi place aceast\u0103 carte \u0219i o iubesc pe Jane Hamon.\u201d Barbara J. Yoder, apostol la Shekinah Regional Apostolic Center<\/p>\n<p>Jane Hamon este un \u00eenv\u0103\u021b\u0103tor elocvent, un povestitor \u0219i autoarea c\u00e2torva c\u0103r\u021bi. Este lider senior al Vision Church la Christian International din Santa Rosa Beach, Florida, \u00eempreun\u0103 cu so\u021bul ei, Tom. Au trei copii \u0219i un num\u0103r tot mai mare de nepo\u021bi.<\/p>\n<\/p>\n<p>Numar de pagini: 185<\/p>\n","protected":false},"excerpt":{"rendered":"<p>Jane Hamon l\u0103mure\u0219te \u00een\u021belesurile scripturale ale viselor \u0219i vedeniilor, ajut\u00e2ndu-te s\u0103 discerni c\u00e2nd un vis este o \u00eendrumare profetic\u0103 pentru via\u021ba ta \u2013 \u0219i ce trebuie s\u0103 faci cu privire la el.<\/p>\n","protected":false},"featured_media":6979,"template":"","meta":{"_acf_changed":false},"product_brand":[],"product_cat":[21],"product_tag":[],"class_list":{"0":"post-35401","1":"product","2":"type-product","3":"status-publish","4":"has-post-thumbnail","6":"product_cat-identitate-crestere-spirituala-revelatie","7":"pa_autori-jane-hamon","8":"pa_format-carte-tiparita","9":"pa_format-carte-electronica","11":"first","12":"instock","13":"shipping-taxable","14":"purchasable","15":"product-type-variable"},"acf":[],"_links":{"self":[{"href":"https:\/\/alfaomega.tv\/librarie\/wp-json\/wp\/v2\/product\/35401","targetHints":{"allow":["GET"]}}],"collection":[{"href":"https:\/\/alfaomega.tv\/librarie\/wp-json\/wp\/v2\/product"}],"about":[{"href":"https:\/\/alfaomega.tv\/librarie\/wp-json\/wp\/v2\/types\/product"}],"wp:featuredmedia":[{"embeddable":true,"href":"https:\/\/alfaomega.tv\/librarie\/wp-json\/wp\/v2\/media\/6979"}],"wp:attachment":[{"href":"https:\/\/alfaomega.tv\/librarie\/wp-json\/wp\/v2\/media?parent=35401"}],"wp:term":[{"taxonomy":"product_brand","embeddable":true,"href":"https:\/\/alfaomega.tv\/librarie\/wp-json\/wp\/v2\/product_brand?post=35401"},{"taxonomy":"product_cat","embeddable":true,"href":"https:\/\/alfaomega.tv\/librarie\/wp-json\/wp\/v2\/product_cat?post=35401"},{"taxonomy":"product_tag","embeddable":true,"href":"https:\/\/alfaomega.tv\/librarie\/wp-json\/wp\/v2\/product_tag?post=35401"}],"curies":[{"name":"wp","href":"https:\/\/api.w.org\/{rel}","templated":true}]}}