{"id":35403,"date":"2025-08-29T12:56:22","date_gmt":"2025-08-29T12:56:22","guid":{"rendered":"https:\/\/alfaomega.tv\/librarie\/?post_type=product&#038;p=35403"},"modified":"2026-02-23T10:11:42","modified_gmt":"2026-02-23T10:11:42","slug":"fii-vindecat-si-ramai-vindecat","status":"publish","type":"product","link":"https:\/\/alfaomega.tv\/librarie\/produse\/restaurare-vindecare-eliberare\/fii-vindecat-si-ramai-vindecat\/","title":{"rendered":"Fii vindecat \u0219i r\u0103m\u00e2i vindecat"},"content":{"rendered":"<h3>Dac\u0103 nu este nimic mai puternic dec\u00e2t puterea crucii, de ce unii oameni nu sunt vindeca\u021bi \u2013 chiar \u0219i dup\u0103 rug\u0103ciune? Iar dac\u0103 Dumnezeu dore\u0219te vindecare pentru copiii S\u0103i, de ce nu r\u0103m\u00e2n vindeca\u021bi pentru totdeauna cei care au fost vindeca\u021bi?<\/h3>\n<p>\u00cen aceast\u0103 carte relevant\u0103, Ed Rocha, lider interna\u021bional \u00een slujirea de vindecare, abordeaz\u0103 direct aceste adev\u0103ruri conflictuale. Vei explora principiile supranaturale ale \u00cemp\u0103r\u0103\u021biei lui Dumnezeu,citind pove\u0219ti fascinante de succes \u2013 \u0219i e\u0219ec. \u00cen fiecare capitol, \u00eempreun\u0103 cu instruc\u021biuni biblice solide, Rocha relateaz\u0103 m\u0103rturii inspirante \u0219i rug\u0103ciuni care \u00ee\u021bi vor cre\u0219te ungerea \u0219i credin\u021ba pentru vindecare \u0219i te va echipa pentru o slujire eficient\u0103 de vindecare. \u00cen rug\u0103ciunile tale poentru vindecare nu te mul\u021bumi cu frustrarea \u0219i e\u0219ecul. \u00cenva\u021b\u0103 s\u0103 parteneriezi \u0219i s\u0103 te antrenezi cu Dumnezeul care iube\u0219te s\u0103 vindece \u2013 \u0219i dore\u0219te s\u0103 te implice \u0219i pe tine \u00een fapte miraculoase ale speran\u021bei.<\/p>\n<p>\u201eCite\u0219te aceast\u0103 carte cu a\u0219teptare, pentru c\u0103 autorul \u00ee\u021bi activeaz\u0103 credin\u021ba de a vedea \u00cemp\u0103r\u0103\u021bia lui Dumnezeu venind, a\u0219a cum a fost promis.\u201d Bill Johnson Pastor Senior, Bethel Church, Redding, California<\/p>\n<p>\u201eDac\u0103 dore\u0219ti s\u0103 vezi vindec\u0103ri, semne \u0219i minuni, \u00ee\u021bi recomand cu mare \u00eencredere s\u0103 cite\u0219ti cartea de la \u00eenceput p\u00e2n\u0103 la sf\u00e2r\u0219it.\u201d Georgian Banov, Pre\u0219edinte \u0219i Co-Fondator, Global Celebration<\/p>\n<p>\u201eRecomand aceast\u0103 carte cu mare \u00eencredere. Oricine cite\u0219te aceast\u0103 carte se va sim\u021bi inspirat \u0219i \u00eencurajat s\u0103 vindece bolnavii.\u201d Dr. Tom Jones, Director Executiv, Global Awakening Ministries<\/p>\n<\/p>\n<p>Ed Rocha a absolvit Institutul Biblic Interna\u021bional din Londra, unde \u00ee\u0219i continu\u0103 studiile de masterat \u00een teologie. Transferul direct primit de Ed pentru slujirea de vindecare l-a lansat \u00een domeniul \u00eenv\u0103\u021b\u0103turii \u0219i predic\u0103rii peste tot \u00een lume, unde a v\u0103zut \u00eent\u00e2mpl\u00e2ndu-se miracole dramatice. El \u0219i so\u021bia lui, Dani, \u00ee\u0219i impart timpul \u00eentre Statele Unite \u0219i Rio de Janeiro, Brazilia, unde planteaz\u0103 o biseric\u0103 \u00eempreun\u0103 cu re\u021beaua Global Awakening.<\/p>\n<\/p>\n<p>Numar de pagini: 167<\/p>\n","protected":false},"excerpt":{"rendered":"<p>\u00cen aceast\u0103 carte relevant\u0103, Ed Rocha, lider interna\u021bional \u00een slujirea de vindecare, abordeaz\u0103 direct aceste adev\u0103ruri conflictuale. Vei explora principiile supranaturale ale \u00cemp\u0103r\u0103\u021biei lui Dumnezeu,citind pove\u0219ti fascinante de succes \u2013 \u0219i e\u0219ec.<\/p>\n","protected":false},"featured_media":6981,"template":"","meta":{"_acf_changed":false},"product_brand":[],"product_cat":[25],"product_tag":[],"class_list":{"0":"post-35403","1":"product","2":"type-product","3":"status-publish","4":"has-post-thumbnail","6":"product_cat-restaurare-vindecare-eliberare","7":"pa_autori-ed-rocha","8":"pa_format-carte-tiparita","9":"pa_format-carte-electronica","11":"first","12":"instock","13":"shipping-taxable","14":"purchasable","15":"product-type-variable"},"acf":[],"_links":{"self":[{"href":"https:\/\/alfaomega.tv\/librarie\/wp-json\/wp\/v2\/product\/35403","targetHints":{"allow":["GET"]}}],"collection":[{"href":"https:\/\/alfaomega.tv\/librarie\/wp-json\/wp\/v2\/product"}],"about":[{"href":"https:\/\/alfaomega.tv\/librarie\/wp-json\/wp\/v2\/types\/product"}],"wp:featuredmedia":[{"embeddable":true,"href":"https:\/\/alfaomega.tv\/librarie\/wp-json\/wp\/v2\/media\/6981"}],"wp:attachment":[{"href":"https:\/\/alfaomega.tv\/librarie\/wp-json\/wp\/v2\/media?parent=35403"}],"wp:term":[{"taxonomy":"product_brand","embeddable":true,"href":"https:\/\/alfaomega.tv\/librarie\/wp-json\/wp\/v2\/product_brand?post=35403"},{"taxonomy":"product_cat","embeddable":true,"href":"https:\/\/alfaomega.tv\/librarie\/wp-json\/wp\/v2\/product_cat?post=35403"},{"taxonomy":"product_tag","embeddable":true,"href":"https:\/\/alfaomega.tv\/librarie\/wp-json\/wp\/v2\/product_tag?post=35403"}],"curies":[{"name":"wp","href":"https:\/\/api.w.org\/{rel}","templated":true}]}}