{"id":35407,"date":"2025-08-29T12:56:23","date_gmt":"2025-08-29T12:56:23","guid":{"rendered":"https:\/\/alfaomega.tv\/librarie\/?post_type=product&#038;p=35407"},"modified":"2025-09-30T11:55:34","modified_gmt":"2025-09-30T11:55:34","slug":"femeile-arma-secreta-a-lui-dumnezeu","status":"publish","type":"product","link":"https:\/\/alfaomega.tv\/librarie\/produse\/crestinul-si-societatea\/femeile-arma-secreta-a-lui-dumnezeu\/","title":{"rendered":"Femeile: Arma secret\u0103 a lui Dumnezeu"},"content":{"rendered":"<h2>R\u0103spunde chem\u0103rii lui Dumnezeu \u0219i intr\u0103 \u00een destinul t\u0103u<\/h2>\n<p>Ce rol sunt chemate femeile s\u0103 joace \u00een planurile \u00cemp\u0103r\u0103\u021biei lui Dumnezeu? \u00cen cartea Femeile: Arma secret\u0103 a lui Dumnezeu, Ed Silvoso v\u0103 invit\u0103 s\u0103 v\u0103 \u00eentoarce\u021bi, \u00eempreun\u0103 cu el, \u00een Gr\u0103dina Eden pentru a descoperi acest rol. Prima b\u0103t\u0103lie a r\u0103zboiului spiritual al lumii s-a desf\u0103\u0219urat acolo: o confruntare \u00eentre femeie \u0219i diavolul. \u00cen urma acelei nefericite \u00eent\u00e2lniri, Dumnezeu a decretat c\u0103 femeia \u0219i s\u0103m\u00e2n\u021ba ei se va \u00eempotrivi diavolului pentru totdeauna!<\/p>\n<p>Aceast\u0103 nou\u0103 edi\u021bie a bestsellerului, care include \u0219i un nou ghid de studiu individual sau colectiv, este un strig\u0103t de unire pentru ca to\u021bi oamenii lui Dumnezeu s\u0103 se uneasc\u0103 \u00een acest r\u0103zboi \u00eempotriva adev\u0103ratului vr\u0103jma\u0219 al Bisericii: Satana. Dup\u0103 cum vei putea vedea, Dumnezeu le-a \u00eenzestrat pe femei s\u0103 fie adversare puternice ale diavolului \u0219i \u2013 Femeia: Arma secret\u0103 a lui Dumnezeu include unelte practice pentru a te echipa \u00een acest destin incredibil.<\/p>\n<p>Femeile au de jucat un rol unic, strategic \u0219i esen\u021bial \u00een distrugerea final\u0103 a lui Satana. Apuc\u0103 harul lui Dumnezeu \u0219i accept\u0103 autoritatea pe care El \u021bi-a dat-o. Pe m\u0103sur\u0103 ce femeile se ridic\u0103 \u00eempotriva vechiului lor vr\u0103jma\u0219, puterea invincibil\u0103 a Bisericii nedivizate va crea o cale pentru domnia ve\u0219nic\u0103 a \u00cemp\u0103r\u0103\u021biei lui Dumnezeu!<\/p>\n<p>Perspectiva lui Ed Silvoso cu privire la voia Tat\u0103lui de a lucra ast\u0103zi \u00een moduri unice prin femei ne ajut\u0103 s\u0103 avem g\u00e2ndurile lui Dumnezeu \u2013 care sunt totdeauna mai \u00eenalte dec\u00e2t ale noastre. Jack W. Hayford, Rector, The King`s College and Seminary, Van Nuys, California<\/p>\n<p>Ed Silvoso a scris o carte remarcabil\u0103 pe care trebuie s\u0103 o citeasc\u0103 toat\u0103 lumea \u2013 femeia, pentru ca ea s\u0103-\u0219i \u00een\u021beleag\u0103 mai departe valoarea \u0219i rolul pe care \u00eel joac\u0103 ca fiic\u0103 a Regelui, \u0219i b\u0103rbatul, ca el s\u0103 poat\u0103 \u00een\u021belege importan\u021ba parteneriatului cu femeia, pentru a vedea scopul lui Dumnezeu instituit pe p\u0103m\u00e2nt. Holly Wagner, Autor, Daily Steps for GodChicks<\/p>\n<p>Num\u0103r de pagini: 187<\/p>\n","protected":false},"excerpt":{"rendered":"<p>Ce rol sunt chemate femeile s\u0103 joace \u00een planurile \u00cemp\u0103r\u0103\u021biei lui Dumnezeu? Ed Silvoso v\u0103 invit\u0103 s\u0103 v\u0103 \u00eentoarce\u021bi, \u00eempreun\u0103 cu el, \u00een Gr\u0103dina Eden pentru a descoperi acest rol. Prima b\u0103t\u0103lie a r\u0103zboiului spiritual al lumii s-a desf\u0103\u0219urat acolo: o confruntare \u00eentre femeie \u0219i diavolul.<\/p>\n","protected":false},"featured_media":6985,"template":"","meta":{"_acf_changed":false},"product_brand":[],"product_cat":[30],"product_tag":[],"class_list":{"0":"post-35407","1":"product","2":"type-product","3":"status-publish","4":"has-post-thumbnail","6":"product_cat-crestinul-si-societatea","7":"pa_autori-ed-silvoso","8":"pa_format-carte-tiparita","9":"pa_format-carte-electronica","11":"first","12":"instock","13":"shipping-taxable","14":"purchasable","15":"product-type-variable"},"acf":[],"_links":{"self":[{"href":"https:\/\/alfaomega.tv\/librarie\/wp-json\/wp\/v2\/product\/35407","targetHints":{"allow":["GET"]}}],"collection":[{"href":"https:\/\/alfaomega.tv\/librarie\/wp-json\/wp\/v2\/product"}],"about":[{"href":"https:\/\/alfaomega.tv\/librarie\/wp-json\/wp\/v2\/types\/product"}],"wp:featuredmedia":[{"embeddable":true,"href":"https:\/\/alfaomega.tv\/librarie\/wp-json\/wp\/v2\/media\/6985"}],"wp:attachment":[{"href":"https:\/\/alfaomega.tv\/librarie\/wp-json\/wp\/v2\/media?parent=35407"}],"wp:term":[{"taxonomy":"product_brand","embeddable":true,"href":"https:\/\/alfaomega.tv\/librarie\/wp-json\/wp\/v2\/product_brand?post=35407"},{"taxonomy":"product_cat","embeddable":true,"href":"https:\/\/alfaomega.tv\/librarie\/wp-json\/wp\/v2\/product_cat?post=35407"},{"taxonomy":"product_tag","embeddable":true,"href":"https:\/\/alfaomega.tv\/librarie\/wp-json\/wp\/v2\/product_tag?post=35407"}],"curies":[{"name":"wp","href":"https:\/\/api.w.org\/{rel}","templated":true}]}}