{"id":35409,"date":"2025-08-29T12:56:32","date_gmt":"2025-08-29T12:56:32","guid":{"rendered":"https:\/\/alfaomega.tv\/librarie\/?post_type=product&#038;p=35409"},"modified":"2025-08-29T12:56:43","modified_gmt":"2025-08-29T12:56:43","slug":"armatele-de-ingeri","status":"publish","type":"product","link":"https:\/\/alfaomega.tv\/librarie\/produse\/identitate-crestere-spirituala-revelatie\/armatele-de-ingeri\/","title":{"rendered":"Armatele de \u00eengeri"},"content":{"rendered":"<h2 lang=\"zxx\" style=\"text-align: center\"><span style=\"font-family: Cambria, serif\"><span style=\"font-size: large\"><b>DESCOPER\u0102 CUM S\u0102 LUCREZI \u00ceMPREUN\u0102 CU ALIA\u021aII T\u0102I INVIZIBILI<\/b><\/span><\/span><\/h2>\n<p>Lumea este curioas\u0103 \u00een privin\u021ba \u00eengerilor! Cultura popular\u0103 acord\u0103 o mare aten\u021bie asupra fiin\u021belor invizibile \u0219i aproape c\u0103 le idolatrizeaz\u0103.<\/p>\n<p>Totu\u0219i, te-ai \u00eentrebat vreodat\u0103: Ce anume fac \u00eengerii \u0219i cum ne afecteaz\u0103 pe noi sarcinile lor? Prin revela\u021bia descoperit\u0103 de Biblie, combinat\u0103 cu \u00eent\u00e2lnirile personale \u0219i dinamice din sfera angelic\u0103, Tim Sheets te invit\u0103 s\u0103 experimentezi lumea nev\u0103zut\u0103 a puternicilor lupt\u0103tori cere\u0219ti.<\/p>\n<p>Vei afla modul cum \u00eengerii:<\/p>\n<ul>\n<ul>\n<li>LUCREAZ\u0102 \u00ceMPREUN\u0102 cu cre\u0219tinii ca s\u0103 aduc\u0103 transformare \u0219i eliberare \u00een toate regiunile.<\/li>\n<li>\n<p lang=\"zxx\">LUCREAZ\u0102 \u00ceN MOD SUPRANATURAL cu rug\u0103ciunile tale ca s\u0103 aduc\u0103 r\u0103spunsurile cere\u0219ti \u0219i s\u0103 permit\u0103 revela\u021bia \u00een via\u021ba ta.<\/p>\n<\/li>\n<li>\n<p lang=\"zxx\">LUPT\u0102 \u00een sfera spiritual\u0103 ca s\u0103 ajute, s\u0103 protejeze \u0219i s\u0103 elibereze.<\/p>\n<\/li>\n<\/ul>\n<\/ul>\n<p lang=\"zxx\">Din Geneza p\u00e2n\u0103 \u00een Apocalipsa, Scriptura con\u021bine relat\u0103ri despre \u00eent\u00e2lniri angelice: Iacov, David, Maria, Ioan, chiar \u0219i Isus, au fost cu to\u021bii ajuta\u021bi sau vizita\u021bi de \u00eengeri.<\/p>\n<p lang=\"zxx\">\u00cengerii sunt mai mult dec\u00e2t p\u0103zitori invizibili ai Cerului \u2013 ei sunt solda\u021bi de temut, trimi\u0219i s\u0103 \u00eenl\u0103ture puterile \u00eentunericului.<\/p>\n<p lang=\"zxx\">ALF\u0102 CUM PO\u021aI LUCRA CU ACE\u0218TI LUPT\u0102TORI DIVINI \u0218I URM\u0102RE\u0218TE CUM PUTEREA CERULUI \u00ce\u021aI TRANSFORM\u0102 VIA\u021aA, REGIUNEA \u0218I LUMEA \u00ceN CARE TR\u0102IE\u0218TI!<\/p>\n<p lang=\"zxx\">DR.TIM SHEETS este apostol, pastor \u0219i autor. Acesta locuie\u0219te \u00een sud-vestul statului Ohio. Este absolvent al Institutului Christ for the Nations din Dallas, Texas. \u00cen 1979 a revenit \u00een Ohio ca s\u0103 p\u0103storeasc\u0103 Biserica Oasis din Middletown. Viziunea lui este s\u0103 formeze oameni care s\u0103 demonstreze \u00een mod autentic rolul Bisericii pe p\u0103m\u00e2nt \u0219i s\u0103 evanghelizeze cu pasiune lumea. Dorin\u021ba inimii lui este ca America s\u0103 experimenteze trezirea spiritual\u0103 \u0219i reforma.<\/p>\n<p>Num\u0103r de pagini: 239<\/p>\n","protected":false},"excerpt":{"rendered":"<p>ALF\u0102 CUM PO\u021aI LUCRA CU ACE\u0218TI LUPT\u0102TORI DIVINI \u0218I URM\u0102RE\u0218TE CUM PUTEREA CERULUI \u00ce\u021aI TRANSFORM\u0102 VIA\u021aA, REGIUNEA \u0218I LUMEA \u00ceN CARE TR\u0102IE\u0218TI!<\/p>\n","protected":false},"featured_media":6989,"template":"","meta":{"_acf_changed":false},"product_brand":[],"product_cat":[21],"product_tag":[],"class_list":{"0":"post-35409","1":"product","2":"type-product","3":"status-publish","4":"has-post-thumbnail","6":"product_cat-identitate-crestere-spirituala-revelatie","7":"pa_autori-tim-sheets","8":"pa_format-carte-tiparita","10":"first","11":"instock","12":"shipping-taxable","13":"purchasable","14":"product-type-variable","15":"has-default-attributes"},"acf":[],"_links":{"self":[{"href":"https:\/\/alfaomega.tv\/librarie\/wp-json\/wp\/v2\/product\/35409","targetHints":{"allow":["GET"]}}],"collection":[{"href":"https:\/\/alfaomega.tv\/librarie\/wp-json\/wp\/v2\/product"}],"about":[{"href":"https:\/\/alfaomega.tv\/librarie\/wp-json\/wp\/v2\/types\/product"}],"wp:featuredmedia":[{"embeddable":true,"href":"https:\/\/alfaomega.tv\/librarie\/wp-json\/wp\/v2\/media\/6989"}],"wp:attachment":[{"href":"https:\/\/alfaomega.tv\/librarie\/wp-json\/wp\/v2\/media?parent=35409"}],"wp:term":[{"taxonomy":"product_brand","embeddable":true,"href":"https:\/\/alfaomega.tv\/librarie\/wp-json\/wp\/v2\/product_brand?post=35409"},{"taxonomy":"product_cat","embeddable":true,"href":"https:\/\/alfaomega.tv\/librarie\/wp-json\/wp\/v2\/product_cat?post=35409"},{"taxonomy":"product_tag","embeddable":true,"href":"https:\/\/alfaomega.tv\/librarie\/wp-json\/wp\/v2\/product_tag?post=35409"}],"curies":[{"name":"wp","href":"https:\/\/api.w.org\/{rel}","templated":true}]}}