{"id":35413,"date":"2025-08-29T12:56:32","date_gmt":"2025-08-29T12:56:32","guid":{"rendered":"https:\/\/alfaomega.tv\/librarie\/?post_type=product&#038;p=35413"},"modified":"2025-09-03T09:30:12","modified_gmt":"2025-09-03T09:30:12","slug":"saracie-bogatii-si-avutii","status":"publish","type":"product","link":"https:\/\/alfaomega.tv\/librarie\/produse\/crestinul-si-societatea\/saracie-bogatii-si-avutii\/","title":{"rendered":"S\u0103r\u0103cie, bog\u0103\u021bii \u0219i avu\u021bii"},"content":{"rendered":"<h2>BIRUIND MENTALITATEA LIPSEI DE SUFICIEN\u021a\u0102 PENTRU EXPERIMENTAREA ADEV\u0102RATEI ABUNDEN\u021aE A \u00ceMP\u0102R\u0102\u021aIEI<\/h2>\n<p>Prosperitatea: este unul dintre cele mai divizante, abuzate \u0219i gre\u0219it \u00een\u021belese cuvinte din Biseric\u0103. Cu o sinceritate \u00eenvior\u0103toare, umor \u0219i \u00een\u021belepciune ascu\u021bit\u0103, autorul bestseller-urilor \u0219i \u00eenv\u0103\u021b\u0103torul Kris Vallotton mineaz\u0103 versetele \u00eentr-un studiu revelator cu privire la ce spune Biblia cu adev\u0103rat despre bani, s\u0103r\u0103cie, bog\u0103\u021bii \u0219i avu\u021bii. Iar ceea ce descoper\u0103, \u00ee\u021bi va zgudui lumea pe care credeai c\u0103 o cuno\u0219ti. Ar\u0103t\u00e2nd c\u0103 prosperitatea \u00cemp\u0103r\u0103\u021biei \u00eencepe dinl\u0103untru \u00eenafar\u0103, Kris te \u00eenva\u021b\u0103 s\u0103 cultivi o mentalitate a abunden\u021bei \u2013 indiferent de circumstan\u021bele tale \u2013 pentru a \u00eencepe s\u0103 experimentezi bog\u0103\u021bia cerului \u00een fiecare arie a vie\u021bii tale.<\/p>\n<p>\u201eKris m-a ajutat s\u0103 trec de la bog\u0103\u021bii la zdren\u021be, iar acum din nou la bog\u0103\u021bii, \u00eentr-o via\u021b\u0103 nou\u0103, plin\u0103 de \u00eensemn\u0103tate. Cite\u0219te cartea \u0219i las-o s\u0103 se manifeste \u00een via\u021ba ta. Iar apoi fii pe faz\u0103!\u201d Michael Clifford, antreprenor \u0219i \u00eentreprinz\u0103tor catalizator \u201eMesajul puternic al resurselor Cerului pe care Kris \u00eel detaliaz\u0103 \u00een S\u0103r\u0103cie, bog\u0103\u021bii \u0219i avu\u021bii, va aduce transformare indivizilor, comunit\u0103\u021bilor \u0219i chiar na\u021biunilor.\u201d Christine Caine, Fondator al A 21 \u0219i Propel<\/p>\n<p>\u201eAceast\u0103 carte minunat\u0103 \u0219i esen\u021bial\u0103, ne-a dat exact lucrul dup\u0103 care am t\u00e2njit, este un motiv de mul\u021bumire autentic\u0103.\u201d Eric Metaxas, New York Times, autor bestseller \u201ePractic\u0103 dar profund\u0103!\u201d Bill Johnson, Lider Senior, Bethel Church, Redding, California<\/p>\n<p>\u201eCu limbaj simplu \u0219i discern\u0103m\u00e2nt ce ne provoac\u0103, S\u0103r\u0103cie, bog\u0103\u021bii \u0219i avu\u021bii este o puternic\u0103 unealt\u0103 de navigare ce va ajuta la garantarea atingerii destinului pe care Dumnezeu l-a preg\u0103tit pentru tine.\u201d Sandy Stimpson, primar al Mobile, Alabama<\/p>\n<p>\u201ePrezint\u0103 un cadru cu totul nou \u00een navigarea unuia dintre cele mai mari provoc\u0103ri personale, ca lider \u00een afaceri \u2013 integrarea credin\u021bei, a muncii \u0219i a finan\u021belor. \u00cenc\u0103 nu am \u00eencetat s\u0103 meditez la aceast\u0103 carte.\u201d Rob Pace, fost partener, Goldman Sachs; fondator si Ceo, HundredX<\/p>\n<p>Num\u0103r de pagini: 216<\/p>\n","protected":false},"excerpt":{"rendered":"<p>Kris Vallotton mineaz\u0103 versetele \u00eentr-un studiu revelator cu privire la ce spune Biblia cu adev\u0103rat despre bani, s\u0103r\u0103cie, bog\u0103\u021bii \u0219i avu\u021bii. Iar ceea ce descoper\u0103, \u00ee\u021bi va zgudui lumea pe care credeai c\u0103 o cuno\u0219ti.<\/p>\n","protected":false},"featured_media":6993,"template":"","meta":{"_acf_changed":false},"product_brand":[],"product_cat":[30],"product_tag":[],"class_list":{"0":"post-35413","1":"product","2":"type-product","3":"status-publish","4":"has-post-thumbnail","6":"product_cat-crestinul-si-societatea","7":"pa_autori-kris-vallotton","8":"pa_format-carte-tiparita","9":"pa_format-carte-electronica","11":"first","12":"instock","13":"shipping-taxable","14":"purchasable","15":"product-type-variable"},"acf":[],"_links":{"self":[{"href":"https:\/\/alfaomega.tv\/librarie\/wp-json\/wp\/v2\/product\/35413","targetHints":{"allow":["GET"]}}],"collection":[{"href":"https:\/\/alfaomega.tv\/librarie\/wp-json\/wp\/v2\/product"}],"about":[{"href":"https:\/\/alfaomega.tv\/librarie\/wp-json\/wp\/v2\/types\/product"}],"wp:featuredmedia":[{"embeddable":true,"href":"https:\/\/alfaomega.tv\/librarie\/wp-json\/wp\/v2\/media\/6993"}],"wp:attachment":[{"href":"https:\/\/alfaomega.tv\/librarie\/wp-json\/wp\/v2\/media?parent=35413"}],"wp:term":[{"taxonomy":"product_brand","embeddable":true,"href":"https:\/\/alfaomega.tv\/librarie\/wp-json\/wp\/v2\/product_brand?post=35413"},{"taxonomy":"product_cat","embeddable":true,"href":"https:\/\/alfaomega.tv\/librarie\/wp-json\/wp\/v2\/product_cat?post=35413"},{"taxonomy":"product_tag","embeddable":true,"href":"https:\/\/alfaomega.tv\/librarie\/wp-json\/wp\/v2\/product_tag?post=35413"}],"curies":[{"name":"wp","href":"https:\/\/api.w.org\/{rel}","templated":true}]}}