{"id":35415,"date":"2025-08-29T12:56:32","date_gmt":"2025-08-29T12:56:32","guid":{"rendered":"https:\/\/alfaomega.tv\/librarie\/?post_type=product&#038;p=35415"},"modified":"2025-10-15T06:43:23","modified_gmt":"2025-10-15T06:43:23","slug":"academia-cartea-cartilor-anul-1-pachet-educational-manuale-tiparite-card-stick-usb","status":"publish","type":"product","link":"https:\/\/alfaomega.tv\/librarie\/produse\/cartea-cartilor\/academia-cartea-cartilor-anul-1-pachet-educational-manuale-tiparite-card-stick-usb\/","title":{"rendered":"Academia Cartea C\u0103r\u021bilor Anul 1 &#8211; Pachet educa\u021bional &#8211; Manuale tip\u0103rite + card stick USB"},"content":{"rendered":"<p>Pachetul educa\u021bional pentru \u0219coala duminical\u0103 Cartea C\u0103r\u021bilor se adreseaz\u0103 bisericilor locale, pentru a le ajuta s\u0103 predea lec\u021bii biblice interesante copiilor de 6-12 ani, pentru un an (40 de lec\u021bii).<\/p>\n<p>Episoadele din sezonul 1 stau la baza lec\u021biilor biblice pentru copiii din clasele 1-6. Lec\u021biile sunt concepute pe module \u0219i permit bisericilor s\u0103 adapteze programa la nevoile lor individuale: \u0219coala duminical\u0103, \u0218coala biblic\u0103 de vacan\u021b\u0103, programe \u00een timpul s\u0103pt\u0103m\u00e2nii sau evenimente speciale. Este o program\u0103 pentru un \u00eentreg an \u0219i ofer\u0103 40 de lec\u021bii (13 module, c\u00e2te 3 lec\u021bii pe modul, \u0219i o lec\u021bie final\u0103). Lec\u021biile sunt concepute pentru grup mare \u0219i studiu \u00een grupuri mici. Grupul mare reune\u0219te clasele 1-6, apoi acesta se \u00eemparte \u00een grupuri mici, clasele 1-3 \u0219i 4-6. Aceste lec\u021bii pot fi adaptate \u0219i pentru bisericile mici unde la \u0219coala duminical\u0103 este o singur\u0103 grup\u0103 cu copiii de v\u00e2rste diferite.<\/p>\n<p><strong>Pachetul con\u021bine 13 manuale tip\u0103rite (varianta full-color) \u0219i un USB pe care se g\u0103se\u0219te suportul video pe care se bazeaz\u0103 lec\u021biile.<\/strong> Pachetul contine toate resursele de care ve\u021bi avea nevoie pentru a desf\u0103\u0219ura lec\u021biile biblice, dar nu con\u021bine episoadele \u00eentregi Cartea C\u0103r\u021bilor. Este nevoie de <span style=\"color: #333399;\"><a style=\"color: #333399;\" href=\"https:\/\/alfaomega.tv\/librarie\/produse\/resurse-pentru-copii\/cartea-cartilor-sezonul-1\/\" target=\"_blank\" rel=\"noopener noreferrer\">achizi\u021bionarea sezonului 1<\/a><\/span> pentru a putea urm\u0103ri episoadele \u00eentregi.<\/p>\n<p>Not\u0103: Dac\u0103 dori\u021bi acest pachet doar \u00een variant\u0103 electronic\u0103 (fi\u0219iere electronice PDF \u0219i MP4 pe stick USB, f\u0103r\u0103 manuale tip\u0103rite full-color), <span style=\"color: #333399;\"><a class=\"uk-button\" style=\"color: #333399;\" href=\"https:\/\/alfaomega.tv\/librarie\/produse\/resurse-pentru-copii\/academia-cartea-cartilor-anul-1-pachet-educational-usb\/\" target=\"_blank\" rel=\"noopener noreferrer\">ap\u0103sa\u021bi aici<\/a><\/span><\/p>\n<p><span style=\"color: #333399;\"><a class=\"uk-button uk-button-primary tm-text-large\" style=\"font-size: 20px; color: #333399;\" href=\"https:\/\/alfaomega.tv\/librarie\/wp-content\/uploads\/2025\/06\/cc_academia_pliant_programa_scoala_duminicala.pdf\" target=\"_blank\" rel=\"noopener noreferrer\"> Descarc\u0103 pliantul de prezentare.<\/a><\/span><\/p>\n<hr \/>\n<h3>Cum sunt structurate lec\u021biile<\/h3>\n<p>Exist\u0103 13 module pentru un an. Fiecare modul con\u021bine trei lec\u021bii \u00een jurul unei pove\u0219ti biblice centrale. Copiii se bucur\u0103 de un studiu aprofundat prin lec\u021bii \u00een grup mare \u0219i mic, \u0219i prin discu\u021bii ulterioare cu p\u0103rin\u021bii. Prin acest proces, copiii se ad\u00e2ncesc \u00een Biblie, prind curaj prin memorarea Scripturii \u0219i aplic\u0103 ceea ce \u00eenva\u021b\u0103 \u00een via\u021ba lor de zi cu zi.<\/p>\n<p>Structura acestei programe <strong>ajut\u0103 bisericile s\u0103 creeze un parteneriat cu familiile<\/strong>, lucr\u00e2nd \u00eempreun\u0103 pentru a oferi \u00eendrumarea spiritual\u0103 \u0219i biblic\u0103 necesar\u0103 copiilor.<\/p>\n<h3>Ce este un modul?<\/h3>\n<p>Un modul este un set de trei lec\u021bii bazat pe o povestire biblic\u0103. Fiecare modul con\u021bine videouri \u0219i material de predare pentru trei lec\u021bii.<\/p>\n<p><strong><img decoding=\"async\" style=\"margin: 5px; float: right;\" src=\"https:\/\/alfaomega.tv\/librarie\/wp-content\/uploads\/2025\/06\/O_aventura_uriasa_Lectia1_CarteaCartilor_page-0001-scaled.jpg\" alt=\"O aventura uriasa Lectia1 CarteaCartilor\" width=\"30%\" height=\"NaN\" \/>Lec\u021bia 1 <\/strong>identific\u0103 mesajul biblic din episod. Este introdus\u0103 <strong>Aplica\u021bia practic\u0103 <\/strong>cu scopul de a-i ajuta pe copii s\u0103 personalizeze \u0219i s\u0103 includ\u0103 principiile biblice \u00een via\u021ba lor de zi cu zi. \u00cen aceast\u0103 lec\u021bie, copiii urm\u0103resc \u00eentreg episodul <em>Cartea C\u0103r\u021bilor<\/em>.<\/p>\n<p><strong>Lec\u021bia 2 <\/strong>se concentreaz\u0103 pe relevan\u021ba mesajului \u00een trecut \u0219i prezent. Copiii urm\u0103resc <strong>Povestirea biblic\u0103 pe scurt<\/strong> \u0219i videoul despre <strong>Contextul biblic<\/strong> care exploreaz\u0103 contextul arheologic, istoric \u0219i cultural al povestirii.<\/p>\n<p><strong>Lec\u021bia 3<\/strong> scoate \u00een eviden\u021b\u0103 cum mesajul povestirii se \u00eencadreaz\u0103 \u00een planul lui Dumnezeu de a-L trimite pe Fiul S\u0103u, Isus Hristos, s\u0103 fie M\u00e2ntuitorul nostru. Copiii urm\u0103resc <strong>Povestirea biblic\u0103 pe scurt<\/strong> \u0219i videoul despre <strong>Indicatoare<\/strong> care arat\u0103 cum povestirea indic\u0103 spre Hristos sau cum a \u00eemplinit El profe\u021biile biblice.<\/p>\n<hr \/>\n<h3>Demo: desc\u0103rca\u021bi de aici lec\u021bia 1 corespunz\u0103toare modulului \u201cO aventur\u0103 uria\u0219\u0103\u201d<\/h3>\n<p><span style=\"color: #333399;\"><a class=\"uk-button uk-button-primary tm-text-large\" style=\"font-size: 20px; color: #333399;\" href=\"https:\/\/alfaomega.tv\/librarie\/wp-content\/uploads\/2025\/06\/O_aventura_uriasa_Lectia1_CarteaCartilor.pdf\"> Download Lec\u021bia 1 &#8211; pdf<\/a><\/span><\/p>\n<hr \/>\n<h3>Demo: Urm\u0103ri\u021bi mai jos contextul biblic al povestirii prezentate \u00een episodul \u201cO aventur\u0103 uria\u0219\u0103\u201d<\/h3>\n<p>&nbsp;<\/p>\n<p><iframe loading=\"lazy\" title=\"Cartea C\u0103r\u021bilor - Lec\u021bii pentru \u0219coala duminical\u0103 - O aventur\u0103 uria\u0219\u0103 - Contextul biblic\" src=\"https:\/\/www.youtube.com\/embed\/xDDBcOJr-54\" width=\"640\" height=\"360\" frameborder=\"0\" allowfullscreen=\"allowfullscreen\"><\/iframe><\/p>\n<hr \/>\n<h3>Demo: Urm\u0103ri\u021bi mai jos Indicatoarele care ne arat\u0103 cum povestirea biblic\u0103 cu David \u0219i Goliat indic\u0103 spre Hristos<\/h3>\n<p>&nbsp;<\/p>\n<p><iframe loading=\"lazy\" title=\"Cartea Cartilor - Lectii pentru scoala duminicala - O aventura uriasa - Indicatoare spre Hristos\" src=\"https:\/\/www.youtube.com\/embed\/Tl4hv4X5nXI\" width=\"640\" height=\"360\" frameborder=\"0\" allowfullscreen=\"allowfullscreen\"><\/iframe><\/p>\n","protected":false},"excerpt":{"rendered":"<p>Pachetul con\u021bine 13 manuale tip\u0103rite (varianta full color) \u0219i un card stick USB pe care se g\u0103se\u0219te suportul video pe care se bazeaz\u0103 lec\u021biile.<\/p>\n","protected":false},"featured_media":6997,"template":"","meta":{"_acf_changed":false},"product_brand":[],"product_cat":[35,34],"product_tag":[],"class_list":{"0":"post-35415","1":"product","2":"type-product","3":"status-publish","4":"has-post-thumbnail","6":"product_cat-cartea-cartilor","7":"product_cat-resurse-pentru-copii","8":"pa_autori-cbn","9":"pa_format-manuale-tiparite-stick-usb","11":"first","12":"instock","13":"shipping-taxable","14":"purchasable","15":"product-type-variable","16":"has-default-attributes"},"acf":[],"_links":{"self":[{"href":"https:\/\/alfaomega.tv\/librarie\/wp-json\/wp\/v2\/product\/35415","targetHints":{"allow":["GET"]}}],"collection":[{"href":"https:\/\/alfaomega.tv\/librarie\/wp-json\/wp\/v2\/product"}],"about":[{"href":"https:\/\/alfaomega.tv\/librarie\/wp-json\/wp\/v2\/types\/product"}],"wp:featuredmedia":[{"embeddable":true,"href":"https:\/\/alfaomega.tv\/librarie\/wp-json\/wp\/v2\/media\/6997"}],"wp:attachment":[{"href":"https:\/\/alfaomega.tv\/librarie\/wp-json\/wp\/v2\/media?parent=35415"}],"wp:term":[{"taxonomy":"product_brand","embeddable":true,"href":"https:\/\/alfaomega.tv\/librarie\/wp-json\/wp\/v2\/product_brand?post=35415"},{"taxonomy":"product_cat","embeddable":true,"href":"https:\/\/alfaomega.tv\/librarie\/wp-json\/wp\/v2\/product_cat?post=35415"},{"taxonomy":"product_tag","embeddable":true,"href":"https:\/\/alfaomega.tv\/librarie\/wp-json\/wp\/v2\/product_tag?post=35415"}],"curies":[{"name":"wp","href":"https:\/\/api.w.org\/{rel}","templated":true}]}}