{"id":35421,"date":"2025-08-29T12:56:33","date_gmt":"2025-08-29T12:56:33","guid":{"rendered":"https:\/\/alfaomega.tv\/librarie\/?post_type=product&#038;p=35421"},"modified":"2026-03-27T19:51:09","modified_gmt":"2026-03-27T19:51:09","slug":"darurile-duhului-sfant","status":"publish","type":"product","link":"https:\/\/alfaomega.tv\/librarie\/produse\/derek-prince\/darurile-duhului-sfant\/","title":{"rendered":"Darurile Duhului Sf\u00e2nt"},"content":{"rendered":"<div class=\"woocommerce-tabs sevencol clearfix\">\n<div id=\"tab-description\" class=\"panel entry-content\">\n<p>Fiec\u0103rui credincios i-a fost dat cel pu\u0163in un dar supranatural al Duhului Sf\u00e2nt. \u015etii care este darul t\u0103u \u015fi cum s\u0103 sluje\u015fti cu ajutorul lui? \u00cen aceast\u0103 carte, Derek Prince explic\u0103 modul \u00een care s\u0103 sluje\u015fti altora \u015fi s\u0103 fii o m\u0103rturie prin darurile spirituale, cum s\u0103 discerni contrafacerile \u015fi cum s\u0103 \u00eenfl\u0103c\u0103rezi darul care este \u00een tine.<\/p>\n<p><strong>CUPRINS:<\/strong><br \/><strong>Sec\u0163iunea I \u2013 Natura darurilor<\/strong><br \/>1. Darurile Duhului Sf\u00e2nt<br \/>2. Charisma: darurile harului<br \/>3. Manifestarea Duhului<\/p>\n<p><strong>Sec\u0163iunea II \u2013 Daruri de revela\u0163ie<\/strong><br \/>4. Cuv\u00e2ntul de \u00een\u0163elepciune<br \/>5. Cuv\u00e2ntul de cuno\u015ftin\u0163\u0103<br \/>6. Deosebirile duhurilor<\/p>\n<p><strong>Sec\u0163iunea III \u2013 Daruri de putere<\/strong><br \/>7. Credin\u0163a<br \/>8. Darurile vindec\u0103rilor<br \/>9. Darul \u00eenf\u0103ptuirii minunilor<\/p>\n<p><strong>Sec\u0163iunea IV \u2013 Daruri exprimate verbal<\/strong><br \/>10. Felurite limbi \u015fi t\u0103lm\u0103cirea limbilor<br \/>11. Prorocia<br \/>12. Cum se judec\u0103 prorocia<\/p>\n<p><strong>Sec\u0163iunea V \u2013 Folosirea darurilor<\/strong><br \/>13. Cum s\u0103 folosim darurile spirituale<\/p>\n<p>\u00a0<\/p>\n<p>Num\u0103r de pagini:\u00a0274\u00a0<\/p>\n<\/div>\n<\/div>\n","protected":false},"excerpt":{"rendered":"<p>\u00cen aceast\u0103 carte, Derek Prince explic\u0103 modul \u00een care s\u0103 sluje\u015fti altora \u015fi s\u0103 fii o m\u0103rturie prin darurile spirituale, cum s\u0103 discerni contrafacerile \u015fi cum s\u0103 \u00eenfl\u0103c\u0103rezi darul care este \u00een tine.<\/p>\n","protected":false},"featured_media":7011,"template":"","meta":{"_acf_changed":false},"product_brand":[],"product_cat":[42],"product_tag":[],"class_list":{"0":"post-35421","1":"product","2":"type-product","3":"status-publish","4":"has-post-thumbnail","6":"product_cat-derek-prince","7":"pa_autori-derek-prince","8":"pa_format-carte-tiparita","10":"first","11":"outofstock","12":"shipping-taxable","13":"purchasable","14":"product-type-variable","15":"has-default-attributes"},"acf":[],"_links":{"self":[{"href":"https:\/\/alfaomega.tv\/librarie\/wp-json\/wp\/v2\/product\/35421","targetHints":{"allow":["GET"]}}],"collection":[{"href":"https:\/\/alfaomega.tv\/librarie\/wp-json\/wp\/v2\/product"}],"about":[{"href":"https:\/\/alfaomega.tv\/librarie\/wp-json\/wp\/v2\/types\/product"}],"wp:featuredmedia":[{"embeddable":true,"href":"https:\/\/alfaomega.tv\/librarie\/wp-json\/wp\/v2\/media\/7011"}],"wp:attachment":[{"href":"https:\/\/alfaomega.tv\/librarie\/wp-json\/wp\/v2\/media?parent=35421"}],"wp:term":[{"taxonomy":"product_brand","embeddable":true,"href":"https:\/\/alfaomega.tv\/librarie\/wp-json\/wp\/v2\/product_brand?post=35421"},{"taxonomy":"product_cat","embeddable":true,"href":"https:\/\/alfaomega.tv\/librarie\/wp-json\/wp\/v2\/product_cat?post=35421"},{"taxonomy":"product_tag","embeddable":true,"href":"https:\/\/alfaomega.tv\/librarie\/wp-json\/wp\/v2\/product_tag?post=35421"}],"curies":[{"name":"wp","href":"https:\/\/api.w.org\/{rel}","templated":true}]}}