{"id":35423,"date":"2025-08-29T12:56:33","date_gmt":"2025-08-29T12:56:33","guid":{"rendered":"https:\/\/alfaomega.tv\/librarie\/?post_type=product&#038;p=35423"},"modified":"2025-08-29T12:56:43","modified_gmt":"2025-08-29T12:56:43","slug":"eliberarea-biblica","status":"publish","type":"product","link":"https:\/\/alfaomega.tv\/librarie\/produse\/derek-prince\/eliberarea-biblica\/","title":{"rendered":"Eliberarea biblic\u0103"},"content":{"rendered":"<div class=\"woocommerce-tabs sevencol clearfix\">\n<div id=\"tab-description\" class=\"panel entry-content\">\n<p>Derek Prince, pe baza Scripturii \u0219i a vastei sale experien\u021be \u00een domeniu, abordeaz\u0103 temerile \u0219i concep\u021biile gre\u0219ite asociate adesea cu domeniul eliber\u0103rii.<br \/>Vorbind pe baza experien\u021bei acumulate \u00een peste 30 de ani \u00een slujirea de eliberare \u0219i oferind nenum\u0103rate exemple, el ne pune la dispozi\u021bie sfaturi practice \u0219i \u00eenv\u0103\u021b\u0103tur\u0103 sistematic\u0103 despre cum s\u0103 primim eliberarea \u0219i cum anume s\u0103 p\u0103str\u0103m libertatea ob\u021binut\u0103.<br \/>Derek Prince subliniaz\u0103 \u00eenc\u0103 din primele pagini urm\u0103torul aspect important: \u201eIsus nu a trimis niciodat\u0103 pe cineva s\u0103 predice Evanghelia f\u0103r\u0103 a instrui \u00een mod specific acea persoan\u0103, ca ea s\u0103 poat\u0103 ac\u021biona \u00eempotriva demonilor \u00een acela\u0219i fel \u00een care El \u00censu\u0219i a f\u0103cut-o.\u201d Dac\u0103 acest lucru s-a schimbat \u00een zilele noastre, autorul ne provoac\u0103, adres\u00e2ndu-ne o \u00eentrebare crucial\u0103: \u201eCine s-a schimbat? \u2013 Isus? Demonii? Ori Biserica?\u201d<br \/>\u201eEliberarea biblic\u0103\u201d poate fi un manual util de antrenare \u0219i echipare spiritual\u0103 at\u00e2t \u00een ceea ce te prive\u0219te pe tine personal, c\u00e2t \u0219i \u00een vederea slujirii altora care se confrunt\u0103 cu astfel de probleme.<\/p>\n<p><strong>CUPRINS:<\/strong><br \/><strong>Partea I \u2013 Fundamente<\/strong><br \/>1. Cum a procedat Isus?<br \/>2. Terminologie<br \/>3. Modelul \u015fi misiunea lui Isus<\/p>\n<p><strong>Partea a II-a \u2013 \u00cen \u015fcoala experien\u0163ei<\/strong><br \/>4. Lupta mea cu depresia<br \/>5. E\u015fecul meu de a ajuta anumi\u0163i oameni<br \/>6. Confruntarea cu demonii<br \/>7. Provocat la propriul amvon<br \/>8. Sub suprafa\u0163\u0103<br \/>9. Lec\u0163ii de la o slujire care c\u00e2\u015ftig\u0103 teren<br \/>10. Conflicte personale ne\u00eentrerupte<\/p>\n<p><strong>Partea a III-a \u2013 \u0218apte \u00eentreb\u0103ri<\/strong><br \/>11. Ce sunt demonii?<br \/>12. Fire sau demoni?<br \/>13. Cum primesc demonii acces?<br \/>14. Ce este ocultismul?<br \/>15. Este vr\u0103jitoria activ\u0103 \u0219i \u00een zilele noastre?<br \/>16. Cre\u0219tinii au vreodat\u0103 nevoie de eliberare de demoni?<br \/>17. Va locui Duhul Sf\u00e2nt \u00eentr-un vas murdar?<\/p>\n<p><strong>Partea a IV-a \u2013 Cum s\u0103 recuno\u0219ti \u0219i s\u0103 sco\u021bi afar\u0103 demonii<\/strong><br \/>18. Activit\u0103\u021bi specifice demonilor<br \/>19. Arii ale fiin\u021bei umane care sunt afectate de demoni<br \/>20. Demoni de boal\u0103 \u0219i de infirmitate<br \/>21. Preg\u0103tire pentru eliberare<br \/>22. Rug\u0103ciunea de eliberare<br \/>23. Cum s\u0103 \u00ee\u021bi men\u021bii libertatea dob\u00e2ndit\u0103<br \/>24. De ce unele persoane nu sunt eliberate<br \/>25. Cum po\u021bi ajuta alte persoane s\u0103 primeasc\u0103 eliberare<br \/>26. Dup\u0103 eliberare?<\/p>\n<\/p>\n<p>Num\u0103r de pagini: 334<\/p>\n<\/div>\n<\/div>\n","protected":false},"excerpt":{"rendered":"<p>Derek Prince, pe baza Scripturii \u0219i a vastei sale experien\u021be \u00een domeniu, abordeaz\u0103 temerile \u0219i concep\u021biile gre\u0219ite asociate adesea cu domeniul eliber\u0103rii.<\/p>\n","protected":false},"featured_media":7013,"template":"","meta":{"_acf_changed":false},"product_brand":[],"product_cat":[42],"product_tag":[],"class_list":{"0":"post-35423","1":"product","2":"type-product","3":"status-publish","4":"has-post-thumbnail","6":"product_cat-derek-prince","7":"pa_autori-derek-prince","8":"pa_format-carte-tiparita","10":"first","11":"outofstock","12":"shipping-taxable","13":"purchasable","14":"product-type-variable","15":"has-default-attributes"},"acf":[],"_links":{"self":[{"href":"https:\/\/alfaomega.tv\/librarie\/wp-json\/wp\/v2\/product\/35423","targetHints":{"allow":["GET"]}}],"collection":[{"href":"https:\/\/alfaomega.tv\/librarie\/wp-json\/wp\/v2\/product"}],"about":[{"href":"https:\/\/alfaomega.tv\/librarie\/wp-json\/wp\/v2\/types\/product"}],"wp:featuredmedia":[{"embeddable":true,"href":"https:\/\/alfaomega.tv\/librarie\/wp-json\/wp\/v2\/media\/7013"}],"wp:attachment":[{"href":"https:\/\/alfaomega.tv\/librarie\/wp-json\/wp\/v2\/media?parent=35423"}],"wp:term":[{"taxonomy":"product_brand","embeddable":true,"href":"https:\/\/alfaomega.tv\/librarie\/wp-json\/wp\/v2\/product_brand?post=35423"},{"taxonomy":"product_cat","embeddable":true,"href":"https:\/\/alfaomega.tv\/librarie\/wp-json\/wp\/v2\/product_cat?post=35423"},{"taxonomy":"product_tag","embeddable":true,"href":"https:\/\/alfaomega.tv\/librarie\/wp-json\/wp\/v2\/product_tag?post=35423"}],"curies":[{"name":"wp","href":"https:\/\/api.w.org\/{rel}","templated":true}]}}