{"id":35425,"date":"2025-08-29T12:56:33","date_gmt":"2025-08-29T12:56:33","guid":{"rendered":"https:\/\/alfaomega.tv\/librarie\/?post_type=product&#038;p=35425"},"modified":"2025-10-03T08:54:35","modified_gmt":"2025-10-03T08:54:35","slug":"esti-important-pentru-dumnezeu","status":"publish","type":"product","link":"https:\/\/alfaomega.tv\/librarie\/produse\/derek-prince\/esti-important-pentru-dumnezeu\/","title":{"rendered":"E\u015fti important pentru Dumnezeu"},"content":{"rendered":"<div class=\"woocommerce-tabs sevencol clearfix\">\n<div id=\"tab-description\" class=\"panel entry-content\">\n<p>Dac\u0103 am putea \u00een\u0163elege c\u00e2t de mult cont\u0103m pentru Dumnezeu, am putea privi lumea din jurul nostru \u2013 \u015fi \u00eens\u0103\u015fi ve\u015fnicia \u2013 cu al\u0163i ochi. Ad\u00e2ncindu-se \u00een pasaje minunate din Scriptur\u0103, Derek Prince ne arat\u0103 percep\u0163ia lui Dumnezeu cu privire la omenire. Cu profunzime, \u00een\u0163elegere \u015fi sensibilitate, autorul expune unul dintre cele mai mari adev\u0103ruri din toate timpurile: e\u015fti de nepre\u0163uit pentru Domnul nostru. Fii eliberat de vinov\u0103\u0163ie, nesiguran\u0163\u0103, team\u0103 \u015fi ru\u015fine. \u00cen\u0163elege locul t\u0103u special \u00een contextul \u00eentregii crea\u0163ii a lui Dumnezeu.<\/p>\n<p><strong>Cuprins:<\/strong><br \/>1. \u00ce\u0163i dai seama c\u00e2t de valoros e\u015fti?<br \/>2. Ratarea destinului nostru<br \/>3. Descoper\u0103-te pe tine \u00eensu\u0163i \u00een oglinda lui Dumnezeu<br \/>4. Duh, suflet \u015fi trup<br \/>5. R\u0103zvr\u0103tirea originar\u0103<br \/>6. Descoperirea remediului<br \/>7. Cum se \u00eent\u00e2mpl\u0103 totul<br \/>8. Planul lui Dumnezeu de subordonare<br \/>9. C\u0103derea din spiritual \u00een sufletesc<br \/>10. Sfin\u0163irea deplin\u0103<br \/>11. Punctul culminant al destinului vie\u0163ii<br \/>12. Vom fi schimba\u0163i<br \/>13. Tu e\u015fti comoara<\/p>\n<\/p>\n<p>Num\u0103r de pagini: 172<\/p>\n<\/div>\n<\/div>\n","protected":false},"excerpt":{"rendered":"<p>Cu profunzime, \u00een\u0163elegere \u015fi sensibilitate, autorul expune unul dintre cele mai mari adev\u0103ruri din toate timpurile: e\u015fti de nepre\u0163uit pentru Domnul nostru. Fii eliberat de vinov\u0103\u0163ie, nesiguran\u0163\u0103, team\u0103 \u015fi ru\u015fine. \u00cen\u0163elege locul t\u0103u special \u00een contextul \u00eentregii crea\u0163ii a lui Dumnezeu.<\/p>\n","protected":false},"featured_media":7015,"template":"","meta":{"_acf_changed":false},"product_brand":[],"product_cat":[42],"product_tag":[],"class_list":{"0":"post-35425","1":"product","2":"type-product","3":"status-publish","4":"has-post-thumbnail","6":"product_cat-derek-prince","7":"pa_autori-derek-prince","8":"pa_format-carte-tiparita","10":"first","11":"outofstock","12":"shipping-taxable","13":"purchasable","14":"product-type-variable","15":"has-default-attributes"},"acf":[],"_links":{"self":[{"href":"https:\/\/alfaomega.tv\/librarie\/wp-json\/wp\/v2\/product\/35425","targetHints":{"allow":["GET"]}}],"collection":[{"href":"https:\/\/alfaomega.tv\/librarie\/wp-json\/wp\/v2\/product"}],"about":[{"href":"https:\/\/alfaomega.tv\/librarie\/wp-json\/wp\/v2\/types\/product"}],"wp:featuredmedia":[{"embeddable":true,"href":"https:\/\/alfaomega.tv\/librarie\/wp-json\/wp\/v2\/media\/7015"}],"wp:attachment":[{"href":"https:\/\/alfaomega.tv\/librarie\/wp-json\/wp\/v2\/media?parent=35425"}],"wp:term":[{"taxonomy":"product_brand","embeddable":true,"href":"https:\/\/alfaomega.tv\/librarie\/wp-json\/wp\/v2\/product_brand?post=35425"},{"taxonomy":"product_cat","embeddable":true,"href":"https:\/\/alfaomega.tv\/librarie\/wp-json\/wp\/v2\/product_cat?post=35425"},{"taxonomy":"product_tag","embeddable":true,"href":"https:\/\/alfaomega.tv\/librarie\/wp-json\/wp\/v2\/product_tag?post=35425"}],"curies":[{"name":"wp","href":"https:\/\/api.w.org\/{rel}","templated":true}]}}