{"id":35427,"date":"2025-08-29T12:56:34","date_gmt":"2025-08-29T12:56:34","guid":{"rendered":"https:\/\/alfaomega.tv\/librarie\/?post_type=product&#038;p=35427"},"modified":"2025-08-29T12:56:43","modified_gmt":"2025-08-29T12:56:43","slug":"legamantul-casniciei","status":"publish","type":"product","link":"https:\/\/alfaomega.tv\/librarie\/produse\/derek-prince\/legamantul-casniciei\/","title":{"rendered":"Leg\u0103m\u00e2ntul c\u0103sniciei"},"content":{"rendered":"<div class=\"woocommerce-tabs sevencol clearfix\">\n<div id=\"tab-description\" class=\"panel entry-content\">\n<p>O c\u0103snicie \u00eemplinit\u0103 \u015fi fericit\u0103 este una dintre cele mai mari binecuv\u00e2nt\u0103ri pe care Dumnezeu le-a r\u00e2nduit pentru noi. Necunosc\u00e2nd \u201eregulamentul\u201d lui Dumnezeu, care a \u00eenfiin\u0163at c\u0103snicia, nu ne putem a\u015ftepta la succes. De aceea, este neap\u0103rat necesar s\u0103 cunoa\u015ftem principiile care stau la baza acestui leg\u0103m\u00e2nt.<\/p>\n<p><strong>CUPRINS:<\/strong><br \/>Prefa\u0163\u0103 de Ruth Prince<\/p>\n<p><strong>1. C\u0103snicia este un leg\u0103m\u00e2nt<\/strong><br \/>Un scurt istoric al vie\u0163ii mele<br \/>C\u0103snicia este o tain\u0103<br \/>Standardul lui Isus pentru c\u0103snicie<br \/>O funie \u00eempletit\u0103 \u00een trei<\/p>\n<p><strong>2. Natura leg\u0103m\u00e2ntului<\/strong><br \/>Defini\u0163ia leg\u0103m\u00e2ntului<br \/>Leg\u0103m\u00e2ntul: baza unei rela\u0163ii<br \/>Leg\u0103m\u00e2ntul lui Dumnezeu cu Avram<br \/>Leg\u0103m\u00e2ntul este valabil numai prin moarte<\/p>\n<p><strong>3. Unirea dintre b\u0103rbat \u015fi femeie<\/strong><br \/>Contribu\u0163ia so\u0163iei<br \/>Contribu\u0163ia so\u0163ului<br \/>Unirea conduce la cunoa\u015ftere<\/p>\n<p><strong>4. Unirea cu Dumnezeu<\/strong><br \/>Dumnezeu \u2013 So\u0163ul poporului S\u0103u<br \/>Un singur duh cu Dumnezeu<br \/>Scopul vie\u0163ii este s\u0103-L cuno\u015fti pe Dumnezeu<\/p>\n<p><strong>5. Unirea cu poporul lui Dumnezeu<\/strong><br \/>Leg\u0103m\u00e2ntul ne face un popor<br \/>Rela\u0163ii de leg\u0103m\u00e2nt: verticale \u015fi orizontale<br \/>Numai moartea face ca leg\u0103m\u00e2ntul s\u0103 fie valabil<br \/>Noul stil de via\u0163\u0103: koinonia<br \/>Pre\u0163ul pentru koinonia<\/p>\n<p><strong>6. Momentul deciziei<\/strong><br \/>Dedicare fa\u0163\u0103 de Dumnezeu<br \/>Dedicare fa\u0163\u0103 de partenerul t\u0103u<br \/>Dedicare fa\u0163\u0103 de poporul lui Dumnezeu<\/p>\n<\/p>\n<p>Num\u0103r de pagini: 82<\/p>\n<\/div>\n<\/div>\n","protected":false},"excerpt":{"rendered":"<p>O c\u0103snicie \u00eemplinit\u0103 \u015fi fericit\u0103 este una dintre cele mai mari binecuv\u00e2nt\u0103ri pe care Dumnezeu le-a r\u00e2nduit pentru noi. Necunosc\u00e2nd \u201eregulamentul\u201d lui Dumnezeu, care a \u00eenfiin\u0163at c\u0103snicia, nu ne putem a\u015ftepta la succes. De aceea, este neap\u0103rat necesar s\u0103 cunoa\u015ftem principiile care stau la baza acestui leg\u0103m\u00e2nt.<\/p>\n","protected":false},"featured_media":7017,"template":"","meta":{"_acf_changed":false},"product_brand":[],"product_cat":[42],"product_tag":[],"class_list":{"0":"post-35427","1":"product","2":"type-product","3":"status-publish","4":"has-post-thumbnail","6":"product_cat-derek-prince","7":"pa_autori-derek-prince","8":"pa_format-carte-tiparita","10":"first","11":"instock","12":"shipping-taxable","13":"purchasable","14":"product-type-variable","15":"has-default-attributes"},"acf":[],"_links":{"self":[{"href":"https:\/\/alfaomega.tv\/librarie\/wp-json\/wp\/v2\/product\/35427","targetHints":{"allow":["GET"]}}],"collection":[{"href":"https:\/\/alfaomega.tv\/librarie\/wp-json\/wp\/v2\/product"}],"about":[{"href":"https:\/\/alfaomega.tv\/librarie\/wp-json\/wp\/v2\/types\/product"}],"wp:featuredmedia":[{"embeddable":true,"href":"https:\/\/alfaomega.tv\/librarie\/wp-json\/wp\/v2\/media\/7017"}],"wp:attachment":[{"href":"https:\/\/alfaomega.tv\/librarie\/wp-json\/wp\/v2\/media?parent=35427"}],"wp:term":[{"taxonomy":"product_brand","embeddable":true,"href":"https:\/\/alfaomega.tv\/librarie\/wp-json\/wp\/v2\/product_brand?post=35427"},{"taxonomy":"product_cat","embeddable":true,"href":"https:\/\/alfaomega.tv\/librarie\/wp-json\/wp\/v2\/product_cat?post=35427"},{"taxonomy":"product_tag","embeddable":true,"href":"https:\/\/alfaomega.tv\/librarie\/wp-json\/wp\/v2\/product_tag?post=35427"}],"curies":[{"name":"wp","href":"https:\/\/api.w.org\/{rel}","templated":true}]}}