{"id":35429,"date":"2025-08-29T12:56:34","date_gmt":"2025-08-29T12:56:34","guid":{"rendered":"https:\/\/alfaomega.tv\/librarie\/?post_type=product&#038;p=35429"},"modified":"2025-10-03T08:07:18","modified_gmt":"2025-10-03T08:07:18","slug":"pus-deoparte-pentru-dumnezeu","status":"publish","type":"product","link":"https:\/\/alfaomega.tv\/librarie\/produse\/derek-prince\/pus-deoparte-pentru-dumnezeu\/","title":{"rendered":"Pus deoparte pentru Dumnezeu"},"content":{"rendered":"<div class=\"woocommerce-tabs sevencol clearfix\">\n<div id=\"tab-description\" class=\"panel entry-content\">\n<p>Adev\u0103rata sfin\u0163enie \u00een Hristos \u00eenseamn\u0103 pace, libertate, putere \u015fi bucurie dac\u0103 tr\u0103im \u00een conformitate cu Duhul \u015fi lep\u0103d\u0103m greutatea spiritual\u0103 \u015fi emo\u0163ional\u0103 care ne trag \u00eenapoi. Autorul explic\u0103 via\u0163a tr\u0103it\u0103 \u00een sfin\u0163enie, astfel \u00eenc\u00e2t s\u0103 po\u0163i reflecta natura \u015fi caracterul lui Dumnezeu, s\u0103-\u0163i afli valoarea personal\u0103, s\u0103 prime\u015fti r\u0103spunsuri la rug\u0103ciuni, s\u0103 birui teama \u015fi condamnarea \u015fi s\u0103 fii echipat pentru a face fapte bune.<\/p>\n<p><strong>Cuprins:<\/strong><br \/>1. Ce este sfin\u0163enia?<br \/>2. \u201eSf\u00e2nt, sf\u00e2nt, sf\u00e2nt\u201d<br \/>3. Sfin\u0163enia \u00een Scriptur\u0103<br \/>4. Dumnezeu cere sfin\u0163enie<br \/>5. Tr\u0103s\u0103tura distinctiv\u0103 a poporului lui Dumnezeu<br \/>6. Cur\u0103\u0163irea de care avem nevoie<br \/>7. O revelare a sfin\u0163eniei lui Dumnezeu<br \/>8. Disciplinare divin\u0103 \u015fi via\u0163\u0103 din bel\u015fug<br \/>9. Frumuse\u0163e spiritual\u0103<br \/>10. Purtarea de grij\u0103 a lui Dumnezeu \u00een ce prive\u015fte sfin\u0163enia<br \/>11. \u0162ara promisiunilor<br \/>12. \u015eapte aspecte privind purtarea de grij\u0103 a Domnului \u00een vederea sfin\u0163irii<br \/>13. Cum lucreaz\u0103 sfin\u0163enia \u00een noi<br \/>14. S\u00e2ngele \u015fi Cuv\u00e2ntul<br \/>15. Oglindirea<br \/>16. Credin\u0163a \u015fi faptele: r\u0103spunsul nostru<br \/>17. Pa\u015fi practici spre sfin\u0163ire<br \/>18. Secretul minunat<br \/>19. O jertf\u0103 vie<br \/>20. Modelarea vie\u0163ii tale<\/p>\n<\/p>\n<p>Num\u0103r de pagini: 240<\/p>\n<\/div>\n<\/div>\n","protected":false},"excerpt":{"rendered":"<p>Autorul explic\u0103 via\u0163a tr\u0103it\u0103 \u00een sfin\u0163enie, astfel \u00eenc\u00e2t s\u0103 po\u0163i reflecta natura \u015fi caracterul lui Dumnezeu, s\u0103-\u0163i afli valoarea personal\u0103, s\u0103 prime\u015fti r\u0103spunsuri la rug\u0103ciuni, s\u0103 birui teama \u015fi condamnarea \u015fi s\u0103 fii echipat pentru a face fapte bune.<\/p>\n","protected":false},"featured_media":7019,"template":"","meta":{"_acf_changed":false},"product_brand":[],"product_cat":[42],"product_tag":[],"class_list":{"0":"post-35429","1":"product","2":"type-product","3":"status-publish","4":"has-post-thumbnail","6":"product_cat-derek-prince","7":"pa_autori-derek-prince","8":"pa_format-carte-tiparita","10":"first","11":"outofstock","12":"shipping-taxable","13":"purchasable","14":"product-type-variable","15":"has-default-attributes"},"acf":[],"_links":{"self":[{"href":"https:\/\/alfaomega.tv\/librarie\/wp-json\/wp\/v2\/product\/35429","targetHints":{"allow":["GET"]}}],"collection":[{"href":"https:\/\/alfaomega.tv\/librarie\/wp-json\/wp\/v2\/product"}],"about":[{"href":"https:\/\/alfaomega.tv\/librarie\/wp-json\/wp\/v2\/types\/product"}],"wp:featuredmedia":[{"embeddable":true,"href":"https:\/\/alfaomega.tv\/librarie\/wp-json\/wp\/v2\/media\/7019"}],"wp:attachment":[{"href":"https:\/\/alfaomega.tv\/librarie\/wp-json\/wp\/v2\/media?parent=35429"}],"wp:term":[{"taxonomy":"product_brand","embeddable":true,"href":"https:\/\/alfaomega.tv\/librarie\/wp-json\/wp\/v2\/product_brand?post=35429"},{"taxonomy":"product_cat","embeddable":true,"href":"https:\/\/alfaomega.tv\/librarie\/wp-json\/wp\/v2\/product_cat?post=35429"},{"taxonomy":"product_tag","embeddable":true,"href":"https:\/\/alfaomega.tv\/librarie\/wp-json\/wp\/v2\/product_tag?post=35429"}],"curies":[{"name":"wp","href":"https:\/\/api.w.org\/{rel}","templated":true}]}}