{"id":35431,"date":"2025-08-29T12:56:34","date_gmt":"2025-08-29T12:56:34","guid":{"rendered":"https:\/\/alfaomega.tv\/librarie\/?post_type=product&#038;p=35431"},"modified":"2025-08-29T12:56:43","modified_gmt":"2025-08-29T12:56:43","slug":"puterea-numelui-sau","status":"publish","type":"product","link":"https:\/\/alfaomega.tv\/librarie\/produse\/derek-prince\/puterea-numelui-sau\/","title":{"rendered":"Puterea Numelui S\u0103u"},"content":{"rendered":"<div class=\"woocommerce-tabs sevencol clearfix\">\n<div id=\"tab-description\" class=\"panel entry-content\">\n<p>Autorul Derek Prince te ajut\u0103 s\u0103 descoperi caracterul \u015fi puterea divin\u0103 a lui Dumnezeu, explor\u00e2nd multe Nume \u015fi titluri ale Sale. Pe m\u0103sur\u0103 ce ajungi s\u0103 \u00cel cuno\u015fti mai \u00eendeaproape pe Dumnezeu, vei beneficia de binecuv\u00e2nt\u0103rile numeroaselor Sale promisiuni. \u00cenva\u0163\u0103 s\u0103-I recuno\u015fti prezen\u0163a, s\u0103-I pre\u0163uie\u015fti atributele \u015fi s\u0103-L cuno\u015fti mai bine.<\/p>\n<p><strong>CUPRINS:<\/strong><br \/><strong>Sec\u0163iunea I: Dumnezeu revelat \u00een Numele Sale<\/strong><br \/>Introducere: Unitate \u015fi pluralitate: Tat\u0103, Fiu \u015fi Duh Sf\u00e2nt<br \/>1. Elohim<br \/>2. Iehova sau Yahweh<br \/>3. Cel ce poart\u0103 de grij\u0103<br \/>4. Cel ce vindec\u0103<br \/>5. Cel ce este Steagul nostru<br \/>6. Cel ce este Pacea noastr\u0103<br \/>7. Cel ce este P\u0103storul nostru<br \/>8. Cel ce este Neprih\u0103nirea noastr\u0103<br \/>9. Cel ce este aici<\/p>\n<p><strong>Sec\u0163iunea II: \u201eDeghiz\u0103rile\u201d lui Dumnezeu<\/strong><br \/>Introducere: De ce folose\u015fte Dumnezeu \u201edeghiz\u0103ri\u201d?<br \/>10. Fiul t\u00e2mplarului<br \/>11. Copiii<br \/>12. Mesagerii lui Dumnezeu<br \/>13. Oamenii persecuta\u0163i ai lui Dumnezeu<\/p>\n<p><strong>Sec\u0163iunea III: Revela\u0163ia suprem\u0103 a lui Dumnezeu: Isus Hristos<\/strong><br \/>Introducere: Natura \u015fi scopurile lui Isus<br \/>14. Sfetnic Minunat<br \/>15. Prin\u0163 al P\u0103cii<br \/>16. Cuv\u00e2ntul lui Dumnezeu<br \/>17. Mielul lui Dumnezeu<br \/>18. Leul din semin\u0163ia lui Iuda<br \/>19. M\u00e2ntuitor<br \/>20. Hristos sau Mesia<br \/>21. Alfa \u015fi Omega<br \/>22. Luceaf\u0103rul str\u0103lucitor de diminea\u0163\u0103<br \/>23. \u00cemp\u0103ratul \u00eemp\u0103ra\u0163ilor \u015fi Domnul domnilor<\/p>\n<\/p>\n<p>Num\u0103r de pagini: 206<\/p>\n<\/div>\n<\/div>\n","protected":false},"excerpt":{"rendered":"<p>Autorul Derek Prince te ajut\u0103 s\u0103 descoperi caracterul \u015fi puterea divin\u0103 a lui Dumnezeu, explor\u00e2nd multe Nume \u015fi titluri ale Sale. Pe m\u0103sur\u0103 ce ajungi s\u0103 \u00cel cuno\u015fti mai \u00eendeaproape pe Dumnezeu, vei beneficia de binecuv\u00e2nt\u0103rile numeroaselor Sale promisiuni.<\/p>\n","protected":false},"featured_media":7021,"template":"","meta":{"_acf_changed":false},"product_brand":[],"product_cat":[42],"product_tag":[],"class_list":{"0":"post-35431","1":"product","2":"type-product","3":"status-publish","4":"has-post-thumbnail","6":"product_cat-derek-prince","7":"pa_autori-derek-prince","8":"pa_format-carte-tiparita","10":"first","11":"outofstock","12":"shipping-taxable","13":"purchasable","14":"product-type-variable","15":"has-default-attributes"},"acf":[],"_links":{"self":[{"href":"https:\/\/alfaomega.tv\/librarie\/wp-json\/wp\/v2\/product\/35431","targetHints":{"allow":["GET"]}}],"collection":[{"href":"https:\/\/alfaomega.tv\/librarie\/wp-json\/wp\/v2\/product"}],"about":[{"href":"https:\/\/alfaomega.tv\/librarie\/wp-json\/wp\/v2\/types\/product"}],"wp:featuredmedia":[{"embeddable":true,"href":"https:\/\/alfaomega.tv\/librarie\/wp-json\/wp\/v2\/media\/7021"}],"wp:attachment":[{"href":"https:\/\/alfaomega.tv\/librarie\/wp-json\/wp\/v2\/media?parent=35431"}],"wp:term":[{"taxonomy":"product_brand","embeddable":true,"href":"https:\/\/alfaomega.tv\/librarie\/wp-json\/wp\/v2\/product_brand?post=35431"},{"taxonomy":"product_cat","embeddable":true,"href":"https:\/\/alfaomega.tv\/librarie\/wp-json\/wp\/v2\/product_cat?post=35431"},{"taxonomy":"product_tag","embeddable":true,"href":"https:\/\/alfaomega.tv\/librarie\/wp-json\/wp\/v2\/product_tag?post=35431"}],"curies":[{"name":"wp","href":"https:\/\/api.w.org\/{rel}","templated":true}]}}