{"id":35433,"date":"2025-08-29T12:56:34","date_gmt":"2025-08-29T12:56:34","guid":{"rendered":"https:\/\/alfaomega.tv\/librarie\/?post_type=product&#038;p=35433"},"modified":"2025-08-29T12:56:43","modified_gmt":"2025-08-29T12:56:43","slug":"rascumparat-cu-sange","status":"publish","type":"product","link":"https:\/\/alfaomega.tv\/librarie\/produse\/derek-prince\/rascumparat-cu-sange\/","title":{"rendered":"R\u0103scump\u0103rat cu s\u00e2nge"},"content":{"rendered":"<div class=\"woocommerce-tabs sevencol clearfix\">\n<div id=\"tab-description\" class=\"panel entry-content\">\n<p><em>Descoper\u0103 extravaganta purtare de grij\u0103 a lui Dumnezeu pentru toate nevoile tale.<\/em><\/p>\n<p>La cruce, Hristos a \u00eendurat tot r\u0103ul care \u0163i se cuvenea \u015fi, \u00een schimb, \u0163i-a pus la dispozi\u0163ie tot binele ce I se cuvenea. \u00cen aceast\u0103 carte provocatoare \u015fi bogat\u0103 \u00een Scripturi, Derek Prince exploreaz\u0103 cele nou\u0103 \u201eschimburi divine\u201d ale isp\u0103\u015firii.<\/p>\n<p>Deoarece nu este suficient numai s\u0103 cunoa\u015ftem doctrina despre isp\u0103\u015fire, Derek Prince prezint\u0103 mijloacele prin care ea poate deveni \u00een mod practic o realitate \u00een experien\u0163a noastr\u0103 personal\u0103, \u015fi anume prin poc\u0103in\u0163\u0103, credin\u0163\u0103 \u015fi rela\u0163ia cu Duhul Sf\u00e2nt.<\/p>\n<p>\u00cen locul pedepsei, a r\u0103nilor, a mor\u0163ii, a s\u0103r\u0103ciei, a ru\u015finii \u015fi a respingerii, Hristos ne d\u0103 \u00een dar iertarea, vindecarea, via\u0163a, bel\u015fugul, gloria \u015fi acceptarea. Autorul ofer\u0103 baza biblic\u0103 pentru cinci domenii de eliberare pe care Domnul Isus le pune la dispozi\u0163ia noastr\u0103 prin cruce: eliberarea de sub influen\u0163a veacului acestuia, de Lege, de sine, de fire \u015fi de lume.<\/p>\n<p><strong>CUPRINS:<\/strong><br \/><strong>Sec\u0163iunea I \u2013 Crucea \u00een centru<\/strong><br \/>1. O jertf\u0103 atotsuficient\u0103<br \/>2. Des\u0103v\u00e2r\u015fi\u0163i pentru totdeauna<br \/>3. Un schimb hot\u0103r\u00e2t de Divinitate<\/p>\n<p><strong>Sec\u0163iunea II \u2013 Cele nou\u0103 schimburi<\/strong><br \/>4. Iertare \u015fi vindecare<br \/>5. Neprih\u0103nire \u00een locul p\u0103catului<br \/>6. Via\u0163\u0103 \u00een locul mor\u0163ii<br \/>7. Binecuv\u00e2ntare \u00een locul blestemului<br \/>8. Bel\u015fug \u00een locul s\u0103r\u0103ciei<br \/>9. Glorie \u00een locul ru\u015finii<br \/>10. Acceptare \u00een locul respingerii<br \/>11. Omul nou \u00een locul omului vechi<\/p>\n<p><strong>Sec\u0163iunea III \u2013 Cinci aspecte ale eliber\u0103rii<\/strong><br \/>12. Eliberare de influen\u0163a acestui veac<br \/>13. Eliberare de Lege \u015fi de sine<br \/>14. Eliberare de firea p\u0103m\u00e2nteasc\u0103<br \/>15. Eliberare de lume<\/p>\n<p><strong>Sec\u0163iunea IV \u2013 Cum ne putem \u00eensu\u015fi ceea ce Dumnezeu a asigurat pentru noi<\/strong><br \/>16. De la actul juridic la experimentare<br \/>17. Ghid personal pentru o m\u00e2ntuire complet\u0103<br \/>18. Intrarea \u00een posesia lucrurilor ce ne apar\u0163in<\/p>\n<p><a href=\"http:\/\/neemia.ro\/produs\/carti\/rascumparat-cu-sange-manual-de-studiu\/\"><img loading=\"lazy\" decoding=\"async\" src=\"http:\/\/neemia.ro\/wp-content\/uploads\/2013\/05\/rascumparat-cu-sange-manual-de-studiu-130x185.jpg\" alt=\"Rascumparat cu sange - Manual de studiu\" width=\"130\" height=\"185\" class=\"size-thumbnail wp-image-196 alignleft\" \/><\/a><\/p>\n<p>Pentru o aprofundare c\u00e2t mai eficient\u0103 a adev\u0103rurilor biblice din aceast\u0103 carte, venim \u00een \u00eent\u00e2mpinarea acestei nevoi cu un instrument adiacent:<\/p>\n<p><strong>Manualul de studiu \u2013 R\u0103scump\u0103rat cu s\u00e2nge.<\/strong><\/p>\n<p>Acest manual, prin \u00eentreb\u0103rile utile \u015fi provocatoare, este recomandat at\u00e2t pentru studiul personal, c\u00e2t \u015fi pentru studiul \u00een grupuri mici.<\/p>\n<\/p>\n<p>Num\u0103r de pagini: 250<\/p>\n<\/div>\n<\/div>\n","protected":false},"excerpt":{"rendered":"<p>Autorul ofer\u0103 baza biblic\u0103 pentru cinci domenii de eliberare pe care Domnul Isus le pune la dispozi\u0163ia noastr\u0103 prin cruce: eliberarea de sub influen\u0163a veacului acestuia, de Lege, de sine, de fire \u015fi de lume.<\/p>\n","protected":false},"featured_media":7023,"template":"","meta":{"_acf_changed":false},"product_brand":[],"product_cat":[42],"product_tag":[],"class_list":{"0":"post-35433","1":"product","2":"type-product","3":"status-publish","4":"has-post-thumbnail","6":"product_cat-derek-prince","7":"pa_autori-derek-prince","8":"pa_format-carte-tiparita","10":"first","11":"instock","12":"shipping-taxable","13":"purchasable","14":"product-type-variable","15":"has-default-attributes"},"acf":[],"_links":{"self":[{"href":"https:\/\/alfaomega.tv\/librarie\/wp-json\/wp\/v2\/product\/35433","targetHints":{"allow":["GET"]}}],"collection":[{"href":"https:\/\/alfaomega.tv\/librarie\/wp-json\/wp\/v2\/product"}],"about":[{"href":"https:\/\/alfaomega.tv\/librarie\/wp-json\/wp\/v2\/types\/product"}],"wp:featuredmedia":[{"embeddable":true,"href":"https:\/\/alfaomega.tv\/librarie\/wp-json\/wp\/v2\/media\/7023"}],"wp:attachment":[{"href":"https:\/\/alfaomega.tv\/librarie\/wp-json\/wp\/v2\/media?parent=35433"}],"wp:term":[{"taxonomy":"product_brand","embeddable":true,"href":"https:\/\/alfaomega.tv\/librarie\/wp-json\/wp\/v2\/product_brand?post=35433"},{"taxonomy":"product_cat","embeddable":true,"href":"https:\/\/alfaomega.tv\/librarie\/wp-json\/wp\/v2\/product_cat?post=35433"},{"taxonomy":"product_tag","embeddable":true,"href":"https:\/\/alfaomega.tv\/librarie\/wp-json\/wp\/v2\/product_tag?post=35433"}],"curies":[{"name":"wp","href":"https:\/\/api.w.org\/{rel}","templated":true}]}}