{"id":35435,"date":"2025-08-29T12:56:35","date_gmt":"2025-08-29T12:56:35","guid":{"rendered":"https:\/\/alfaomega.tv\/librarie\/?post_type=product&#038;p=35435"},"modified":"2025-08-29T12:56:43","modified_gmt":"2025-08-29T12:56:43","slug":"soti-si-tati","status":"publish","type":"product","link":"https:\/\/alfaomega.tv\/librarie\/produse\/derek-prince\/soti-si-tati\/","title":{"rendered":"So\u0163i \u015fi ta\u0163i"},"content":{"rendered":"<div class=\"woocommerce-tabs sevencol clearfix\">\n<div id=\"tab-description\" class=\"panel entry-content\">\n<p>\u00cen aceast\u0103 carte, Derek Prince stabile\u015fte fundamentul biblic pentru fiecare b\u0103rbat care \u00ee\u015fi dore\u015fte s\u0103 fie un so\u0163 \u015fi un tat\u0103 \u00een conformitate cu voia lui Dumnezeu, ajung\u00e2nd astfel s\u0103 exceleze \u00een aceste roluri. At\u00e2t so\u0163ii, c\u00e2t \u015fi so\u0163iile vor g\u0103si \u00een paginile acestei c\u0103r\u0163i o perspectiv\u0103 de nepre\u0163uit \u015fi instruc\u0163iuni clare cu privire la via\u0163a de familie.<\/p>\n<p><strong>CUPRINS:<\/strong><br \/><strong>Partea I: Experien\u0163a personal\u0103<\/strong><br \/>1. Cum am devenit tat\u0103<\/p>\n<p><strong>Partea II: So\u0163i<\/strong><br \/>2. C\u0103snicia este un leg\u0103m\u00e2nt<br \/>3. Rolul so\u0163ului<br \/>4. Rolul so\u0163iei<br \/>5. Ingredientul care lipse\u015fte<br \/>6. Autoritatea spiritual\u0103 a unei c\u0103snicii armonioase<\/p>\n<p><strong>Partea III: Ta\u0163i<\/strong><br \/>7. Revela\u0163ia principal\u0103 a lui Dumnezeu<br \/>8. Tat\u0103l ca preot<br \/>9. Tat\u0103l ca profet<br \/>10. Tat\u0103l ca rege<br \/>11. O imagine a doi ta\u0163i<br \/>12. Atunci c\u00e2nd ta\u0163ii e\u015fueaz\u0103<br \/>13. E posibil s\u0103 fi e\u015fuat \u015fi tu?<br \/>14. Po\u0163i reu\u015fi!<br \/>15. Paternitate spiritual\u0103<br \/>16. Unde sunt ta\u0163ii spirituali?<br \/>17. Un cuv\u00e2nt adresat celor priva\u0163i de tat\u0103<\/p>\n<p>\u00a0<\/p>\n<p>Num\u0103r de pagini:\u00a0142<\/p>\n<\/div>\n<\/div>\n","protected":false},"excerpt":{"rendered":"<p>\u00cen aceast\u0103 carte, Derek Prince stabile\u015fte fundamentul biblic pentru fiecare b\u0103rbat care \u00ee\u015fi dore\u015fte s\u0103 fie un so\u0163 \u015fi un tat\u0103 \u00een conformitate cu voia lui Dumnezeu, ajung\u00e2nd astfel s\u0103 exceleze \u00een aceste roluri. At\u00e2t so\u0163ii, c\u00e2t \u015fi so\u0163iile vor g\u0103si \u00een paginile acestei c\u0103r\u0163i o perspectiv\u0103 de nepre\u0163uit \u015fi instruc\u0163iuni clare cu privire la via\u0163a de familie.<\/p>\n","protected":false},"featured_media":7025,"template":"","meta":{"_acf_changed":false},"product_brand":[],"product_cat":[42],"product_tag":[],"class_list":{"0":"post-35435","1":"product","2":"type-product","3":"status-publish","4":"has-post-thumbnail","6":"product_cat-derek-prince","7":"pa_autori-derek-prince","8":"pa_format-carte-tiparita","10":"first","11":"outofstock","12":"shipping-taxable","13":"purchasable","14":"product-type-variable","15":"has-default-attributes"},"acf":[],"_links":{"self":[{"href":"https:\/\/alfaomega.tv\/librarie\/wp-json\/wp\/v2\/product\/35435","targetHints":{"allow":["GET"]}}],"collection":[{"href":"https:\/\/alfaomega.tv\/librarie\/wp-json\/wp\/v2\/product"}],"about":[{"href":"https:\/\/alfaomega.tv\/librarie\/wp-json\/wp\/v2\/types\/product"}],"wp:featuredmedia":[{"embeddable":true,"href":"https:\/\/alfaomega.tv\/librarie\/wp-json\/wp\/v2\/media\/7025"}],"wp:attachment":[{"href":"https:\/\/alfaomega.tv\/librarie\/wp-json\/wp\/v2\/media?parent=35435"}],"wp:term":[{"taxonomy":"product_brand","embeddable":true,"href":"https:\/\/alfaomega.tv\/librarie\/wp-json\/wp\/v2\/product_brand?post=35435"},{"taxonomy":"product_cat","embeddable":true,"href":"https:\/\/alfaomega.tv\/librarie\/wp-json\/wp\/v2\/product_cat?post=35435"},{"taxonomy":"product_tag","embeddable":true,"href":"https:\/\/alfaomega.tv\/librarie\/wp-json\/wp\/v2\/product_tag?post=35435"}],"curies":[{"name":"wp","href":"https:\/\/api.w.org\/{rel}","templated":true}]}}