{"id":35439,"date":"2025-08-29T12:56:44","date_gmt":"2025-08-29T12:56:44","guid":{"rendered":"https:\/\/alfaomega.tv\/librarie\/?post_type=product&#038;p=35439"},"modified":"2025-09-04T10:27:01","modified_gmt":"2025-09-04T10:27:01","slug":"ekklesia","status":"publish","type":"product","link":"https:\/\/alfaomega.tv\/librarie\/produse\/slujind-trupul-lui-hristos\/ekklesia\/","title":{"rendered":"Ekklesia"},"content":{"rendered":"<h3 style=\"text-align: center\">Nu e un secret faptul c\u0103 Biserica ast\u0103zi \u0219i-a pierdut influen\u021ba \u00een cultur\u0103<\/h3>\n<p>Dar de ce? \u0218i dac\u0103 dispunem ast\u0103zi de o afluen\u021b\u0103 de tehnologie \u0219i cuno\u0219tin\u021b\u0103, de ce totu\u0219i suntme mai pu\u021bin efectivi dec\u00e2t Biserica primului secol \u2013 care nu dispunea de re\u021bele de socializare, de cl\u0103diri impun\u0103toare, de pastori califica\u021bi sau chiar de libertate religioas\u0103?<\/p>\n<p>Ce ne lipse\u0219te?<\/p>\n<p>Prin paginile revelatoare ale acestei c\u0103r\u021bi, autorul de bestselluri, Ed Silvoso, sap\u0103 ad\u00e2nc \u00een Scriptur\u0103 dezgrop\u00e2nd modelul real al lui Isus cu privire la Biseric\u0103 \u2013 Ekklesia Sa. El arat\u0103 cum Biserica timpurie radical\u0103 \u0219i nonconformist\u0103 era o for\u021b\u0103 de oameni care au reu\u0219it s\u0103 transforme locurile ostile \u0219i p\u0103g\u00e2ne \u00een care locuiau. Dr. Silvoso ne arat\u0103 cum putem noi, \u00een haosul social, economic \u0219i politic al lumii \u00een care tr\u0103im ast\u0103zi, s\u0103 devenim din nou acea Ekklesia revolu\u021bionar\u0103, transformatoare \u0219i restauratoare, dorit\u0103 de Isus.<\/p>\n<hr \/>\n<p>\u201eUna dintre cele mai grozave c\u0103r\u021bi scris\u0103 \u00een aceast\u0103 vreme. Genial\u0103, inspirat\u0103, profund\u0103 \u0219i provocatoare.\u201d &#8211; Bill Johnson, lider senior, Biserica Bethel, Redding, California<\/p>\n<p>\u201eEd nu doar vorbe\u0219te despre viziune, el ob\u021bine rezultate.\u201d &#8211; Loren Cunningham, fondator, Youth With a Mission (Tineri Pentru Misiune \u2013 n.tr.)<\/p>\n<p>\u201eUn mesaj care dezv\u0103luie cum s\u0103 vezi principiile \u00cemp\u0103r\u0103\u021biei implementate \u00eentr-un mod m\u0103iestrit, dar practic!\u201d &#8211; Cindy Jacobs, Generals International<\/p>\n<p>\u201eNu e doar o carte important\u0103 de citit \u0219i digerat \u2013 este o carte extraordinar de important\u0103!\u201d &#8211; C. Peter Wagner (1930-2016), Global Spheres, Inc.<\/p>\n<p>\u201eCartea aceasta ne duce \u00eenapoi la adev\u0103ratele chem\u0103ri ale lui Hristos. O recomand cu mult entuziasm!\u201d- Steven K. Scott, autorul c\u0103r\u021bii Jesus Speaks (Isus vorbe\u0219te \u2013 n.tr.)<\/p>\n<p>\u201ePrin Ekklesia, Ed Silvoso a creat o nou\u0103 capodoper\u0103.\u201d &#8211; Os Hillman, pre\u0219edinte al Marketplace Leaders<\/p>\n<p>\u201eV\u0103 promit c\u0103 perspectivele lui Ed prezentate \u00een aceast\u0103 carte v\u0103 vor schimba \u00een\u021belegerea cu privire la planul lui Dumnezeu pentru indivizi, biserici \u0219i lucr\u0103ri de slujire.\u201d &#8211; Dr. John Jackson, pre\u0219edinte al William Jessup University<\/p>\n<hr \/>\n<p> Nr de pagini: 321<\/p>\n","protected":false},"excerpt":{"rendered":"<p>Prin paginile revelatoare ale acestei c\u0103r\u021bi, Ed Silvoso, sap\u0103 ad\u00e2nc \u00een Scriptur\u0103 dezgrop\u00e2nd modelul real al lui Isus cu privire la Biseric\u0103 \u2013 Ekklesia Sa. El arat\u0103 cum Biserica timpurie radical\u0103 \u0219i nonconformist\u0103 era o for\u021b\u0103 de oameni care au reu\u0219it s\u0103 transforme locurile ostile \u0219i p\u0103g\u00e2ne \u00een care locuiau. Dr. Silvoso ne arat\u0103 cum putem noi, \u00een haosul social, economic \u0219i politic al lumii \u00een care tr\u0103im ast\u0103zi, s\u0103 devenim din nou acea Ekklesia revolu\u021bionar\u0103, transformatoare \u0219i restauratoare, dorit\u0103 de Isus.<\/p>\n","protected":false},"featured_media":7039,"template":"","meta":{"_acf_changed":false},"product_brand":[],"product_cat":[19],"product_tag":[],"class_list":{"0":"post-35439","1":"product","2":"type-product","3":"status-publish","4":"has-post-thumbnail","6":"product_cat-slujind-trupul-lui-hristos","7":"pa_autori-ed-silvoso","8":"pa_format-carte-tiparita","9":"pa_format-carte-electronica","11":"first","12":"instock","13":"shipping-taxable","14":"purchasable","15":"product-type-variable"},"acf":[],"_links":{"self":[{"href":"https:\/\/alfaomega.tv\/librarie\/wp-json\/wp\/v2\/product\/35439","targetHints":{"allow":["GET"]}}],"collection":[{"href":"https:\/\/alfaomega.tv\/librarie\/wp-json\/wp\/v2\/product"}],"about":[{"href":"https:\/\/alfaomega.tv\/librarie\/wp-json\/wp\/v2\/types\/product"}],"wp:featuredmedia":[{"embeddable":true,"href":"https:\/\/alfaomega.tv\/librarie\/wp-json\/wp\/v2\/media\/7039"}],"wp:attachment":[{"href":"https:\/\/alfaomega.tv\/librarie\/wp-json\/wp\/v2\/media?parent=35439"}],"wp:term":[{"taxonomy":"product_brand","embeddable":true,"href":"https:\/\/alfaomega.tv\/librarie\/wp-json\/wp\/v2\/product_brand?post=35439"},{"taxonomy":"product_cat","embeddable":true,"href":"https:\/\/alfaomega.tv\/librarie\/wp-json\/wp\/v2\/product_cat?post=35439"},{"taxonomy":"product_tag","embeddable":true,"href":"https:\/\/alfaomega.tv\/librarie\/wp-json\/wp\/v2\/product_tag?post=35439"}],"curies":[{"name":"wp","href":"https:\/\/api.w.org\/{rel}","templated":true}]}}