{"id":35441,"date":"2025-08-29T12:56:44","date_gmt":"2025-08-29T12:56:44","guid":{"rendered":"https:\/\/alfaomega.tv\/librarie\/?post_type=product&#038;p=35441"},"modified":"2025-09-03T11:56:26","modified_gmt":"2025-09-03T11:56:26","slug":"poporul-tau-va-fi-poporul-meu","status":"publish","type":"product","link":"https:\/\/alfaomega.tv\/librarie\/produse\/intelegerea-vremurilor-israel\/poporul-tau-va-fi-poporul-meu\/","title":{"rendered":"Poporul t\u0103u va fi poporul meu"},"content":{"rendered":"<h2>Este un moment crucial din istoria omenirii, iar Israelul \u0219i poporul s\u0103u sunt \u00een centrul aten\u021biei.<\/h2>\n<p> Cum va r\u0103spunde Biserica?<\/p>\n<p>\u00cen Vechiul Testament, Rut i-a f\u0103cut o promisiune lui Naomi: Poporul t\u0103u va fi poporul meu. \u00cens\u0103, de-a lungul mileniilor, am uitat de acea promisiune, le-am \u00eentors spatele evreilor, juc\u00e2nd chiar un rol major \u00een persecutarea lor.<br \/>Acum e momentul s\u0103 \u00eembr\u0103\u021bi\u0219\u0103m din nou promisiunea lui Rut  \u0219i pe poporul evreu.<br \/>\u00cen aceast\u0103 edi\u021bie revizuit\u0103 \u0219i actualizat\u0103, Don Finto, un lider \u00een rela\u021biile dintre cre\u0219tini \u0219i evrei, ne arat\u0103 ce scopuri are Dumnezeu acum pentru poporul cu care a \u00eencheiat un leg\u0103m\u00e2nt \u0219i modul \u00een care e afectat\u0103 Biserica de aceast\u0103 revela\u021bie.<br \/>\u00cen timp ce ne unim rug\u0103ciunile cu strig\u0103tele lui Israel, \u00eei accept\u0103m poporul \u0219i ne reconfirm\u0103m promisiunile, vom p\u0103trunde \u00eentr-o poveste care va schimba lumea \u2013 dar \u0219i vie\u021bile noastre \u2013 pentru totdeauna!<\/p>\n<\/p>\n<p>\u201eE o lectur\u0103 obligatorie pentru a \u00een\u021belege urm\u0103toarea, cea mai important\u0103, dar \u0219i ultima mi\u0219care a Duhului lui Dumnezeu pe p\u0103m\u00e2nt.\u201d &#8211; SID ROTH, pre\u0219edinte al Messianic Vision; gazd\u0103 a emisiunii It\u2019s Supernatural!<br \/>\u201eEste cea mai bun\u0103 carte despre Israel, despre poporul evreu \u0219i despre Biseric\u0103, put\u00e2nd crea pun\u021bi de leg\u0103tur\u0103 \u00eentre acestea!\u201d &#8211; JAMES W. GOLL, fondator Encounters Network, Prayer Storm \u0219i GET eSchool; autor de bestselleruri<br \/>\u201eNu po\u021bi citi aceast\u0103 carte actual\u0103, care schimb\u0103 vie\u021bi, \u0219i s\u0103 nu \u00een\u021belegi ce simte Dumnezeu pentru poporul evreu.\u201d &#8211; CINDY JACOBS, cofondatoare Generals International<br \/>\u201ePlanul lui Dumnezeu pentru Israel e controversat. Don Finto prezint\u0103 o incitant\u0103 perspectiv\u0103 biblic\u0103 a sentimentului lui Dumnezeu fa\u021b\u0103 de \u021aara Sf\u00e2nt\u0103. Astfel, ne ofer\u0103 o resurs\u0103 pre\u021bioas\u0103 \u0219i \u00een\u0103l\u021b\u0103toare pentru a-i putea atrage pe prietenii no\u0219tri evrei de partea lui Hristos.\u201d &#8211; FRANCIS FRANGIPANE, pastor fondator (pensionat) River of Life Ministries, Cedar Rapids, Iowa<br \/>\u201eAcum e momentul s\u0103 se \u00eemplineasc\u0103 parteneriatul dintre evrei \u0219i neamuri, a\u0219a cum a fost profe\u021bit \u00een cartea Rut. Poporul t\u0103u va fi poporul meu ar putea fi modul prin care noi am putea lua parte la m\u00e2ntuirea final\u0103 a Israelului.\u201d &#8211; EITAN SHISHKOFF, director fondator Tents of Mercy<\/p>\n<p>DON FINTO a slujit ca pastor \u00een biserica Belmont din Nashville timp de 25 de ani, fiind fondatorul \u0219i directorul organiza\u021biei Caleb Company. Fiind o persoan\u0103 marcant\u0103 \u00een cadrul rela\u021biilor dintre cre\u0219tini \u0219i evrei, el s-a implicat activ \u00een comunitatea evreilor credincio\u0219i din Statele Unite, dar \u0219i din Israel. Don \u0219i Martha Ann, so\u021bia lui, au trei copii, \u0219apte nepo\u021bi \u0219i un num\u0103r tot mai mare de str\u0103nepo\u021bi.<\/p>\n<\/p>\n<p>Nr de pagini: 235<\/p>\n","protected":false},"excerpt":{"rendered":"<p>\u00cen Vechiul Testament, Rut i-a f\u0103cut o promisiune lui Naomi: Poporul t\u0103u va fi poporul meu. \u00cens\u0103, de-a lungul mileniilor, am uitat de acea promisiune, le-am \u00eentors spatele evreilor, juc\u00e2nd chiar un rol major \u00een persecutarea lor.<br \/>\nAcum e momentul s\u0103 \u00eembr\u0103\u021bi\u0219\u0103m din nou promisiunea lui Rut  \u0219i pe poporul evreu.<\/p>\n","protected":false},"featured_media":7041,"template":"","meta":{"_acf_changed":false},"product_brand":[],"product_cat":[24],"product_tag":[],"class_list":{"0":"post-35441","1":"product","2":"type-product","3":"status-publish","4":"has-post-thumbnail","6":"product_cat-intelegerea-vremurilor-israel","7":"pa_autori-don-finto","8":"pa_format-carte-tiparita","9":"pa_format-carte-electronica","11":"first","12":"instock","13":"shipping-taxable","14":"purchasable","15":"product-type-variable"},"acf":[],"_links":{"self":[{"href":"https:\/\/alfaomega.tv\/librarie\/wp-json\/wp\/v2\/product\/35441","targetHints":{"allow":["GET"]}}],"collection":[{"href":"https:\/\/alfaomega.tv\/librarie\/wp-json\/wp\/v2\/product"}],"about":[{"href":"https:\/\/alfaomega.tv\/librarie\/wp-json\/wp\/v2\/types\/product"}],"wp:featuredmedia":[{"embeddable":true,"href":"https:\/\/alfaomega.tv\/librarie\/wp-json\/wp\/v2\/media\/7041"}],"wp:attachment":[{"href":"https:\/\/alfaomega.tv\/librarie\/wp-json\/wp\/v2\/media?parent=35441"}],"wp:term":[{"taxonomy":"product_brand","embeddable":true,"href":"https:\/\/alfaomega.tv\/librarie\/wp-json\/wp\/v2\/product_brand?post=35441"},{"taxonomy":"product_cat","embeddable":true,"href":"https:\/\/alfaomega.tv\/librarie\/wp-json\/wp\/v2\/product_cat?post=35441"},{"taxonomy":"product_tag","embeddable":true,"href":"https:\/\/alfaomega.tv\/librarie\/wp-json\/wp\/v2\/product_tag?post=35441"}],"curies":[{"name":"wp","href":"https:\/\/api.w.org\/{rel}","templated":true}]}}