{"id":35443,"date":"2025-08-29T12:56:44","date_gmt":"2025-08-29T12:56:44","guid":{"rendered":"https:\/\/alfaomega.tv\/librarie\/?post_type=product&#038;p=35443"},"modified":"2025-09-04T10:27:09","modified_gmt":"2025-09-04T10:27:09","slug":"rugaciunea-de-evanghelizare","status":"publish","type":"product","link":"https:\/\/alfaomega.tv\/librarie\/produse\/crestinul-si-societatea\/rugaciunea-de-evanghelizare\/","title":{"rendered":"Rug\u0103ciunea de evanghelizare"},"content":{"rendered":"<h3 style=\"text-align: center\">Poart\u0103 puterea transformatoare a lui Dumnezeu oriunde mergi<\/h3>\n<h5><em>Cuibul unei vr\u0103jitoare devine o oaz\u0103 a rug\u0103ciunii \u00een mai pu\u021bin de 60 de minute.<\/em><br \/><em>\u00cen lume, un pre\u0219edinte p\u0103g\u00e2n intr\u0103 \u00een contact cu \u00cemp\u0103r\u0103\u021bia lui Dumnezeu \u0219i \u00eentreaga na\u021biune culege binecuv\u00e2nt\u0103rile. <br \/><\/em><em>Num\u0103rul credincio\u0219ilor dintr-un ora\u0219 se dubleaz\u0103 dup\u0103 ce se folose\u0219te rug\u0103ciunea evanghelistic\u0103 pentru schimbarea climatului spiritual din acel loc. <br \/><\/em><em>Un fiu \u00eenfiat \u0219i tat\u0103l lui care l-a \u00eendep\u0103rtat se reunesc \u00een Hristos.<\/em><em><br \/><\/em><\/h5>\n<p>Aceste pove\u0219ti sunt adev\u0103rate \u0219i reflect\u0103 vie\u021bi \u0219i ora\u0219e transformate prin puterea rug\u0103ciunii evanghelistice.<br \/>\u00cen aceast\u0103 edi\u021bie revizuit\u0103 \u0219i actualizat\u0103 a c\u0103r\u021bii de o asemenea revela\u021bie, autorul cel mai bine v\u00e2ndut, Ed Silvoso arat\u0103 c\u0103 atunci c\u00e2nd schimbi climatul spiritual de peste un ora\u0219 \u2013 totul \u0219i toat\u0103 lumea \u2013 este transformat\u0103. Biserica Primar\u0103 \u0219tia acest lucru, iar aici Ed \u00eemp\u0103rt\u0103\u0219e\u0219te un plan dovedit, biblic \u0219i practic pentru a te ajuta s\u0103 intri \u00eentr-un parteneriat real \u0219i transformator cu Dumnezeu. Atunci c\u00e2nd o vei face, vei putea \u2013 \u0219i vei vedea lumea \u0219i climatul spiritual din jurul t\u0103u schimb\u00e2ndu-se. <br \/>\u00cemplinirea Marii Trimiteri nu mai reprezint\u0103 o n\u0103dejde \u00eendep\u0103rtat\u0103, ci este o realitate ce se apropie cu pa\u0219i repezi pe care o po\u021bi vedea \u00een cursul vie\u021bii tale. Este timpul s\u0103 te al\u0103turi efortului!<\/p>\n<p>Dr. Ed Silvoso, cel mai bine v\u00e2ndut autor instruit at\u00e2t \u00een teologie c\u00e2t \u0219i \u00een afaceri, este pre\u0219edintele \u0219i fondatorul Harvest Evangelism \u0219i lider al re\u021belei Transform Our World. Pute\u021bi afla mai multe pe transformourworld.org \u0219i edsilvoso.com<\/p>\n<p>Nr. de pagini: 252<\/p>\n","protected":false},"excerpt":{"rendered":"<p>Ed Silvoso arat\u0103 c\u0103 atunci c\u00e2nd schimbi climatul spiritual de peste un ora\u0219 \u2013 totul \u0219i toat\u0103 lumea \u2013 este transformat\u0103. Biserica Primar\u0103 \u0219tia acest lucru, iar aici Ed \u00eemp\u0103rt\u0103\u0219e\u0219te un plan dovedit, biblic \u0219i practic pentru a te ajuta s\u0103 intri \u00eentr-un parteneriat real \u0219i transformator cu Dumnezeu.<\/p>\n","protected":false},"featured_media":7043,"template":"","meta":{"_acf_changed":false},"product_brand":[],"product_cat":[30],"product_tag":[],"class_list":{"0":"post-35443","1":"product","2":"type-product","3":"status-publish","4":"has-post-thumbnail","6":"product_cat-crestinul-si-societatea","7":"pa_autori-ed-silvoso","8":"pa_format-carte-tiparita","9":"pa_format-carte-electronica","11":"first","12":"instock","13":"shipping-taxable","14":"purchasable","15":"product-type-variable"},"acf":[],"_links":{"self":[{"href":"https:\/\/alfaomega.tv\/librarie\/wp-json\/wp\/v2\/product\/35443","targetHints":{"allow":["GET"]}}],"collection":[{"href":"https:\/\/alfaomega.tv\/librarie\/wp-json\/wp\/v2\/product"}],"about":[{"href":"https:\/\/alfaomega.tv\/librarie\/wp-json\/wp\/v2\/types\/product"}],"wp:featuredmedia":[{"embeddable":true,"href":"https:\/\/alfaomega.tv\/librarie\/wp-json\/wp\/v2\/media\/7043"}],"wp:attachment":[{"href":"https:\/\/alfaomega.tv\/librarie\/wp-json\/wp\/v2\/media?parent=35443"}],"wp:term":[{"taxonomy":"product_brand","embeddable":true,"href":"https:\/\/alfaomega.tv\/librarie\/wp-json\/wp\/v2\/product_brand?post=35443"},{"taxonomy":"product_cat","embeddable":true,"href":"https:\/\/alfaomega.tv\/librarie\/wp-json\/wp\/v2\/product_cat?post=35443"},{"taxonomy":"product_tag","embeddable":true,"href":"https:\/\/alfaomega.tv\/librarie\/wp-json\/wp\/v2\/product_tag?post=35443"}],"curies":[{"name":"wp","href":"https:\/\/api.w.org\/{rel}","templated":true}]}}