{"id":35445,"date":"2025-08-29T12:56:44","date_gmt":"2025-08-29T12:56:44","guid":{"rendered":"https:\/\/alfaomega.tv\/librarie\/?post_type=product&#038;p=35445"},"modified":"2025-09-01T08:49:18","modified_gmt":"2025-09-01T08:49:18","slug":"talmidim","status":"publish","type":"product","link":"https:\/\/alfaomega.tv\/librarie\/produse\/bazele-crestinismului-ucenicizare\/talmidim\/","title":{"rendered":"Talmidim"},"content":{"rendered":"<h3 style=\"text-align: center\">CUM S\u0102 UCENICIZEZI PE ORICINE \u00ceN ORICE<\/h3>\n<p>Isus nu doar ne-a poruncit s\u0103 uceniciz\u0103m, ci ne-a \u0219i ar\u0103tat cum s\u0103 o facem. Atunci, de ce le este at\u00e2t de greu multora s\u0103 ucenicizeze \u00een mod eficient? Este oare pentru c\u0103 nici noi nu am fost uceniciza\u021bi cum trebuie?<\/p>\n<p>Conduc\u00e2nd o organiza\u021bie care se ocup\u0103 cu ucenicizarea a mii de oameni \u00een fiecare an, autorul Paul Clayton Gibbs ne ajut\u0103 s\u0103 reg\u00e2ndim la nivel fundamental procesul uceniciz\u0103rii, oferindu-ne o \u00een\u021belegere nou\u0103 asupra perspectivei lui Isus referitor la aceasta. Cercet\u00e2nd \u0219i aplic\u00e2nd metodele antice de ucenicizare, Gibbs ne ofer\u0103 un \u0219ablon simplu din 4 pa\u0219i menit s\u0103 te echipeze s\u0103 po\u021bi uceniciza pe oricine \u00een orice! Plus de asta, Talmidim Flow reprezint\u0103 o modalitate practic\u0103 prin care ucenicizarea poate fi f\u0103cut\u0103 parte din cultura bisericii sau a organiza\u021biei tale.<\/p>\n<p>Isus nu vrea ca cei care-L urmeaz\u0103 s\u0103 \u0219tie doar ceea ce El \u0219tie, ci vrea ca ei s\u0103 arate altora Cine este El. Pentru acesta este nevoie de ucenicizare. Acel gen de ucenicizare care face ucenici care vor face ucenici.<\/p>\n<p>Sau, a\u0219a cum li se spunea \u00een vechime \u00een limba ebraic\u0103&#8230;talmidimi.<\/p>\n<p>Paul Clayton Gibbs, fondatorul \u0219i directorul global al Pais Movement, este un autor \u0219i vorbitor care formeaz\u0103 misionari. Provenind din Manchester, Anglia, el a fondat \u00een 1992 Pais, o organiza\u021bie care abordeaz\u0103 oamenii \u0219i \u00eei ajut\u0103 s\u0103-\u0219i dezvolte inimi, aptitudini \u0219i vie\u021bi de misionari. Paul \u0219i so\u021bia lui, Lynn au doi fii, Joel \u0219i Levi, \u0219i locuiesc momentan \u00een Arlington, Texas.<\/p>\n<\/p>\n<p>Num\u0103r de pagini: 161<\/p>\n","protected":false},"excerpt":{"rendered":"<p>Isus nu vrea ca cei care-L urmeaz\u0103 s\u0103 \u0219tie doar ceea ce El \u0219tie, ci vrea ca ei s\u0103 arate altora Cine este El. Pentru acesta este nevoie de ucenicizare. Acel gen de ucenicizare care face ucenici care vor face ucenici.<\/p>\n","protected":false},"featured_media":7045,"template":"","meta":{"_acf_changed":false},"product_brand":[],"product_cat":[31],"product_tag":[],"class_list":{"0":"post-35445","1":"product","2":"type-product","3":"status-publish","4":"has-post-thumbnail","6":"product_cat-bazele-crestinismului-ucenicizare","7":"pa_autori-paul-clayton-gibbs","8":"pa_format-carte-tiparita","10":"first","11":"instock","12":"shipping-taxable","13":"purchasable","14":"product-type-variable","15":"has-default-attributes"},"acf":[],"_links":{"self":[{"href":"https:\/\/alfaomega.tv\/librarie\/wp-json\/wp\/v2\/product\/35445","targetHints":{"allow":["GET"]}}],"collection":[{"href":"https:\/\/alfaomega.tv\/librarie\/wp-json\/wp\/v2\/product"}],"about":[{"href":"https:\/\/alfaomega.tv\/librarie\/wp-json\/wp\/v2\/types\/product"}],"wp:featuredmedia":[{"embeddable":true,"href":"https:\/\/alfaomega.tv\/librarie\/wp-json\/wp\/v2\/media\/7045"}],"wp:attachment":[{"href":"https:\/\/alfaomega.tv\/librarie\/wp-json\/wp\/v2\/media?parent=35445"}],"wp:term":[{"taxonomy":"product_brand","embeddable":true,"href":"https:\/\/alfaomega.tv\/librarie\/wp-json\/wp\/v2\/product_brand?post=35445"},{"taxonomy":"product_cat","embeddable":true,"href":"https:\/\/alfaomega.tv\/librarie\/wp-json\/wp\/v2\/product_cat?post=35445"},{"taxonomy":"product_tag","embeddable":true,"href":"https:\/\/alfaomega.tv\/librarie\/wp-json\/wp\/v2\/product_tag?post=35445"}],"curies":[{"name":"wp","href":"https:\/\/api.w.org\/{rel}","templated":true}]}}