{"id":35447,"date":"2025-08-29T12:56:45","date_gmt":"2025-08-29T12:56:45","guid":{"rendered":"https:\/\/alfaomega.tv\/librarie\/?post_type=product&#038;p=35447"},"modified":"2025-11-10T11:04:33","modified_gmt":"2025-11-10T11:04:33","slug":"lucrarea-duhului-sfant","status":"publish","type":"product","link":"https:\/\/alfaomega.tv\/librarie\/produse\/restaurare-vindecare-eliberare\/lucrarea-duhului-sfant\/","title":{"rendered":"Lucrarea Duhului Sf\u00e2nt"},"content":{"rendered":"<p>Aceast\u0103 carte vrea s\u0103 te ajute s\u0103-L cuno\u0219ti mai mult pe Duhul Sf\u00e2nt, s\u0103 \u00eenve\u021bi s\u0103-I auzi vocea \u0219i s\u0103 te la\u0219i c\u0103l\u0103uzit de El \u00een umblarea ta prin credin\u021b\u0103. Comunic\u00e2nd cu Duhul Sf\u00e2nt \u00een rug\u0103ciune, vei beneficia de ceea ce a preg\u0103tit Dumnezeu pentru tine. Vei fi surprins de dragostea cu care te cople\u0219e\u0219te \u0219i vei t\u00e2nji tot mai mult s\u0103 petreci timp pre\u021bios \u00eempreun\u0103 cu El. Duhul Sf\u00e2nt vrea s\u0103 te apropie mai mult de Domnul Isus. Fii cu inima deschis\u0103 la citirea acestei c\u0103r\u021bi, pentru c\u0103 Dumnezeu vrea s\u0103 \u00ee\u021bi vorbeasc\u0103!<\/p>\n<p>Daniel N. Matei este un om al rug\u0103ciunii \u0219i un om al credin\u021bei. Iube\u0219te Cuv\u00e2ntul lui Dumnezeu \u0219i se str\u0103duie\u0219te s\u0103-l \u00eemplineasc\u0103. Dorin\u021ba lui este s\u0103 vad\u0103 Trezire Spiritual\u0103 \u00een Rom\u00e2nia, \u00eencep\u00e2nd cu vin nou \u00een burdufuri noi (Matei 9:17). Este un tat\u0103 spiritual pentru mul\u021bi, un mentor, un pastor al pastorilor \u0219i este chemat s\u0103 fie un apostol \u00een Rom\u00e2nia \u0219i nu numai. Sluje\u0219te \u00een Lucrarea Domnului de peste 55 de ani \u0219i \u00een prezent este Lider Apostolic \u00een re\u021beaua de biserici, Asocia\u021bia Religioas\u0103 Centrul Cre\u0219tin Timi\u0219oara, av\u00e2nd ca viziune: Lideri Puternici, Biserici Dinamice \u0219i o Na\u021biune Transformat\u0103 prin puterea Duhului Sf\u00e2nt. De asemenea, este \u0219i Pastor Senior al Bisericii Agape din Timi\u0219oara. Locuie\u0219te \u00een Timi\u0219oara, \u00eempreun\u0103 cu so\u021bia sa Doina, \u0219i este bucuros s\u0103-i aib\u0103 al\u0103turi pe fiica \u0219i ginerele s\u0103u, Ramona \u0219i Genu, care se implic\u0103 \u00een slujire \u00eempreun\u0103 cu el. Este un bunic fericit, av\u00e2nd trei nepo\u021bi minuna\u021bi: Priscilla, Gloria \u0219i Daniel.<\/p>\n<p>Num\u0103r de pagini: 161<\/p>\n","protected":false},"excerpt":{"rendered":"<p>Aceast\u0103 carte vrea s\u0103 te ajute s\u0103-L cuno\u0219ti mai mult pe Duhul Sf\u00e2nt, s\u0103 \u00eenve\u021bi s\u0103-I auzi vocea \u0219i s\u0103 te la\u0219i c\u0103l\u0103uzit de El \u00een umblarea ta prin credin\u021b\u0103. Comunic\u00e2nd cu Duhul Sf\u00e2nt \u00een rug\u0103ciune, vei beneficia de ceea ce a preg\u0103tit Dumnezeu pentru tine.<\/p>\n","protected":false},"featured_media":21642,"template":"","meta":{"_acf_changed":false},"product_brand":[],"product_cat":[25],"product_tag":[],"class_list":{"0":"post-35447","1":"product","2":"type-product","3":"status-publish","4":"has-post-thumbnail","6":"product_cat-restaurare-vindecare-eliberare","7":"pa_autori-daniel-n-matei","8":"pa_format-carte-tiparita","9":"pa_format-carte-electronica","11":"first","12":"outofstock","13":"shipping-taxable","14":"purchasable","15":"product-type-variable"},"acf":[],"_links":{"self":[{"href":"https:\/\/alfaomega.tv\/librarie\/wp-json\/wp\/v2\/product\/35447","targetHints":{"allow":["GET"]}}],"collection":[{"href":"https:\/\/alfaomega.tv\/librarie\/wp-json\/wp\/v2\/product"}],"about":[{"href":"https:\/\/alfaomega.tv\/librarie\/wp-json\/wp\/v2\/types\/product"}],"wp:featuredmedia":[{"embeddable":true,"href":"https:\/\/alfaomega.tv\/librarie\/wp-json\/wp\/v2\/media\/21642"}],"wp:attachment":[{"href":"https:\/\/alfaomega.tv\/librarie\/wp-json\/wp\/v2\/media?parent=35447"}],"wp:term":[{"taxonomy":"product_brand","embeddable":true,"href":"https:\/\/alfaomega.tv\/librarie\/wp-json\/wp\/v2\/product_brand?post=35447"},{"taxonomy":"product_cat","embeddable":true,"href":"https:\/\/alfaomega.tv\/librarie\/wp-json\/wp\/v2\/product_cat?post=35447"},{"taxonomy":"product_tag","embeddable":true,"href":"https:\/\/alfaomega.tv\/librarie\/wp-json\/wp\/v2\/product_tag?post=35447"}],"curies":[{"name":"wp","href":"https:\/\/api.w.org\/{rel}","templated":true}]}}