{"id":35453,"date":"2025-08-29T12:56:45","date_gmt":"2025-08-29T12:56:45","guid":{"rendered":"https:\/\/alfaomega.tv\/librarie\/?post_type=product&#038;p=35453"},"modified":"2025-09-01T11:58:20","modified_gmt":"2025-09-01T11:58:20","slug":"dincolo-de-val","status":"publish","type":"product","link":"https:\/\/alfaomega.tv\/librarie\/produse\/restaurare-vindecare-eliberare\/dincolo-de-val\/","title":{"rendered":"Dincolo de v\u0103l"},"content":{"rendered":"<h3>Este vremea \u00een care tu s\u0103 mijloce\u0219ti \u00een prezen\u021ba lui Dumnezeu pentru familia ta, \u00cemp\u0103r\u0103\u021bia lui Dumnezeu \u0219i lume.<\/h3>\n<p>Mi\u0219carea mondial\u0103 de rug\u0103ciune a trezit poporul lui Dumnezeu. Niciodat\u0103 p\u00e2n\u0103 acum nu au venit \u00eempreun\u0103 a\u0219a de mul\u021bi credincio\u0219i, din a\u0219a de multe tradi\u021bii ale credin\u021bei cre\u0219tine, pentru a sta \u00een prezen\u021ba lui Dumnezeu, eliber\u00e2nd puterea Lui \u00een casele lor, \u00een biserici \u0219i comunit\u0103\u021bi. \u00cen cartea Dincolo de v\u0103l, Alice \u00eemp\u0103rt\u0103\u0219e\u0219te ceea ce a \u00eenv\u0103\u021bat \u00een c\u0103l\u0103toria ei spre aflarea unei intimit\u0103\u021bi mai profunde cu Dumnezeu, prin rug\u0103ciune. Chiar dac\u0103 e\u0219ti veteran sau \u00eencep\u0103tor \u00een lupta \u00een rug\u0103ciune, Alice te invit\u0103&#8230;<br \/>\n\u00b7 S\u0103 descoperi metodele biblice pentru a te \u00eempotrivi diavolului<br \/>\n\u00b7 S\u0103 eliberezi puterea rug\u0103ciunii corporative eficiente<br \/>\n\u00b7 S\u0103 devii partenerul lui Dumnezeu \u00een timp ce \u00eenve\u021bi cum s\u0103 auzi vocea Lui, s\u0103 prime\u0219ti povara Lui \u0219i s\u0103 vezi rezultate pe p\u0103m\u00e2nt<\/p>\n<p>Alice a spus adeseori c\u0103 \u201eDumnezeu nu are favori\u021bi, dar are prieteni intimi\u201d. Dincolo de v\u0103l este ghidul t\u0103u pentru a deveni partener \u00een aceast\u0103 rela\u021bie unic\u0103.<\/p>\n<p>Alice Smith a atins inima M\u00e2ntuitorului nostru \u0219i ne-a ar\u0103tat o cale pe care putem \u0219i noi merge dincolo de v\u0103l \u0219i totu\u0219i, s\u0103 tr\u0103im \u0219i s\u0103 m\u0103rturisim \u00een aceast\u0103 lume.<\/p>\n<p>Arthur Blessitt, The Man Who Carried the Cross Around the World \u00een Every Nation<br \/>\nCheia pentru toate luptele victorioase este o rela\u021bie intim\u0103 cu Dumnezeu. Dincolo de v\u0103l a lui Alice Smith este un instrument special, care \u00eei ajut\u0103 pe mijlocitori s\u0103 \u00een\u021beleag\u0103 \u0219i s\u0103 aplice aceast\u0103 cheie vital\u0103.<br \/>\nDick Eastman, Pre\u0219edinte, Every Home for Christ<br \/>\nDincolo de v\u0103l este plin\u0103 de revela\u021bii care vor transforma via\u021ba ta. Alice nu are doar cuno\u0219tin\u021be despre mjlocire, ea tr\u0103ie\u0219te o via\u021b\u0103 de mijlocire \u00eenaintea tronului lui Dumnezeu.<br \/>\nCindy Jacobs, Pre\u0219edinte, Generals International, Red Oak, Texas<\/p>\n<p>Alice Smith este cofondator \u0219i director executiv al U.S. Prayer Center \u00een Huston, Texas. Alice are un doctorat de la Wagner Leadership Institute \u0219i este coeditor la Insight, newsletter s\u0103pt\u0103m\u00e2nal, care este primit de mii de credincio\u0219i ce se roag\u0103, \u00een mai mult de 90 de na\u021biuni. Alice este o vorbitoare cunoscut\u0103 la conferin\u021be interna\u021bionale \u0219i autoarea c\u00e2torva c\u0103r\u021bi bestseller, incluz\u00e2nd Beyond the Lie, Delivering the Captives \u0219i Spiritual Intimicy. Este de asemenea coautoare, \u00eempreun\u0103 cu so\u021bul ei, Eddie Smith, la Spiritual Housecleaning: Protect Your Home and Family from Spiritual Pollution, Spiritual Advocates (tradus\u0103 \u00een limba rom\u00e2n\u0103: Cur\u0103\u021birea spiritual\u0103 a locuin\u021bei: Protejeaz\u0103-\u021bi locuin\u021ba \u0219i familia de poluarea spiritual\u0103, n. tr.) \u0219i Drawing Closer to God`s Heart.<\/p>\n<p>Num\u0103r de pagini: 274<\/p>\n","protected":false},"excerpt":{"rendered":"<p>Alice a spus adeseori c\u0103 \u201eDumnezeu nu are favori\u021bi, dar are prieteni intimi\u201d. Dincolo de v\u0103l este ghidul t\u0103u pentru a deveni partener \u00een aceast\u0103 rela\u021bie unic\u0103.<\/p>\n","protected":false},"featured_media":7055,"template":"","meta":{"_acf_changed":false},"product_brand":[],"product_cat":[25],"product_tag":[],"class_list":{"0":"post-35453","1":"product","2":"type-product","3":"status-publish","4":"has-post-thumbnail","6":"product_cat-restaurare-vindecare-eliberare","7":"pa_autori-alice-smith","8":"pa_format-carte-tiparita","9":"pa_format-carte-electronica","11":"first","12":"instock","13":"shipping-taxable","14":"purchasable","15":"product-type-variable","16":"has-default-attributes"},"acf":[],"_links":{"self":[{"href":"https:\/\/alfaomega.tv\/librarie\/wp-json\/wp\/v2\/product\/35453","targetHints":{"allow":["GET"]}}],"collection":[{"href":"https:\/\/alfaomega.tv\/librarie\/wp-json\/wp\/v2\/product"}],"about":[{"href":"https:\/\/alfaomega.tv\/librarie\/wp-json\/wp\/v2\/types\/product"}],"wp:featuredmedia":[{"embeddable":true,"href":"https:\/\/alfaomega.tv\/librarie\/wp-json\/wp\/v2\/media\/7055"}],"wp:attachment":[{"href":"https:\/\/alfaomega.tv\/librarie\/wp-json\/wp\/v2\/media?parent=35453"}],"wp:term":[{"taxonomy":"product_brand","embeddable":true,"href":"https:\/\/alfaomega.tv\/librarie\/wp-json\/wp\/v2\/product_brand?post=35453"},{"taxonomy":"product_cat","embeddable":true,"href":"https:\/\/alfaomega.tv\/librarie\/wp-json\/wp\/v2\/product_cat?post=35453"},{"taxonomy":"product_tag","embeddable":true,"href":"https:\/\/alfaomega.tv\/librarie\/wp-json\/wp\/v2\/product_tag?post=35453"}],"curies":[{"name":"wp","href":"https:\/\/api.w.org\/{rel}","templated":true}]}}