{"id":35457,"date":"2025-08-29T12:56:46","date_gmt":"2025-08-29T12:56:46","guid":{"rendered":"https:\/\/alfaomega.tv\/librarie\/?post_type=product&#038;p=35457"},"modified":"2025-08-29T12:56:55","modified_gmt":"2025-08-29T12:56:55","slug":"vindecarea-urmarilor-accidentelor-socurilor-si-traumelor","status":"publish","type":"product","link":"https:\/\/alfaomega.tv\/librarie\/produse\/restaurare-vindecare-eliberare\/vindecarea-urmarilor-accidentelor-socurilor-si-traumelor\/","title":{"rendered":"Vindecarea urm\u0103rilor accidentelor, \u0219ocurilor \u0219i traumelor"},"content":{"rendered":"<div id=\"product-overview\" class=\"white-box\">\n<div class=\"white-box-inner\">\n<p>Evenimentele traumatice lasa cicatrice pe vietile zdrobite. Trauma nevindecata este una dintre motivele principale care explica de ce unii oameni nu se vindeca usor de consecintele accidentelor sau a socurilor neasteptate. Aceasta carte inovatoare reprezinta apogeul a 30 de ani de experienta, in care ne-am rugat pentru astfel de oameni. Peter explica meticulos ce urmari poate lasa o trauma in viata unui om si cum sa te rogi pentru vindecare. Aceasta invatatura de baza a fost esentiala pentru a aduce vindecare permanenta in viata oamenilor de pe tot globul. Este un manual esential pentru cei care se roaga pentru oameni in mod regulat \u2013 un ghid care produce transformare in viata celor care se lupta cu probleme nerezolvate si nevindecate \u2013 inclusiv consecintele socurilor si ale ranilor de razboi.<\/p>\n<p><\/p>\n<p> PETER HORROBIN este fondator si director la nivel international al \u201eEllel Ministries\u201d (<a href=\"http:\/\/www.ellel.org\/\">www.ellel.org<\/a>). In prezent sunt peste 30 de centre Ellel in toata lumea. Fiecare centru asigura cursuri de instruire, scoli si oportunitati de slujire personala prin rugaciune. Horrobin este absolvent al Universitatii Oxford si a fost un publicist de succes inainte de inceperea slujirii Ellel Ministries in 1986. Peter si sotia lui, Fiona Horrobin, locuiesc langa primul centru Ellel, Ellel Grange, in Lancashire, Anglia. <\/p>\n<p><\/p>\n<p>Partea I<br \/>Accident, \u0219oc \u0219i traum\u0103: \u00cen\u021belegerea problemei<br \/>Accident, \u0219oc \u0219i traum\u0103: \u00cen\u021belegerea problemei<br \/>Povestea lui Jim \u015fi povestea Lyndei<br \/>2 Progresul cunoa\u015fterii<br \/>3 Ce se poate \u00eent\u00e2mpla atunci c\u00e2nd avem un accident?<br \/>4 Ce este, de fapt, o traum\u0103?<br \/>5 Povestiri din abataj<br \/>6 \u201eAccidentul de autobuz\u201d<br \/>7 Cum \u015fi de ce are loc zdrobirea interioar\u0103<br \/>8 Zdrobirea inimii<\/p>\n<p>Partea a II-a<br \/>Accident, \u0219oc \u0219i traum\u0103: Aplicarea solu\u021biei lui Dumnezeu<br \/>9 Zidind pe temelia cea bun\u0103<br \/>10 Iertarea: Poarta n\u0103dejdii<br \/>11 Cheile eliber\u0103rii<br \/>12 Vindecarea celui cu inima zdrobit\u0103<br \/>13 Vindecarea victimelor traumelor de r\u0103zboi <br \/>14 Epilog<br \/>Resurse suplimentare<\/p>\n<\/div>\n<\/div>\n<div id=\"product-reviews\" class=\"white-box\"> <\/div>\n","protected":false},"excerpt":{"rendered":"<p>Peter explica meticulos ce urmari poate lasa o trauma in viata unui om si cum sa te rogi pentru vindecare. Aceasta invatatura de baza a fost esentiala pentru a aduce vindecare permanenta in viata oamenilor de pe tot globul.<\/p>\n","protected":false},"featured_media":7059,"template":"","meta":{"_acf_changed":false},"product_brand":[],"product_cat":[25],"product_tag":[],"class_list":{"0":"post-35457","1":"product","2":"type-product","3":"status-publish","4":"has-post-thumbnail","6":"product_cat-restaurare-vindecare-eliberare","7":"pa_autori-peter-horrobin","8":"pa_format-carte-tiparita","10":"first","11":"outofstock","12":"shipping-taxable","13":"purchasable","14":"product-type-variable","15":"has-default-attributes"},"acf":[],"_links":{"self":[{"href":"https:\/\/alfaomega.tv\/librarie\/wp-json\/wp\/v2\/product\/35457","targetHints":{"allow":["GET"]}}],"collection":[{"href":"https:\/\/alfaomega.tv\/librarie\/wp-json\/wp\/v2\/product"}],"about":[{"href":"https:\/\/alfaomega.tv\/librarie\/wp-json\/wp\/v2\/types\/product"}],"wp:featuredmedia":[{"embeddable":true,"href":"https:\/\/alfaomega.tv\/librarie\/wp-json\/wp\/v2\/media\/7059"}],"wp:attachment":[{"href":"https:\/\/alfaomega.tv\/librarie\/wp-json\/wp\/v2\/media?parent=35457"}],"wp:term":[{"taxonomy":"product_brand","embeddable":true,"href":"https:\/\/alfaomega.tv\/librarie\/wp-json\/wp\/v2\/product_brand?post=35457"},{"taxonomy":"product_cat","embeddable":true,"href":"https:\/\/alfaomega.tv\/librarie\/wp-json\/wp\/v2\/product_cat?post=35457"},{"taxonomy":"product_tag","embeddable":true,"href":"https:\/\/alfaomega.tv\/librarie\/wp-json\/wp\/v2\/product_tag?post=35457"}],"curies":[{"name":"wp","href":"https:\/\/api.w.org\/{rel}","templated":true}]}}