{"id":35461,"date":"2025-08-29T12:56:46","date_gmt":"2025-08-29T12:56:46","guid":{"rendered":"https:\/\/alfaomega.tv\/librarie\/?post_type=product&#038;p=35461"},"modified":"2025-08-29T12:56:55","modified_gmt":"2025-08-29T12:56:55","slug":"inceputul-intelepciunii","status":"publish","type":"product","link":"https:\/\/alfaomega.tv\/librarie\/produse\/derek-prince\/inceputul-intelepciunii\/","title":{"rendered":"\u00cenceputul \u00een\u021belepciunii"},"content":{"rendered":"<div class=\"woocommerce-tabs sevencol clearfix\">\n<div id=\"tab-description\" class=\"panel entry-content\">\n<p>Frica de Domnul, cu totul diferit\u0103 fa\u021b\u0103 de tremurul cauzat de teama pe care o resim\u021bim ca reac\u021bie la amenin\u021barea unei persoane sau la o situa\u021bie periculoas\u0103, este un sim\u021b\u0103m\u00e2nt profund de reveren\u021b\u0103 \u0219i venera\u021bie fa\u021b\u0103 de Cel care ne-a creat, ne iube\u0219te \u0219i ne-a salvat.<br \/>Biblia spune c\u0103 frica de Domnul este \u201e\u00eenceputul \u00een\u021belepciunii\u201d, \u201e\u00eenceputul \u0219tiin\u021bei\u201d \u0219i chiar un \u201eizvor de via\u021b\u0103\u201d.<\/p>\n<p><strong>CUPRINS:<\/strong><br \/>1. Avem noi fric\u0103 de Domnul?<br \/>2. Condi\u021biile pe care trebuie s\u0103 le \u00eendeplinim<br \/>3. Foloase \u0219i binecuv\u00e2nt\u0103ri<br \/>4. Cheia pentru o inim\u0103 devotat\u0103<br \/>5. Puterea lui Dumnezeu \u0219i \u00een\u021belepciunea lui Dumnezeu<br \/>6. M\u0103sura adev\u0103ratei puteri<br \/>7. Schimb de putere<br \/>8. Gr\u0103untele de gr\u00e2u<br \/>9. Cei care au \u00eenv\u0103\u021bat s\u0103 se supun\u0103<br \/>10. \u201eOricine se va \u00een\u0103l\u021ba\u201d<br \/>11. Planul lui Dumnezeu pentru om<br \/>12. Drumul spre v\u00e2rf duce \u00een jos<br \/>13. Smerenia ar\u0103tat\u0103 \u00een mod practic<br \/>14. \u00cenv\u0103\u021barea lec\u021biei<br \/>15. Reac\u021bia noastr\u0103<\/p>\n<\/p>\n<p>Num\u0103r de pagini: 150<\/p>\n<\/div>\n<\/div>\n","protected":false},"excerpt":{"rendered":"<p>Frica de Domnul, cu totul diferit\u0103 fa\u021b\u0103 de tremurul cauzat de teama pe care o resim\u021bim ca reac\u021bie la amenin\u021barea unei persoane sau la o situa\u021bie periculoas\u0103, este un sim\u021b\u0103m\u00e2nt profund de reveren\u021b\u0103 \u0219i venera\u021bie fa\u021b\u0103 de Cel care ne-a creat, ne iube\u0219te \u0219i ne-a salvat.<\/p>\n","protected":false},"featured_media":7063,"template":"","meta":{"_acf_changed":false},"product_brand":[],"product_cat":[42],"product_tag":[],"class_list":{"0":"post-35461","1":"product","2":"type-product","3":"status-publish","4":"has-post-thumbnail","6":"product_cat-derek-prince","7":"pa_autori-derek-prince","8":"pa_format-carte-tiparita","10":"first","11":"instock","12":"shipping-taxable","13":"purchasable","14":"product-type-variable","15":"has-default-attributes"},"acf":[],"_links":{"self":[{"href":"https:\/\/alfaomega.tv\/librarie\/wp-json\/wp\/v2\/product\/35461","targetHints":{"allow":["GET"]}}],"collection":[{"href":"https:\/\/alfaomega.tv\/librarie\/wp-json\/wp\/v2\/product"}],"about":[{"href":"https:\/\/alfaomega.tv\/librarie\/wp-json\/wp\/v2\/types\/product"}],"wp:featuredmedia":[{"embeddable":true,"href":"https:\/\/alfaomega.tv\/librarie\/wp-json\/wp\/v2\/media\/7063"}],"wp:attachment":[{"href":"https:\/\/alfaomega.tv\/librarie\/wp-json\/wp\/v2\/media?parent=35461"}],"wp:term":[{"taxonomy":"product_brand","embeddable":true,"href":"https:\/\/alfaomega.tv\/librarie\/wp-json\/wp\/v2\/product_brand?post=35461"},{"taxonomy":"product_cat","embeddable":true,"href":"https:\/\/alfaomega.tv\/librarie\/wp-json\/wp\/v2\/product_cat?post=35461"},{"taxonomy":"product_tag","embeddable":true,"href":"https:\/\/alfaomega.tv\/librarie\/wp-json\/wp\/v2\/product_tag?post=35461"}],"curies":[{"name":"wp","href":"https:\/\/api.w.org\/{rel}","templated":true}]}}