{"id":35463,"date":"2025-08-29T12:56:46","date_gmt":"2025-08-29T12:56:46","guid":{"rendered":"https:\/\/alfaomega.tv\/librarie\/?post_type=product&#038;p=35463"},"modified":"2025-12-17T11:21:59","modified_gmt":"2025-12-17T11:21:59","slug":"semnele-vremurilor","status":"publish","type":"product","link":"https:\/\/alfaomega.tv\/librarie\/produse\/intelegerea-vremurilor-israel\/semnele-vremurilor\/","title":{"rendered":"Semnele vremurilor"},"content":{"rendered":"<p>Pe planeta noastr\u0103 au loc tot felul de cutremure de p\u0103m\u00e2nt, dezastrele ecologice sunt iminente, iar sursele de energie se \u00eempu\u021bineaz\u0103. Planeta este suprapopulat\u0103. Chiar \u0219i na\u021biunile mai mici produc arme de distrugere \u00een mas\u0103 \u0219i sunt preg\u0103tite s\u0103 fie folosite ca arme de r\u0103zboi. Grup\u0103rile teroriste \u00eencearc\u0103 s\u0103 pun\u0103 m\u00e2na pe aceste arme. \u00cen toat\u0103 lumea, islamul radical se afl\u0103 \u00een cre\u0219tere. \u00cen Europa, credin\u021ba \u00eentr-un Dumnezeu personal se afl\u0103 \u00een declin rapid. Anxietatea \u0219i teama de viitor cuprind \u0219i sufoc\u0103 vie\u021bile multor oameni. Se \u00eendreapt\u0103 planeta noastr\u0103 spre un al Treilea R\u0103zboi Mondial devastator?<\/p>\n<p>Mai exist\u0103 vreo speran\u021b\u0103? Care este mesajul profe\u021biilor str\u0103vechi din Biblie? Mai au acestea vreo \u00eensemn\u0103tate \u00een zilele noastre? Ne afl\u0103m noi la \u00eenceputul sf\u00e2r\u0219itului omenirii \u0219i planetei? Sau ne apropiem cu pa\u0219i repezi spre zorile unui nou \u0219i minunat viitor? Este Israelul un semn al speran\u021bei? Rev. Willem J.J. Glashouwer prive\u0219te la 52 de semne ale vremurilor, pe care Biblia le men\u021bioneaz\u0103.<\/p>\n<p><em>Rev. Willem J. Glashouwer este pre\u0219edinte la Christians for Israel International. Totodat\u0103, acesta este ordinat ca slujitor \u00een Biserica Olandez\u0103 Reformat\u0103 din Olanda. Rev. Glashouwer a fost director la Evanghelical Broadcasting Company din Olanda \u0219i a jucat un rol cheie \u00een \u00eenfiin\u021barea Institutului pentru \u00cenv\u0103\u021b\u0103m\u00e2nt Superior Evanghelic din Olanda. Pe l\u00e2ng\u0103 multe alte c\u0103r\u021bi, articole \u0219i studii biblice asupra Israelului \u0219i credin\u021bei cre\u0219tine, a publicat un comentariu asupra c\u0103r\u021bii Apocalipsa. Este c\u0103s\u0103torit cu Marianne \u0219i au \u00eempreun\u0103 4 copii \u0219i 8 nepo\u021bi.<\/em><\/p>\n<\/p>\n<p>Num\u0103r de pagini: 200<\/p>\n","protected":false},"excerpt":{"rendered":"<p>Mai exist\u0103 vreo speran\u021b\u0103? Care este mesajul profe\u021biilor str\u0103vechi din Biblie? Mai au acestea vreo \u00eensemn\u0103tate \u00een zilele noastre? Ne afl\u0103m noi la \u00eenceputul sf\u00e2r\u0219itului omenirii \u0219i planetei? Sau ne apropiem cu pa\u0219i repezi spre zorile unui nou \u0219i minunat viitor? Este Israelul un semn al speran\u021bei? Rev. Willem J.J. Glashouwer prive\u0219te la 52 de semne ale vremurilor, pe care Biblia le men\u021bioneaz\u0103.<\/p>\n","protected":false},"featured_media":7065,"template":"","meta":{"_acf_changed":false},"product_brand":[],"product_cat":[24],"product_tag":[],"class_list":{"0":"post-35463","1":"product","2":"type-product","3":"status-publish","4":"has-post-thumbnail","6":"product_cat-intelegerea-vremurilor-israel","7":"pa_autori-willem-j-j-glashouwer","8":"pa_format-carte-tiparita","9":"pa_format-carte-electronica","11":"first","12":"instock","13":"shipping-taxable","14":"purchasable","15":"product-type-variable"},"acf":[],"_links":{"self":[{"href":"https:\/\/alfaomega.tv\/librarie\/wp-json\/wp\/v2\/product\/35463","targetHints":{"allow":["GET"]}}],"collection":[{"href":"https:\/\/alfaomega.tv\/librarie\/wp-json\/wp\/v2\/product"}],"about":[{"href":"https:\/\/alfaomega.tv\/librarie\/wp-json\/wp\/v2\/types\/product"}],"wp:featuredmedia":[{"embeddable":true,"href":"https:\/\/alfaomega.tv\/librarie\/wp-json\/wp\/v2\/media\/7065"}],"wp:attachment":[{"href":"https:\/\/alfaomega.tv\/librarie\/wp-json\/wp\/v2\/media?parent=35463"}],"wp:term":[{"taxonomy":"product_brand","embeddable":true,"href":"https:\/\/alfaomega.tv\/librarie\/wp-json\/wp\/v2\/product_brand?post=35463"},{"taxonomy":"product_cat","embeddable":true,"href":"https:\/\/alfaomega.tv\/librarie\/wp-json\/wp\/v2\/product_cat?post=35463"},{"taxonomy":"product_tag","embeddable":true,"href":"https:\/\/alfaomega.tv\/librarie\/wp-json\/wp\/v2\/product_tag?post=35463"}],"curies":[{"name":"wp","href":"https:\/\/api.w.org\/{rel}","templated":true}]}}