{"id":35467,"date":"2025-08-29T12:56:47","date_gmt":"2025-08-29T12:56:47","guid":{"rendered":"https:\/\/alfaomega.tv\/librarie\/?post_type=product&#038;p=35467"},"modified":"2025-09-01T08:49:30","modified_gmt":"2025-09-01T08:49:30","slug":"haverim","status":"publish","type":"product","link":"https:\/\/alfaomega.tv\/librarie\/produse\/bazele-crestinismului-ucenicizare\/haverim\/","title":{"rendered":"Haverim"},"content":{"rendered":"<h3>CUM S\u0102 STUDIEZI ORICE CU ORICINE<\/h3>\n<p>Isus a spus c\u0103 Biblia con\u021bine comori noi, dar \u0219i comori vechi. Atunci de ce at\u00e2t de pu\u021bini cre\u0219tini o studiaz\u0103? Este prea greu de \u00een\u021beles sau este din pricina modului \u00een care se aduce \u00eenv\u0103\u021b\u0103tur\u0103 pe marginea ei? Se confrunt\u0103 Biblia cu o problem\u0103 la nivelul de management de mijloc?<\/p>\n<p>Haverim asigur\u0103 o nou\u0103 metod\u0103 de a experimenta Cuv\u00e2ntul lui Dumnezeu. \u00cempline\u0219te nevoile unei societ\u0103\u021bi care vrea s\u0103 selecteze informa\u021biile mai degrab\u0103 dec\u00e2t s\u0103-i fie servite pe tav\u0103. Cercet\u00e2nd metoda rabinic\u0103 de educare, Paul Clayton Gibbs a dezvoltat un \u0219ablon format din patru pa\u0219i care te echipeaz\u0103 s\u0103 po\u021bi studia orice cu oricine! \u00cen aceast\u0103 edi\u021bie actualizat\u0103, vei \u00eenv\u0103\u021ba cum s\u0103 explorezi numeroasele fa\u021bete al Scripturii cu cei care nu au credin\u021b\u0103, au pu\u021bin\u0103 credin\u021b\u0103 sau au chiar alt\u0103 credin\u021b\u0103.<\/p>\n<p>Haverim ofer\u0103 \u0219i o modalitate practic\u0103 de a crea grupuri de cas\u0103 care sunt mai degrab\u0103 inclusive dec\u00e2t exclusive. Este o unealt\u0103 pentru prieteni care vor s\u0103 studieze \u00eempreun\u0103 cu scopul de a-L cunoa\u0219te pe Dumnezeu \u0219i a-L face cunoscut.<\/p>\n<p>Sau, a\u0219a cum evreii din vechime le numeau c\u00e2ndva&#8230; Haverim.<\/p>\n<p><span style=\"color: #4e7ec0;font-size: 14px\">Paul Clayton Gibbs, fondatorul \u0219i directorul global al Pais Movement, este un autor \u0219i vorbitor care formeaz\u0103 misionari. Provenind din Manchester, Anglia, el a fondat \u00een 1992 Pais, o organiza\u021bie care abordeaz\u0103 oamenii \u0219i \u00eei ajut\u0103 s\u0103-\u0219i dezvolte inimi, aptitudini \u0219i vie\u021bi de misionari. Paul \u0219i so\u021bia lui, Lynn au doi fii, Joel \u0219i Levi, \u0219i locuiesc momentan \u00een Arlington, Texas.<\/span><\/p>\n<\/p>\n<p>Num\u0103r de pagini: 168<\/p>\n","protected":false},"excerpt":{"rendered":"<p>Paul Clayton Gibbs a dezvoltat un \u0219ablon format din patru pa\u0219i care te echipeaz\u0103 s\u0103 po\u021bi studia orice cu oricine! \u00cen aceast\u0103 edi\u021bie actualizat\u0103, vei \u00eenv\u0103\u021ba cum s\u0103 explorezi numeroasele fa\u021bete al Scripturii cu cei care nu au credin\u021b\u0103, au pu\u021bin\u0103 credin\u021b\u0103 sau au chiar alt\u0103 credin\u021b\u0103.<\/p>\n","protected":false},"featured_media":7069,"template":"","meta":{"_acf_changed":false},"product_brand":[],"product_cat":[31],"product_tag":[],"class_list":{"0":"post-35467","1":"product","2":"type-product","3":"status-publish","4":"has-post-thumbnail","6":"product_cat-bazele-crestinismului-ucenicizare","7":"pa_autori-paul-clayton-gibbs","8":"pa_format-carte-tiparita","10":"first","11":"instock","12":"shipping-taxable","13":"purchasable","14":"product-type-variable","15":"has-default-attributes"},"acf":[],"_links":{"self":[{"href":"https:\/\/alfaomega.tv\/librarie\/wp-json\/wp\/v2\/product\/35467","targetHints":{"allow":["GET"]}}],"collection":[{"href":"https:\/\/alfaomega.tv\/librarie\/wp-json\/wp\/v2\/product"}],"about":[{"href":"https:\/\/alfaomega.tv\/librarie\/wp-json\/wp\/v2\/types\/product"}],"wp:featuredmedia":[{"embeddable":true,"href":"https:\/\/alfaomega.tv\/librarie\/wp-json\/wp\/v2\/media\/7069"}],"wp:attachment":[{"href":"https:\/\/alfaomega.tv\/librarie\/wp-json\/wp\/v2\/media?parent=35467"}],"wp:term":[{"taxonomy":"product_brand","embeddable":true,"href":"https:\/\/alfaomega.tv\/librarie\/wp-json\/wp\/v2\/product_brand?post=35467"},{"taxonomy":"product_cat","embeddable":true,"href":"https:\/\/alfaomega.tv\/librarie\/wp-json\/wp\/v2\/product_cat?post=35467"},{"taxonomy":"product_tag","embeddable":true,"href":"https:\/\/alfaomega.tv\/librarie\/wp-json\/wp\/v2\/product_tag?post=35467"}],"curies":[{"name":"wp","href":"https:\/\/api.w.org\/{rel}","templated":true}]}}