{"id":35469,"date":"2025-08-29T12:56:57","date_gmt":"2025-08-29T12:56:57","guid":{"rendered":"https:\/\/alfaomega.tv\/librarie\/?post_type=product&#038;p=35469"},"modified":"2025-08-29T12:57:08","modified_gmt":"2025-08-29T12:57:08","slug":"viata-din-abundenta","status":"publish","type":"product","link":"https:\/\/alfaomega.tv\/librarie\/produse\/slujind-trupul-lui-hristos\/viata-din-abundenta\/","title":{"rendered":"Via\u021b\u0103 din abunden\u021b\u0103"},"content":{"rendered":"<p>Dumnezeu te-a conceput sa gandesti, sa planifici, sa vorbesti si sa actionezi alaturi de El. Prin aceasta carte, T.L. Osborn te ajuta sa iti descoperi radacinile in Cristos si sa vezi care este valoarea ta reala. Mesajul cartii Viata din abundenta este puternic ancorat in Sfanta Scriptura iar semintele sale, odata plantate, aduc o recolta constanta de fericire, sanatate, slujire placuta celorlalti, realizari fantastice, o viata de dragoste in casatorie, multumire, armonie si abundenta.<\/p>\n<p><strong>CUPRINS<\/strong><\/p>\n<p>Prefa\u021b\u0103<br \/><i><em>PARTEA I<\/em><\/i><br \/><strong>TEMELIA CREDIN\u021aEI<\/strong><br \/>1 | Paradis al abunden\u021bei<br \/>2 | De ce cred c\u0103 Biblia este adev\u0103rat\u0103<br \/>3 | Adev\u0103ruri ale vie\u021bii din abunden\u021b\u0103<\/p>\n<p><i><em>PARTEA A II-A<\/em><\/i><br \/><strong>NOUL MOD DE VIA\u021a\u0102<\/strong><br \/>4 | Trei obiceiuri ale vie\u021bii din abunden\u021b\u0103<br \/>5 | C\u00e2nd te ascult\u0103 Dumnezeu<br \/>6 | Cum \u00ee\u021bi vorbe\u0219te Dumnezeu<br \/>7 | Cum s\u0103 \u00eemp\u0103rt\u0103\u0219e\u0219ti via\u021ba ce din abunden\u021b\u0103<br \/>8 | Un anumit vecin<br \/>9 | Foametea din Rusia<br \/>10 | B\u0103rbatul din Australia<\/p>\n<p><i><em>PARTEA A III-A<\/em><\/i><br \/>SECRETELE SUCCESULUI<br \/>11 | Cum s\u0103 dezvol\u021bi succesul \u0219i fericirea<br \/>12 | Cum s\u0103 te rogi \u0219i s\u0103 prime\u0219ti r\u0103spuns<br \/>13 | Cum s\u0103 practici prezen\u021ba lui Isus<\/p>\n<p><i><em>PARTEA A IV-A<\/em><\/i><br \/>LIMBAJ BUN PENTRU O VIA\u0162\u0102 DIN ABUNDEN\u0162\u0102<br \/>14 | Cum s\u0103 vorbe\u0219ti pentru a ajunge \u00een v\u00e2rf<br \/>15 | Minunea de a spune ceea ce spune Dumnezeu<\/p>\n<p><i><em>PARTEA A V-A<\/em><\/i><br \/>S\u0102N\u0102TATE PENTRU A-L SLUJI PE DUMNEZEU<br \/>16 | B\u0103rbatul care a \u00eenviat din mor\u021bi<br \/>17 | Vindecare pentru to\u021bi<br \/>18 | Vindecare pentru ast\u0103zi<br \/>19 | 100 de adev\u0103ruri despre vindecare<\/p>\n<p><i><em>PARTEA A VI-A<\/em><\/i><br \/>ABUNDEN\u021a\u0102 PENTRU SLAVA LUI DUMNEZEU<br \/>20 | Cheia spre abunden\u021b\u0103<br \/>21 | Dou\u0103 cuvinte care ne-au schimbat vie\u021bile<br \/>22 | Promisiuni de abunden\u021b\u0103<br \/>23 | Ob\u021bin\u00e2nd atitudinea lui Dumnezeu cu privire la bani<br \/>24 | Dumnezeu va fi partenerul t\u0103u<br \/>25 | A\u0219teapt\u0103-te la o recolt\u0103 bun\u0103<br \/>26 | Miracolul bancnotelor de dolari<\/p>\n<p><i><em>PARTEA A VII-A<\/em><\/i><br \/>BISERICA \u0218I CREDIN\u021aA EI<br \/>27 | Valoarea unei companii bune<br \/>28 | Standarde pentru VIA\u021aA DIN ABUNDEN\u021a\u0102<br \/>29 | Doctrine ale credin\u021bei cre\u0219tine<\/p>\n<p><i><em>PARTEA A VIII-A<\/em><\/i><br \/>VIA\u021aA DIN ABUNDEN\u021a\u0102 PENTRU TINE<br \/>30 | Cum s\u0103 fii m\u00e2ntuit<br \/>MISIUNEA Cre\u0219tinismului<\/p>\n","protected":false},"excerpt":{"rendered":"<p>Cartea Viata din abundenta iti prezinta intr-un mod biblic cum vrea Dumnezeu sa te binecuvinteze fizic, spiritual si material.<\/p>\n","protected":false},"featured_media":7071,"template":"","meta":{"_acf_changed":false},"product_brand":[],"product_cat":[19],"product_tag":[],"class_list":{"0":"post-35469","1":"product","2":"type-product","3":"status-publish","4":"has-post-thumbnail","6":"product_cat-slujind-trupul-lui-hristos","7":"pa_autori-t-l-osborn","8":"pa_format-carte-tiparita","10":"first","11":"instock","12":"shipping-taxable","13":"purchasable","14":"product-type-variable","15":"has-default-attributes"},"acf":[],"_links":{"self":[{"href":"https:\/\/alfaomega.tv\/librarie\/wp-json\/wp\/v2\/product\/35469","targetHints":{"allow":["GET"]}}],"collection":[{"href":"https:\/\/alfaomega.tv\/librarie\/wp-json\/wp\/v2\/product"}],"about":[{"href":"https:\/\/alfaomega.tv\/librarie\/wp-json\/wp\/v2\/types\/product"}],"wp:featuredmedia":[{"embeddable":true,"href":"https:\/\/alfaomega.tv\/librarie\/wp-json\/wp\/v2\/media\/7071"}],"wp:attachment":[{"href":"https:\/\/alfaomega.tv\/librarie\/wp-json\/wp\/v2\/media?parent=35469"}],"wp:term":[{"taxonomy":"product_brand","embeddable":true,"href":"https:\/\/alfaomega.tv\/librarie\/wp-json\/wp\/v2\/product_brand?post=35469"},{"taxonomy":"product_cat","embeddable":true,"href":"https:\/\/alfaomega.tv\/librarie\/wp-json\/wp\/v2\/product_cat?post=35469"},{"taxonomy":"product_tag","embeddable":true,"href":"https:\/\/alfaomega.tv\/librarie\/wp-json\/wp\/v2\/product_tag?post=35469"}],"curies":[{"name":"wp","href":"https:\/\/api.w.org\/{rel}","templated":true}]}}