{"id":35471,"date":"2025-08-29T12:56:57","date_gmt":"2025-08-29T12:56:57","guid":{"rendered":"https:\/\/alfaomega.tv\/librarie\/?post_type=product&#038;p=35471"},"modified":"2025-10-30T13:47:48","modified_gmt":"2025-10-30T13:47:48","slug":"adevarul-de-baza","status":"publish","type":"product","link":"https:\/\/alfaomega.tv\/librarie\/produse\/bazele-crestinismului-ucenicizare\/adevarul-de-baza\/","title":{"rendered":"Adev\u0103rul de baz\u0103"},"content":{"rendered":"<p>Proorocul Osea a spus cu mul\u0163i ani \u00een urm\u0103 c\u0103 \u201ePoporul meu piere din lips\u0103 de cuno\u015ftin\u0163\u0103\u201c. Lipsa de cuno\u015ftin\u0163\u0103 se dovede\u015fte a fi \u00eenc\u0103 una din cele mai mari nevoi ale cre\u015ftinilor de ast\u0103zi. \u015ei totu\u015fi, \u00een mijlocul acestei nevoi de cuno\u015ftin\u0163\u0103, Duhul Sf\u00e2nt a DESCOPERIT unele din cele mai mari REVELA\u0162II din vremurile bisericii primare. \u00cempreun\u0103 cu aceasta este tehnologia modern\u0103 care ne d\u0103 minunata posibilitate de a sluji \u00een sprijinul acestei mari nevoi.<\/p>\n<p>Cu aceste lucruri \u00een minte, m\u0103 rog ca adev\u0103rurile cuprinse \u00een acest manual s\u0103 prind\u0103 via\u0163\u0103 \u00een inima fiec\u0103rui student.<\/p>\n<p>&nbsp;<\/p>\n","protected":false},"excerpt":{"rendered":"<p>Lipsa de cuno\u015ftin\u0163\u0103 se dovede\u015fte a fi \u00eenc\u0103 una din cele mai mari nevoi ale cre\u015ftinilor de ast\u0103zi. \u015ei totu\u015fi, \u00een mijlocul acestei nevoi de cuno\u015ftin\u0163\u0103, Duhul Sf\u00e2nt a DESCOPERIT unele din cele mai mari REVELA\u0162II din vremurile bisericii primare.<\/p>\n","protected":false},"featured_media":7073,"template":"","meta":{"_acf_changed":false},"product_brand":[],"product_cat":[31],"product_tag":[],"class_list":{"0":"post-35471","1":"product","2":"type-product","3":"status-publish","4":"has-post-thumbnail","6":"product_cat-bazele-crestinismului-ucenicizare","7":"pa_autori-dale-yerton","8":"pa_format-carte-tiparita","9":"pa_format-carte-electronica","11":"first","12":"instock","13":"shipping-taxable","14":"purchasable","15":"product-type-variable"},"acf":[],"_links":{"self":[{"href":"https:\/\/alfaomega.tv\/librarie\/wp-json\/wp\/v2\/product\/35471","targetHints":{"allow":["GET"]}}],"collection":[{"href":"https:\/\/alfaomega.tv\/librarie\/wp-json\/wp\/v2\/product"}],"about":[{"href":"https:\/\/alfaomega.tv\/librarie\/wp-json\/wp\/v2\/types\/product"}],"wp:featuredmedia":[{"embeddable":true,"href":"https:\/\/alfaomega.tv\/librarie\/wp-json\/wp\/v2\/media\/7073"}],"wp:attachment":[{"href":"https:\/\/alfaomega.tv\/librarie\/wp-json\/wp\/v2\/media?parent=35471"}],"wp:term":[{"taxonomy":"product_brand","embeddable":true,"href":"https:\/\/alfaomega.tv\/librarie\/wp-json\/wp\/v2\/product_brand?post=35471"},{"taxonomy":"product_cat","embeddable":true,"href":"https:\/\/alfaomega.tv\/librarie\/wp-json\/wp\/v2\/product_cat?post=35471"},{"taxonomy":"product_tag","embeddable":true,"href":"https:\/\/alfaomega.tv\/librarie\/wp-json\/wp\/v2\/product_tag?post=35471"}],"curies":[{"name":"wp","href":"https:\/\/api.w.org\/{rel}","templated":true}]}}