{"id":35475,"date":"2025-08-29T12:56:58","date_gmt":"2025-08-29T12:56:58","guid":{"rendered":"https:\/\/alfaomega.tv\/librarie\/?post_type=product&#038;p=35475"},"modified":"2025-10-27T13:36:30","modified_gmt":"2025-10-27T13:36:30","slug":"autoritatea-de-a-zdrobi-vrajmasul","status":"publish","type":"product","link":"https:\/\/alfaomega.tv\/librarie\/produse\/restaurare-vindecare-eliberare\/autoritatea-de-a-zdrobi-vrajmasul\/","title":{"rendered":"Autoritatea de a zdrobi vrajmasul"},"content":{"rendered":"<h3>GHID PENTRU MIJLOCITORI PRIVIND R\u0102ZBOIUL SPIRITUAL LA NIVEL STRATEGIC<\/h3>\n<p>B\u0103t\u0103lia \u00eencepe pe genunchi.<\/p>\n<p>Ea se \u00eencheie \u00een cele mai puternice tabere ale vr\u0103jma\u0219ului.<\/p>\n<p>Mul\u021bi mijlocitori simt c\u0103 sunt chema\u021bi la cel mai \u00eenalt nivel al r\u0103zboiului spiritual. \u00cen Autoritatea de a zdrobi vr\u0103jma\u0219ul, Rebecca Greenwood analizeaz\u0103 fiecare faz\u0103 a b\u0103t\u0103liei, de la preg\u0103tirea strategiilor p\u00e2n\u0103 la rug\u0103ciunea la fa\u021ba locului. Fie ca acest manual tactic s\u0103 v\u0103 arate cum s\u0103 ac\u021biona\u021bi \u00een autoritatea primit\u0103 de la Dumnezeu.<\/p>\n<p>\u201eNe dezv\u0103luie toate indiciile pentru a-l identifica pe du\u0219man \u00een atmosfera din jurul nostru, \u00een locurile \u00een care umbl\u0103m \u0219i \u00een structurile sociale care ne afecteaz\u0103 via\u021ba. Rebecca prezint\u0103 modul \u00een care pute\u021bi \u00eenfrunta cu fermitate planul du\u0219manului \u00een teritoriul vostru.\u201d<br \/>\nDr. Chuck D. Pierce, pre\u0219edinte al Glory of Zion International, Inc.; vicepre\u0219edinte al Global Harvest Ministries<br \/>\n\u201eAm slujit al\u0103turi de Becca \u00een tran\u0219ee. Este o elev\u0103 \u0219i o practician\u0103 serioas\u0103 \u00een cele trei nivele ale r\u0103zboiului spiritual.\u201d<br \/>\nDoris Wagner, vicepre\u0219edinte executiv al Global Harvest Ministries<br \/>\n\u201eBecca este o mijlocitoare cu experien\u021b\u0103 \u0219i prezint\u0103 foarte clar strategiile r\u0103zboiului spiritual.\u201d<br \/>\nAlice Smith, director executiv al U.S. Prayer Center<br \/>\n\u201eEste un ghid clar excelent, concis, \u0219i mai presus de toate, practic pentru orice cre\u0219tin.\u201d<br \/>\nEddie Smith, pre\u0219edinte al U.S. Prayer Center<br \/>\n\u201eO perspectiv\u0103 provocatoare privind autoritatea credinciosului de a redresa situa\u021bii \u0219i circumstan\u021be prin mijlocire dinamic\u0103 \u0219i r\u0103zboi spiritual puternic.\u201d<br \/>\nJoseph Thompson, director al Light the Nations Ministries; autorul c\u0103r\u021bii I\u2019m a Christian, So How Can I Have Demons? (Sunt cre\u0219tin, cum a\u0219 putea avea a\u0219adar demoni? &#8211; n.tr.)<br \/>\n\u201e\u00cencurajeaz\u0103 cititorul s\u0103-\u0219i l\u0103rgeasc\u0103 perspectiva personal\u0103 privind rug\u0103ciunea la o viziune global\u0103 \u0219i s\u0103 avanseze \u00een noi viziuni \u00een parteneriat cu Domnul.\u201d<br \/>\nLora Allison, director al Celebration International Ministries, autoarea c\u0103r\u021bii Skinned Alive? The Importance of Covering (Jupui\u021bi de vii? Importan\u021ba protec\u021biei \u2013 n.tr.)<\/p>\n<p>Num\u0103r de pagini: 206<\/p>\n","protected":false},"excerpt":{"rendered":"<p>Mul\u021bi mijlocitori simt c\u0103 sunt chema\u021bi la cel mai \u00eenalt nivel al r\u0103zboiului spiritual. \u00cen Autoritatea de a zdrobi vr\u0103jma\u0219ul, Rebecca Greenwood analizeaz\u0103 fiecare faz\u0103 a b\u0103t\u0103liei, de la preg\u0103tirea strategiilor p\u00e2n\u0103 la rug\u0103ciunea la fa\u021ba locului. Fie ca acest manual tactic s\u0103 v\u0103 arate cum s\u0103 ac\u021biona\u021bi \u00een autoritatea primit\u0103 de la Dumnezeu.<\/p>\n","protected":false},"featured_media":7077,"template":"","meta":{"_acf_changed":false},"product_brand":[],"product_cat":[25],"product_tag":[],"class_list":{"0":"post-35475","1":"product","2":"type-product","3":"status-publish","4":"has-post-thumbnail","6":"product_cat-restaurare-vindecare-eliberare","7":"pa_autori-rebecca-greenwood","8":"pa_format-carte-tiparita","9":"pa_format-carte-electronica","11":"first","12":"instock","13":"shipping-taxable","14":"purchasable","15":"product-type-variable"},"acf":[],"_links":{"self":[{"href":"https:\/\/alfaomega.tv\/librarie\/wp-json\/wp\/v2\/product\/35475","targetHints":{"allow":["GET"]}}],"collection":[{"href":"https:\/\/alfaomega.tv\/librarie\/wp-json\/wp\/v2\/product"}],"about":[{"href":"https:\/\/alfaomega.tv\/librarie\/wp-json\/wp\/v2\/types\/product"}],"wp:featuredmedia":[{"embeddable":true,"href":"https:\/\/alfaomega.tv\/librarie\/wp-json\/wp\/v2\/media\/7077"}],"wp:attachment":[{"href":"https:\/\/alfaomega.tv\/librarie\/wp-json\/wp\/v2\/media?parent=35475"}],"wp:term":[{"taxonomy":"product_brand","embeddable":true,"href":"https:\/\/alfaomega.tv\/librarie\/wp-json\/wp\/v2\/product_brand?post=35475"},{"taxonomy":"product_cat","embeddable":true,"href":"https:\/\/alfaomega.tv\/librarie\/wp-json\/wp\/v2\/product_cat?post=35475"},{"taxonomy":"product_tag","embeddable":true,"href":"https:\/\/alfaomega.tv\/librarie\/wp-json\/wp\/v2\/product_tag?post=35475"}],"curies":[{"name":"wp","href":"https:\/\/api.w.org\/{rel}","templated":true}]}}