{"id":35477,"date":"2025-08-29T12:56:58","date_gmt":"2025-08-29T12:56:58","guid":{"rendered":"https:\/\/alfaomega.tv\/librarie\/?post_type=product&#038;p=35477"},"modified":"2025-08-29T12:57:08","modified_gmt":"2025-08-29T12:57:08","slug":"siguranta-deplina","status":"publish","type":"product","link":"https:\/\/alfaomega.tv\/librarie\/produse\/derek-prince\/siguranta-deplina\/","title":{"rendered":"Siguran\u021b\u0103 deplin\u0103"},"content":{"rendered":"<div class=\"woocommerce-tabs sevencol clearfix\">\n<div id=\"tab-description\" class=\"panel entry-content\">\n<p><b>Unde putem g\u0103si siguran\u021b\u0103?<\/b><br \/>La aceast\u0103 preocupare uman\u0103 universal\u0103, omenirea a c\u0103utat r\u0103spuns pe diverse c\u0103i. \u00cen ciuda tuturor str\u0103daniilor, am r\u0103mas \u00een cele din urm\u0103 neputincio\u0219i s\u0103 g\u0103sim o siguran\u021b\u0103 real\u0103. Multe circumstan\u021be r\u0103m\u00e2n totalmente \u00een afara controlului nostru. Din fericire, exist\u0103 o alt\u0103 surs\u0103 de siguran\u021b\u0103 la care putem apela, care ne asigur\u0103 at\u00e2t siguran\u021b\u0103 deplin\u0103, c\u00e2t \u0219i permanent\u0103. Aceast\u0103 surs\u0103 este Dumnezeu.<\/p>\n<p>Derek Prince exploreaz\u0103 diferite moduri \u00een care Dumnezeu ofer\u0103 siguran\u021b\u0103, subliniind condi\u021biile pe care trebuie s\u0103 le \u00eendeplinim pentru a ne califica pentru protec\u021bia Lui \u00een fiecare arie a vie\u021bii noastre. Trebuie s\u0103 avem un fundament solid care s\u0103 poat\u0103 suporta presiunile \u0219i dificult\u0103\u021bile cu care ne confrunt\u0103m inevitabil. Acest fundament este Biblia, care ne d\u0103 \u00een\u021belepciune \u0219i ne dezv\u0103luie natura etern\u0103 a lui Dumnezeu, con\u021bine sfatul S\u0103u ve\u0219nic \u0219i ne arat\u0103 drumul prin nisipurile mi\u0219c\u0103toare ale timpului c\u0103tre St\u00e2nca ve\u0219nic\u0103 pe care putem cl\u0103di cu \u00eencredere absolut\u0103.<\/p>\n<p><strong>CUPRINS:<\/strong><\/p>\n<p>Introducere: Siguran\u021ba \u2013 o preocupare uman\u0103 fundamental\u0103<br \/>1. Adev\u0103rata surs\u0103<br \/>2. Alegerea care ne st\u0103 \u00eenainte<br \/>3. St\u00e2nca ve\u0219nic\u0103<br \/>4. La \u00eenceput, Dumnezeu<br \/>5. Dumnezeu de\u021bine controlul absolut<br \/>6. \u0218apte etape ale planului lui Dumnezeu<br \/>7. Prima etap\u0103: pre\u0219tiin\u021ba<br \/>8. A doua etap\u0103: alegerea<br \/>9. A treia etap\u0103: predestinarea<br \/>10. A patra etap\u0103: chemarea<br \/>11. A cincea etap\u0103: m\u00e2ntuirea<br \/>12. A \u0219asea etap\u0103: justificarea<br \/>13. A \u0219aptea etap\u0103: glorificarea<br \/>14. Speran\u021b\u0103 ve\u0219nic\u0103<br \/>15. Speran\u021ba ca refugiu \u0219i ancor\u0103<br \/>16. Locul ascuns<br \/>17. U\u0219a c\u0103tre locul secret<br \/>18. Protec\u021bie \u00eempotriva fricii \u0219i \u00eengrijor\u0103rii<br \/>19. Protec\u021bie \u00eempotriva descuraj\u0103rii \u0219i depresiei<br \/>20. Protec\u021bie \u00eempotriva criticii \u0219i a denatur\u0103rii<br \/>21. Siguran\u021b\u0103 financiar\u0103<br \/>22. Asigurarea social\u0103 a lui Dumnezeu<br \/>23. Siguran\u021b\u0103 prin \u00eemplinirea voii lui Dumnezeu<br \/>24. Cum s\u0103 fii de neoprit<br \/>25. Siguran\u021b\u0103 \u00een adversit\u0103\u021bi<\/p>\n<p>Num\u0103r de pagini: 180<\/p>\n<\/div>\n<\/div>\n","protected":false},"excerpt":{"rendered":"<p>Din fericire, exist\u0103 o alt\u0103 surs\u0103 de siguran\u021b\u0103 la care putem apela, care ne asigur\u0103 at\u00e2t siguran\u021b\u0103 deplin\u0103, c\u00e2t \u0219i permanent\u0103. Aceast\u0103 surs\u0103 este Dumnezeu.<\/p>\n","protected":false},"featured_media":7079,"template":"","meta":{"_acf_changed":false},"product_brand":[],"product_cat":[42],"product_tag":[],"class_list":{"0":"post-35477","1":"product","2":"type-product","3":"status-publish","4":"has-post-thumbnail","6":"product_cat-derek-prince","7":"pa_autori-derek-prince","8":"pa_format-carte-tiparita","10":"first","11":"outofstock","12":"shipping-taxable","13":"purchasable","14":"product-type-variable","15":"has-default-attributes"},"acf":[],"_links":{"self":[{"href":"https:\/\/alfaomega.tv\/librarie\/wp-json\/wp\/v2\/product\/35477","targetHints":{"allow":["GET"]}}],"collection":[{"href":"https:\/\/alfaomega.tv\/librarie\/wp-json\/wp\/v2\/product"}],"about":[{"href":"https:\/\/alfaomega.tv\/librarie\/wp-json\/wp\/v2\/types\/product"}],"wp:featuredmedia":[{"embeddable":true,"href":"https:\/\/alfaomega.tv\/librarie\/wp-json\/wp\/v2\/media\/7079"}],"wp:attachment":[{"href":"https:\/\/alfaomega.tv\/librarie\/wp-json\/wp\/v2\/media?parent=35477"}],"wp:term":[{"taxonomy":"product_brand","embeddable":true,"href":"https:\/\/alfaomega.tv\/librarie\/wp-json\/wp\/v2\/product_brand?post=35477"},{"taxonomy":"product_cat","embeddable":true,"href":"https:\/\/alfaomega.tv\/librarie\/wp-json\/wp\/v2\/product_cat?post=35477"},{"taxonomy":"product_tag","embeddable":true,"href":"https:\/\/alfaomega.tv\/librarie\/wp-json\/wp\/v2\/product_tag?post=35477"}],"curies":[{"name":"wp","href":"https:\/\/api.w.org\/{rel}","templated":true}]}}