{"id":35481,"date":"2025-08-29T12:56:58","date_gmt":"2025-08-29T12:56:58","guid":{"rendered":"https:\/\/alfaomega.tv\/librarie\/?post_type=product&#038;p=35481"},"modified":"2025-09-04T10:26:50","modified_gmt":"2025-09-04T10:26:50","slug":"transformarea","status":"publish","type":"product","link":"https:\/\/alfaomega.tv\/librarie\/produse\/crestinul-si-societatea\/transformarea\/","title":{"rendered":"Transformarea"},"content":{"rendered":"<p>\u00cembin\u00e2nd pove\u0219ti contemporane cu anecdote biblice \u0219i sfaturi practice, Ed Silvoso ne demonstreaz\u0103 modul \u00een care Dumnezeu intervine \u00een problemele umane actuale pentru a transforma oameni \u0219i na\u021biuni. \u00cenva\u021b\u0103 cele cinci paradigme critice \u00een implementarea schimb\u0103rii: disciplinarea na\u021biunilor, revendicarea sferei profesionale, perceperea muncii ca o expresie a \u00eenchin\u0103rii, folosirea puterii lui Dumnezeu pentru a birui r\u0103ul cotidian, \u0219i eliminarea s\u0103r\u0103ciei sistemice.<\/p>\n<p>Apoi, accept\u0103 provocarea de a-\u021bi transforma via\u021ba \u2013 f\u0103c\u00e2nd a\u0219a, \u00ee\u021bi vei transforma familia, \u0219coala, afacerea \u0219i na\u021biunea.<br \/>Tu po\u021bi face o diferen\u021b\u0103 \u00een lume! Este timpul s\u0103 te prive\u0219ti a\u0219a cum te vede Dumnezeu: iubit \u0219i creat cu un scop unic.<\/p>\n<hr \/>\n<p> Ed Silvoso, fondator \u0219i pre\u0219edinte al Harvest Evangelism, este larg recunoscut ca strateg al misiunilor \u0219i puternic \u00eenv\u0103\u021b\u0103tor biblic, specializat \u00een evanghelizare, c\u00e2\u0219tigarea ora\u0219elor pentru Hristos, transformarea societ\u0103\u021bii \u0219i reconcilierea \u00eentre sexe. El este autorul c\u0103r\u021bilor bestseller That None Should Perish \u0219i Anointed for Business. Ed \u0219i so\u021bia lui, Rut, locuiesc \u00een San Jose, California.<\/p>\n<hr \/>\n<p> Nr. pagini: 376<\/p>\n","protected":false},"excerpt":{"rendered":"<p>Transformarea \u00eencepe cu tine! Te-ai s\u0103turat s\u0103 tr\u0103ie\u0219ti o via\u021b\u0103 obi\u0219nuit\u0103? Ai fost creat s\u0103 faci lucruri m\u0103re\u021be! Cum po\u021bi \u00eencepe? Dumnezeu te iube\u0219te \u0219i are un plan pentru via\u021ba ta, dar \u021bie \u00ee\u021bi revine datoria de a afla care e acesta \u0219i de a \u00eel pune \u00een aplicare.<\/p>\n","protected":false},"featured_media":7083,"template":"","meta":{"_acf_changed":false},"product_brand":[],"product_cat":[30],"product_tag":[],"class_list":{"0":"post-35481","1":"product","2":"type-product","3":"status-publish","4":"has-post-thumbnail","6":"product_cat-crestinul-si-societatea","7":"pa_autori-ed-silvoso","8":"pa_format-carte-tiparita","9":"pa_format-carte-electronica","11":"first","12":"instock","13":"shipping-taxable","14":"purchasable","15":"product-type-variable"},"acf":[],"_links":{"self":[{"href":"https:\/\/alfaomega.tv\/librarie\/wp-json\/wp\/v2\/product\/35481","targetHints":{"allow":["GET"]}}],"collection":[{"href":"https:\/\/alfaomega.tv\/librarie\/wp-json\/wp\/v2\/product"}],"about":[{"href":"https:\/\/alfaomega.tv\/librarie\/wp-json\/wp\/v2\/types\/product"}],"wp:featuredmedia":[{"embeddable":true,"href":"https:\/\/alfaomega.tv\/librarie\/wp-json\/wp\/v2\/media\/7083"}],"wp:attachment":[{"href":"https:\/\/alfaomega.tv\/librarie\/wp-json\/wp\/v2\/media?parent=35481"}],"wp:term":[{"taxonomy":"product_brand","embeddable":true,"href":"https:\/\/alfaomega.tv\/librarie\/wp-json\/wp\/v2\/product_brand?post=35481"},{"taxonomy":"product_cat","embeddable":true,"href":"https:\/\/alfaomega.tv\/librarie\/wp-json\/wp\/v2\/product_cat?post=35481"},{"taxonomy":"product_tag","embeddable":true,"href":"https:\/\/alfaomega.tv\/librarie\/wp-json\/wp\/v2\/product_tag?post=35481"}],"curies":[{"name":"wp","href":"https:\/\/api.w.org\/{rel}","templated":true}]}}