{"id":35483,"date":"2025-08-29T12:56:58","date_gmt":"2025-08-29T12:56:58","guid":{"rendered":"https:\/\/alfaomega.tv\/librarie\/?post_type=product&#038;p=35483"},"modified":"2025-12-09T08:24:11","modified_gmt":"2025-12-09T08:24:11","slug":"botezul-cu-duhul-sfant","status":"publish","type":"product","link":"https:\/\/alfaomega.tv\/librarie\/produse\/derek-prince\/botezul-cu-duhul-sfant\/","title":{"rendered":"Botezul cu Duhul Sf\u00e2nt"},"content":{"rendered":"<div class=\"woocommerce-tabs sevencol clearfix\">\n<div id=\"tab-description\" class=\"panel entry-content\">Aceast\u0103 carte nu este un studiu biblic cu privire la acest subiect, care s\u0103 cuprind\u0103 fundamentul scriptural pentru experien\u021ba \u00een sine, ci descrie mai degrab\u0103 scopul botezului cu Duhul Sf\u00e2nt \u00een via\u021ba cre\u0219tinului \u0219i d\u0103 c\u00e2teva l\u0103muriri cu privire la termenii folosi\u021bi de Scriptur\u0103 \u00een descrierea botezului.<\/p>\n<p>Puterea Duhului Sf\u00e2nt este disponibil\u0103 tuturor cre\u0219tinilor pentru a fi o m\u0103rturie vie \u00een aceast\u0103 lume.<\/p>\n<p> <strong>CUPRINS:<\/strong><\/p>\n<p>1. Un studiu al prepozi\u0163iilor<br \/>2. Natura experien\u0163ei<br \/>3. Avertismente<br \/>4. Scopul experien\u0163ei<\/p>\n<\/p>\n<div class=\"woocommerce-tabs sevencol clearfix\"> <\/div>\n<p>Num\u0103r de pagini: 43<\/p>\n<\/div>\n<\/div>\n","protected":false},"excerpt":{"rendered":"<p>Puterea Duhului Sf\u00e2nt este disponibil\u0103 tuturor cre\u0219tinilor pentru a fi o m\u0103rturie vie \u00een aceast\u0103 lume.<\/p>\n","protected":false},"featured_media":7085,"template":"","meta":{"_acf_changed":false},"product_brand":[],"product_cat":[42],"product_tag":[],"class_list":{"0":"post-35483","1":"product","2":"type-product","3":"status-publish","4":"has-post-thumbnail","6":"product_cat-derek-prince","7":"pa_autori-derek-prince","8":"pa_format-carte-tiparita","10":"first","11":"outofstock","12":"shipping-taxable","13":"purchasable","14":"product-type-variable","15":"has-default-attributes"},"acf":[],"_links":{"self":[{"href":"https:\/\/alfaomega.tv\/librarie\/wp-json\/wp\/v2\/product\/35483","targetHints":{"allow":["GET"]}}],"collection":[{"href":"https:\/\/alfaomega.tv\/librarie\/wp-json\/wp\/v2\/product"}],"about":[{"href":"https:\/\/alfaomega.tv\/librarie\/wp-json\/wp\/v2\/types\/product"}],"wp:featuredmedia":[{"embeddable":true,"href":"https:\/\/alfaomega.tv\/librarie\/wp-json\/wp\/v2\/media\/7085"}],"wp:attachment":[{"href":"https:\/\/alfaomega.tv\/librarie\/wp-json\/wp\/v2\/media?parent=35483"}],"wp:term":[{"taxonomy":"product_brand","embeddable":true,"href":"https:\/\/alfaomega.tv\/librarie\/wp-json\/wp\/v2\/product_brand?post=35483"},{"taxonomy":"product_cat","embeddable":true,"href":"https:\/\/alfaomega.tv\/librarie\/wp-json\/wp\/v2\/product_cat?post=35483"},{"taxonomy":"product_tag","embeddable":true,"href":"https:\/\/alfaomega.tv\/librarie\/wp-json\/wp\/v2\/product_tag?post=35483"}],"curies":[{"name":"wp","href":"https:\/\/api.w.org\/{rel}","templated":true}]}}