{"id":35487,"date":"2025-08-29T12:56:59","date_gmt":"2025-08-29T12:56:59","guid":{"rendered":"https:\/\/alfaomega.tv\/librarie\/?post_type=product&#038;p=35487"},"modified":"2026-03-11T10:48:35","modified_gmt":"2026-03-11T10:48:35","slug":"integritate-profetica","status":"publish","type":"product","link":"https:\/\/alfaomega.tv\/librarie\/produse\/restaurare-vindecare-eliberare\/integritate-profetica\/","title":{"rendered":"Integritate profetic\u0103"},"content":{"rendered":"<p>De\u0219i profeticul este una dintre cele mai controversate \u0219i confuze slujiri, are totu\u0219i o importan\u021b\u0103 vital\u0103 \u00een Trupul lui Hristos. \u00cen 1 Corinteni 14:1, apostolul Pavel le-a spus cre\u0219tinilor din Corint: \u201e\u2026 umbla\u0163i \u015fi dup\u0103 darurile duhovnice\u015fti, dar mai ales s\u0103 proroci\u0163i\u201d. Darul profetic face parte din cele \u0219apte daruri motiva\u021bionale de baz\u0103 enumerate \u00een Romani 12 \u0219i este unul din cele cinci daruri ale slujirii men\u021bionate \u00een Efeseni 4. Din anii \u201980, de c\u00e2nd a \u00eenceput Dumnezeu s\u0103 pun\u0103 accentul pe darurile profetice, au ap\u0103rut multe metode \u0219i modele. Unele dintre acestea sunt biblice, altele, \u00eens\u0103, nu sunt.<br \/>\n\u00cen aceast\u0103 carte, Eddie \u0219i Alice se inspir\u0103 din experien\u021bele lor personale, tr\u0103ite \u00een sfera profetic\u0103, sau din cele pe care le-au avut \u00een slujirea lor mondial\u0103. Ei \u00ee\u0219i \u00eemp\u0103rt\u0103\u0219esc c\u0103l\u0103toria, relatare dup\u0103 relatare, \u00eentr-un mod transparent, spun\u00e2nd lucrurilor pe nume, atunci c\u00e2nd vine vorba de identificarea \u0219i examinarea problemelor pe care le ridic\u0103 unii \u00een zona profetic\u0103, cum ar fi:<br \/>\n&#8211; Cum ne vorbe\u0219te Dumnezeu ast\u0103zi?<br \/>\n&#8211; Cum s\u0103 discernem vocea lui Dumnezeu de alte \u201evoci interioare\u201d?<br \/>\n&#8211; Ce s\u0103 facem cu un cuv\u00e2nt profetic pe care l-am primit?<br \/>\n&#8211; Ce este diferit la profe\u021bii din Noul Testament fa\u021b\u0103 de cei din Vechiul Testament?<br \/>\n&#8211; Este o profe\u021bie ne\u00eemplinit\u0103 semnul dup\u0103 care descoperim un profet mincinos?<br \/>\n&#8211; Ce este de f\u0103cut cu o persoan\u0103 care proroce\u0219te incorect?<br \/>\nVe\u021bi afla povestiri pline de succes, inspirate din slujirea profetic\u0103 \u0219i principii directoare care v\u0103 vor ajuta s\u0103 v\u0103 men\u021bine\u021bi integritatea profetic\u0103 \u00een viitor. Fie c\u0103 sunte\u021bi un credincios care fl\u0103m\u00e2nze\u0219te dup\u0103 mai mult sau un lider pastoral care ofer\u0103 slujire profetic\u0103, ve\u021bi considera aceste \u00eendrum\u0103ri biblice utile \u0219i echilibrate.<\/p>\n<p>Numar de pagini: 116<\/p>\n","protected":false},"excerpt":{"rendered":"<p>Ve\u021bi afla povestiri pline de succes, inspirate din slujirea profetic\u0103 \u0219i principii directoare care v\u0103 vor ajuta s\u0103 v\u0103 men\u021bine\u021bi integritatea profetic\u0103 \u00een viitor. Fie c\u0103 sunte\u021bi un credincios care fl\u0103m\u00e2nze\u0219te dup\u0103 mai mult sau un lider pastoral care ofer\u0103 slujire profetic\u0103, ve\u021bi considera aceste \u00eendrum\u0103ri biblice utile \u0219i echilibrate.<\/p>\n","protected":false},"featured_media":7089,"template":"","meta":{"_acf_changed":false},"product_brand":[],"product_cat":[25],"product_tag":[],"class_list":{"0":"post-35487","1":"product","2":"type-product","3":"status-publish","4":"has-post-thumbnail","6":"product_cat-restaurare-vindecare-eliberare","7":"pa_autori-alice-smith","8":"pa_format-carte-tiparita","9":"pa_format-carte-electronica","11":"first","12":"instock","13":"shipping-taxable","14":"purchasable","15":"product-type-variable"},"acf":[],"_links":{"self":[{"href":"https:\/\/alfaomega.tv\/librarie\/wp-json\/wp\/v2\/product\/35487","targetHints":{"allow":["GET"]}}],"collection":[{"href":"https:\/\/alfaomega.tv\/librarie\/wp-json\/wp\/v2\/product"}],"about":[{"href":"https:\/\/alfaomega.tv\/librarie\/wp-json\/wp\/v2\/types\/product"}],"wp:featuredmedia":[{"embeddable":true,"href":"https:\/\/alfaomega.tv\/librarie\/wp-json\/wp\/v2\/media\/7089"}],"wp:attachment":[{"href":"https:\/\/alfaomega.tv\/librarie\/wp-json\/wp\/v2\/media?parent=35487"}],"wp:term":[{"taxonomy":"product_brand","embeddable":true,"href":"https:\/\/alfaomega.tv\/librarie\/wp-json\/wp\/v2\/product_brand?post=35487"},{"taxonomy":"product_cat","embeddable":true,"href":"https:\/\/alfaomega.tv\/librarie\/wp-json\/wp\/v2\/product_cat?post=35487"},{"taxonomy":"product_tag","embeddable":true,"href":"https:\/\/alfaomega.tv\/librarie\/wp-json\/wp\/v2\/product_tag?post=35487"}],"curies":[{"name":"wp","href":"https:\/\/api.w.org\/{rel}","templated":true}]}}