{"id":35489,"date":"2025-08-29T12:56:59","date_gmt":"2025-08-29T12:56:59","guid":{"rendered":"https:\/\/alfaomega.tv\/librarie\/?post_type=product&#038;p=35489"},"modified":"2025-08-29T12:57:08","modified_gmt":"2025-08-29T12:57:08","slug":"are-limba-ta-nevoie-de-vindecare","status":"publish","type":"product","link":"https:\/\/alfaomega.tv\/librarie\/produse\/derek-prince\/are-limba-ta-nevoie-de-vindecare\/","title":{"rendered":"Are limba ta nevoie de vindecare?"},"content":{"rendered":"<\/p>\n<p>Vorbirea este un indicator fidel cu privire la adev\u0103rata stare spiritual\u0103 c\u0103ci \u201edin prisosul inimii vorbe\u0219te gura\u201d. Moartea \u0219i via\u021ba sunt \u00een puterea limbii.<br \/>Fiecare cre\u0219tin \u0219tie c\u0103 este imperativ necesar s\u0103-\u0219i \u021bint\u0103 limba sub control, dar, mai devreme sau mai t\u00e2rziu, constat\u0103 c\u0103 nu este tocmai u\u0219or s\u0103 st\u0103p\u00e2neasc\u0103 acest mic m\u0103dular.<br \/>Derek Prince descrie \u00een aceast\u0103 bro\u0219ur\u0103 c\u00e2teva boli ale limbii \u0219i totodat\u0103 ne ofer\u0103 pa\u0219i clari, biblici, pentru a ne disciplina limba, astfel \u00eenc\u00e2t cuvintele noastre s\u0103 fie rostite spre gloria lui Dumnezeu \u0219i binecuv\u00e2ntarea noastr\u0103.<\/p>\n<p>Cuprins<\/p>\n<ol>\n<li>Via\u021b\u0103 sau moarte?<br \/>2. Din prisosul inimii vorbe\u0219te gura<br \/>3. Ce spune Biblia despre limb\u0103<br \/>4. Cuvintele decid destinul<br \/>5. Boli ale limbii<br \/>6. R\u0103d\u0103cina problemei<br \/>7. Primii pa\u0219i spre vindecare<br \/>8. Motivul pentru care ai o limb\u0103<br \/>9. Importan\u021ba m\u0103rturisirii tale<\/li>\n<\/ol>\n<p>Numar de pagini: 76<\/p>\n","protected":false},"excerpt":{"rendered":"<p>Derek Prince descrie \u00een aceast\u0103 bro\u0219ur\u0103 c\u00e2teva boli ale limbii \u0219i totodat\u0103 ne ofer\u0103 pa\u0219i clari, biblici, pentru a ne disciplina limba, astfel \u00eenc\u00e2t cuvintele noastre s\u0103 fie rostite spre gloria lui Dumnezeu \u0219i binecuv\u00e2ntarea noastr\u0103.<\/p>\n","protected":false},"featured_media":7091,"template":"","meta":{"_acf_changed":false},"product_brand":[],"product_cat":[42],"product_tag":[],"class_list":{"0":"post-35489","1":"product","2":"type-product","3":"status-publish","4":"has-post-thumbnail","6":"product_cat-derek-prince","7":"pa_autori-derek-prince","8":"pa_format-carte-tiparita","10":"first","11":"outofstock","12":"shipping-taxable","13":"purchasable","14":"product-type-variable","15":"has-default-attributes"},"acf":[],"_links":{"self":[{"href":"https:\/\/alfaomega.tv\/librarie\/wp-json\/wp\/v2\/product\/35489","targetHints":{"allow":["GET"]}}],"collection":[{"href":"https:\/\/alfaomega.tv\/librarie\/wp-json\/wp\/v2\/product"}],"about":[{"href":"https:\/\/alfaomega.tv\/librarie\/wp-json\/wp\/v2\/types\/product"}],"wp:featuredmedia":[{"embeddable":true,"href":"https:\/\/alfaomega.tv\/librarie\/wp-json\/wp\/v2\/media\/7091"}],"wp:attachment":[{"href":"https:\/\/alfaomega.tv\/librarie\/wp-json\/wp\/v2\/media?parent=35489"}],"wp:term":[{"taxonomy":"product_brand","embeddable":true,"href":"https:\/\/alfaomega.tv\/librarie\/wp-json\/wp\/v2\/product_brand?post=35489"},{"taxonomy":"product_cat","embeddable":true,"href":"https:\/\/alfaomega.tv\/librarie\/wp-json\/wp\/v2\/product_cat?post=35489"},{"taxonomy":"product_tag","embeddable":true,"href":"https:\/\/alfaomega.tv\/librarie\/wp-json\/wp\/v2\/product_tag?post=35489"}],"curies":[{"name":"wp","href":"https:\/\/api.w.org\/{rel}","templated":true}]}}