{"id":35493,"date":"2025-08-29T12:56:59","date_gmt":"2025-08-29T12:56:59","guid":{"rendered":"https:\/\/alfaomega.tv\/librarie\/?post_type=product&#038;p=35493"},"modified":"2025-09-01T08:48:58","modified_gmt":"2025-09-01T08:48:58","slug":"shalom","status":"publish","type":"product","link":"https:\/\/alfaomega.tv\/librarie\/produse\/bazele-crestinismului-ucenicizare\/shalom\/","title":{"rendered":"Shalom"},"content":{"rendered":"<h3>Shalom &#8211; Cum s\u0103 ajungi la oricine de oriunde. O abordare proasp\u0103t\u0103 a evangheliz\u0103rii.<\/h3>\n<p>De ce consum\u0103m at\u00e2t de mult din timpul, energia \u0219i resursele noastre ca s\u0103 \u00eei invit\u0103m pe oameni, c\u00e2nd Isus \u0218i le-a consumat f\u0103c\u00e2ndu-Se invitat?<\/p>\n<p>Ne-am pierdut noi ca Biseric\u0103 arta de a ne face invita\u021bi? \u0218i dac\u0103 da, cum am putea s\u0103 o redescoperim? Cartea Shalom adreseaz\u0103 aceste \u00eentreb\u0103ri \u0219i, la fel ca celelalte c\u0103r\u021bi ale trilogiei, pune la dispozi\u021bie un \u0219ablon practic format din patru pa\u0219i, u\u0219or de urmat \u0219i totu\u0219i cu o perspectiv\u0103 revolu\u021bionar\u0103. Folosit\u0103 ast\u0103zi de cre\u0219tini de pretutindeni, strategia Shalom te echipeaz\u0103 s\u0103 ajungi la oameni prin metodele pe care le-a ar\u0103tat Isus celor care-L urmau, pe care le-a poruncit ucenicilor s\u0103 le implementeze \u0219i pe care l-a c\u0103l\u0103uzit pe apostolul Pavel s\u0103 le utilizeze.<\/p>\n<p>Isus nu a venit doar ca s\u0103 ne salveze. A venit s\u0103 ne recruteze. \u00cen aceast\u0103 lume tot mai polarizat\u0103, misiunea noastr\u0103 este s\u0103-i conducem pe oameni la pace cu Dumnezeu.<\/p>\n<p>Sau, a\u0219a cum o numeau odinioar\u0103 evreii din vechime&#8230;Shalom.<\/p>\n<p><em>Paul Clayton Gibbs, fondator \u0219i director global al Pais Movement, este un autor \u0219i vorbitor care formeaz\u0103 misionari. Provenind din Manchester, Anglia, el a fondat \u00een 1992 Pais, o organiza\u021bie care abordeaz\u0103 oamenii \u0219i \u00eei ajut\u0103 s\u0103-\u0219i dezvolte inimi, aptitudini \u0219i vie\u021bi de misionari. Paul \u0219i so\u021bia lui, Lynn au doi fii, Joel \u0219i Levi, \u0219i un nepo\u021bel. Ei locuiesc momentan \u00een Arlington, Texas.<\/em><\/p>\n<p>Num\u0103r pagini: 153<\/p>\n","protected":false},"excerpt":{"rendered":"<p>Cum a ajuns Isus la al\u021bi oameni, \u00eentr-o lume polarizat\u0103 \u0219i divizat\u0103? \u0218i cum putem face asta ast\u0103zi? \u00cen cartea Shalom, Paul Clayton Gibbs sugereaz\u0103 c\u0103 r\u0103spunsurile la aceste \u00eentreb\u0103ri pot fi g\u0103site \u00eentreb\u00e2nd o alt\u0103 \u00eentrebare: \u201eDe ce petrecem at\u00e2t de mult timp, energie \u0219i resurse invit\u00e2nd oamenii, c\u00e2nd Isus a investit at\u00e2t de mult \u00een a fi El invitat?\u201d Aceast\u0103 carte invit\u0103 cititorii s\u0103 redescopere modul \u00een care putem fi invita\u021bi noi \u00een\u0219ine la a prezenta Evanghelia, prezent\u00e2nd un \u0219ablon practic \u00een patru pa\u0219i, simplu \u0219i \u00een acela\u0219i timp inovator. Strategia Shalom te va echipa s\u0103 ajungi la al\u021bii, la nivel personal, dar \u0219i organiza\u021bional, prin imitarea metodelor lui Isus. Este o carte vital\u0103 pentru cei ce doresc s\u0103 vesteasc\u0103 Evanghelia \u00een secolul XXI!<\/p>\n","protected":false},"featured_media":21743,"template":"","meta":{"_acf_changed":false},"product_brand":[],"product_cat":[31],"product_tag":[],"class_list":{"0":"post-35493","1":"product","2":"type-product","3":"status-publish","4":"has-post-thumbnail","6":"product_cat-bazele-crestinismului-ucenicizare","7":"pa_autori-paul-clayton-gibbs","8":"pa_format-carte-tiparita","10":"first","11":"instock","12":"shipping-taxable","13":"purchasable","14":"product-type-variable","15":"has-default-attributes"},"acf":[],"_links":{"self":[{"href":"https:\/\/alfaomega.tv\/librarie\/wp-json\/wp\/v2\/product\/35493","targetHints":{"allow":["GET"]}}],"collection":[{"href":"https:\/\/alfaomega.tv\/librarie\/wp-json\/wp\/v2\/product"}],"about":[{"href":"https:\/\/alfaomega.tv\/librarie\/wp-json\/wp\/v2\/types\/product"}],"wp:featuredmedia":[{"embeddable":true,"href":"https:\/\/alfaomega.tv\/librarie\/wp-json\/wp\/v2\/media\/21743"}],"wp:attachment":[{"href":"https:\/\/alfaomega.tv\/librarie\/wp-json\/wp\/v2\/media?parent=35493"}],"wp:term":[{"taxonomy":"product_brand","embeddable":true,"href":"https:\/\/alfaomega.tv\/librarie\/wp-json\/wp\/v2\/product_brand?post=35493"},{"taxonomy":"product_cat","embeddable":true,"href":"https:\/\/alfaomega.tv\/librarie\/wp-json\/wp\/v2\/product_cat?post=35493"},{"taxonomy":"product_tag","embeddable":true,"href":"https:\/\/alfaomega.tv\/librarie\/wp-json\/wp\/v2\/product_tag?post=35493"}],"curies":[{"name":"wp","href":"https:\/\/api.w.org\/{rel}","templated":true}]}}