{"id":35495,"date":"2025-08-29T12:57:00","date_gmt":"2025-08-29T12:57:00","guid":{"rendered":"https:\/\/alfaomega.tv\/librarie\/?post_type=product&#038;p=35495"},"modified":"2025-09-03T12:08:39","modified_gmt":"2025-09-03T12:08:39","slug":"datoria-noastra-fata-de-israel","status":"publish","type":"product","link":"https:\/\/alfaomega.tv\/librarie\/produse\/intelegerea-vremurilor-israel\/datoria-noastra-fata-de-israel\/","title":{"rendered":"Datoria noastra\u0306 fat\u0326a\u0306 de Israel"},"content":{"rendered":"<p>Destinul bisericii este direct legat de alian\u021ba cu Israelul \u0219i r\u0103d\u0103cinile lui evreie\u0219ti. Aceast\u0103 serie \u00ee\u0219i propune s\u0103 ajute credinciosul s\u0103 intre \u00eentr-o rela\u021bie mai profund\u0103 cu Iahve pornind de la explica\u021bia c\u0103 r\u0103d\u0103cinile lui sunt evreie\u0219ti \u0219i reprezint\u0103 fundamentul credin\u021bei pe care o are. Permi\u021b\u00e2nd acestor adev\u0103ruri s\u0103 p\u0103trund\u0103 \u00een str\u0103fundurile inimii, ve\u021bi intra automat \u00een binecuv\u00e2ntarea pe care biserica o va primi \u00een aceast\u0103 vreme a sf\u00e2r\u0219itului. Binecuv\u00e2ntarea amintit\u0103 v\u0103 va separa de credinciosul mediocru, fiind o binecuv\u00e2ntare care v\u0103 propulseaz\u0103 \u00een fiecare domeniu al vie\u021bii. Ve\u021bi \u00eencepe s\u0103 experimenta\u021bi aceea\u0219i binecuv\u00e2ntare sub umbra c\u0103reia a umblat Avraam, ceea ce v\u0103 va permite s\u0103 v\u0103 \u00eemplini\u021bi destinul cu care v-a \u00eenzestrat Dumnezeu.<\/p>\n<p> Janet este o profetes\u0103 recunoscut\u0103, care a c\u0103l\u0103torit \u00een toat\u0103 lumea timp de 25 de ani, slujind Cuv\u00e2ntului Domnului de-a lungul globului. Janet este cunoscut\u0103 pentru \u00eenv\u0103\u021b\u0103turile am\u0103nun\u021bite \u0219i pentru revela\u021biile profetice exacte. Lucrarea ei are la baz\u0103 consacrarea b\u0103rba\u0163ilor \u015fi a femeilor din \u00eentreaga lume \u00een chemarea profetic\u0103 pe care o au \u00een formarea Trupului lui Hristos<\/p>\n<p>Janet Brann &#8211; Hollis &#8211; Ruach Ministries<br \/><a href=\"https:\/\/www.ruachministries.co.za\">www.ruachministries.co.za<\/a><\/p>\n<p>Num\u0103r de pagini: 44<\/p>\n","protected":false},"excerpt":{"rendered":"<p>Aceast\u0103 serie \u00ee\u0219i propune s\u0103 ajute credinciosul s\u0103 intre \u00eentr-o rela\u021bie mai profund\u0103 cu Iahve pornind de la explica\u021bia c\u0103 r\u0103d\u0103cinile lui sunt evreie\u0219ti \u0219i reprezint\u0103 fundamentul credin\u021bei pe care o are. Permi\u021b\u00e2nd acestor adev\u0103ruri s\u0103 p\u0103trund\u0103 \u00een str\u0103fundurile inimii, ve\u021bi intra automat \u00een binecuv\u00e2ntarea pe care biserica o va primi \u00een aceast\u0103 vreme a sf\u00e2r\u0219itului.<\/p>\n","protected":false},"featured_media":7097,"template":"","meta":{"_acf_changed":false},"product_brand":[],"product_cat":[24],"product_tag":[],"class_list":{"0":"post-35495","1":"product","2":"type-product","3":"status-publish","4":"has-post-thumbnail","6":"product_cat-intelegerea-vremurilor-israel","7":"pa_autori-janet-brann-hollis","8":"pa_format-carte-tiparita","9":"pa_format-carte-electronica","11":"first","12":"instock","13":"shipping-taxable","14":"purchasable","15":"product-type-variable"},"acf":[],"_links":{"self":[{"href":"https:\/\/alfaomega.tv\/librarie\/wp-json\/wp\/v2\/product\/35495","targetHints":{"allow":["GET"]}}],"collection":[{"href":"https:\/\/alfaomega.tv\/librarie\/wp-json\/wp\/v2\/product"}],"about":[{"href":"https:\/\/alfaomega.tv\/librarie\/wp-json\/wp\/v2\/types\/product"}],"wp:featuredmedia":[{"embeddable":true,"href":"https:\/\/alfaomega.tv\/librarie\/wp-json\/wp\/v2\/media\/7097"}],"wp:attachment":[{"href":"https:\/\/alfaomega.tv\/librarie\/wp-json\/wp\/v2\/media?parent=35495"}],"wp:term":[{"taxonomy":"product_brand","embeddable":true,"href":"https:\/\/alfaomega.tv\/librarie\/wp-json\/wp\/v2\/product_brand?post=35495"},{"taxonomy":"product_cat","embeddable":true,"href":"https:\/\/alfaomega.tv\/librarie\/wp-json\/wp\/v2\/product_cat?post=35495"},{"taxonomy":"product_tag","embeddable":true,"href":"https:\/\/alfaomega.tv\/librarie\/wp-json\/wp\/v2\/product_tag?post=35495"}],"curies":[{"name":"wp","href":"https:\/\/api.w.org\/{rel}","templated":true}]}}