{"id":35499,"date":"2025-08-29T12:57:09","date_gmt":"2025-08-29T12:57:09","guid":{"rendered":"https:\/\/alfaomega.tv\/librarie\/?post_type=product&#038;p=35499"},"modified":"2025-09-04T10:20:19","modified_gmt":"2025-09-04T10:20:19","slug":"tu-munca-ta-natiunea-ta","status":"publish","type":"product","link":"https:\/\/alfaomega.tv\/librarie\/produse\/crestinul-si-societatea\/tu-munca-ta-natiunea-ta\/","title":{"rendered":"Tu, munca ta, na\u021biunea ta"},"content":{"rendered":"<p>Volumul al doilea al trilogiei \u201eCre\u0219tinul \u00een c\u00e2mpul muncii\u201d, duce mai departe ideea puterii de schimbare pe care o are aplicare principiilor biblice la locul de munc\u0103.<br \/>Dac\u0103 \u00een primul volum, \u201eBiruin\u021b\u0103 la locul de munc\u0103\u201d vedem cum via\u021ba noastr\u0103 este schimbat\u0103 c\u00e2nd aplic\u0103m principiile biblice la locul de munc\u0103, \u00een al doilea volum: \u201eTu, munca ta, na\u021biunea ta\u201d vedem cum na\u021biunea noastr\u0103 va fi schimbat\u0103 atunci c\u00e2nd aplic\u0103m aceste principii.<br \/>De\u0219i pare u\u0219or utopic, demonstra\u021bia conving\u0103toare a autorului din cuprinsul c\u0103r\u021bii te va ajuta s\u0103 \u00een\u021belegi c\u0103 merit\u0103 s\u0103 \u00eencerci. Nu vei avea nimic de pierdut.<\/p>\n<\/p>\n<p>Nate Belkstrom<br \/>Absolvent a Christ for the Nations Bible College, pastor, autor \u015fi conferen\u0163iar pe tema biruin\u0163ei la locul de munc\u0103, Nate Belkstrom str\u0103bate America \u015fi Europa de est din 1995 pentru a duce acest mesaj tuturor.<\/p>\n<p> Numar de pagini: 74<\/p>\n","protected":false},"excerpt":{"rendered":"<p>Dac\u0103 \u00een primul volum, \u201eBiruin\u021b\u0103 la locul de munc\u0103\u201d vedem cum via\u021ba noastr\u0103 este schimbat\u0103 c\u00e2nd aplic\u0103m principiile biblice la locul de munc\u0103, \u00een al doilea volum: \u201eTu, munca ta, na\u021biunea ta\u201d vedem cum na\u021biunea noastr\u0103 va fi schimbat\u0103 atunci c\u00e2nd aplic\u0103m aceste principii.<\/p>\n","protected":false},"featured_media":7105,"template":"","meta":{"_acf_changed":false},"product_brand":[],"product_cat":[30],"product_tag":[],"class_list":{"0":"post-35499","1":"product","2":"type-product","3":"status-publish","4":"has-post-thumbnail","6":"product_cat-crestinul-si-societatea","7":"pa_autori-nate-belkstrom","8":"pa_format-carte-tiparita","9":"pa_format-carte-electronica","11":"first","12":"instock","13":"shipping-taxable","14":"purchasable","15":"product-type-variable"},"acf":[],"_links":{"self":[{"href":"https:\/\/alfaomega.tv\/librarie\/wp-json\/wp\/v2\/product\/35499","targetHints":{"allow":["GET"]}}],"collection":[{"href":"https:\/\/alfaomega.tv\/librarie\/wp-json\/wp\/v2\/product"}],"about":[{"href":"https:\/\/alfaomega.tv\/librarie\/wp-json\/wp\/v2\/types\/product"}],"wp:featuredmedia":[{"embeddable":true,"href":"https:\/\/alfaomega.tv\/librarie\/wp-json\/wp\/v2\/media\/7105"}],"wp:attachment":[{"href":"https:\/\/alfaomega.tv\/librarie\/wp-json\/wp\/v2\/media?parent=35499"}],"wp:term":[{"taxonomy":"product_brand","embeddable":true,"href":"https:\/\/alfaomega.tv\/librarie\/wp-json\/wp\/v2\/product_brand?post=35499"},{"taxonomy":"product_cat","embeddable":true,"href":"https:\/\/alfaomega.tv\/librarie\/wp-json\/wp\/v2\/product_cat?post=35499"},{"taxonomy":"product_tag","embeddable":true,"href":"https:\/\/alfaomega.tv\/librarie\/wp-json\/wp\/v2\/product_tag?post=35499"}],"curies":[{"name":"wp","href":"https:\/\/api.w.org\/{rel}","templated":true}]}}