{"id":35501,"date":"2025-08-29T12:57:09","date_gmt":"2025-08-29T12:57:09","guid":{"rendered":"https:\/\/alfaomega.tv\/librarie\/?post_type=product&#038;p=35501"},"modified":"2025-08-29T12:57:20","modified_gmt":"2025-08-29T12:57:20","slug":"remediul-lui-dumnezeu-pentru-respingere-2","status":"publish","type":"product","link":"https:\/\/alfaomega.tv\/librarie\/produse\/derek-prince\/remediul-lui-dumnezeu-pentru-respingere-2\/","title":{"rendered":"Remediul lui Dumnezeu pentru respingere"},"content":{"rendered":"<p>Respingerea poate cauza r\u0103ni suflete\u0219ti ad\u00e2nci, indiferent dac\u0103 suntem con\u0219tien\u021bi de ele sau nu. Ea st\u0103 la baza multor probleme, cum ar fi abuzul de substan\u021be, vicii sexuale, dificult\u0103\u021bi \u00een rela\u021bii \u0219i depresie. \u00cen societatea modern\u0103, mii de oameni au tr\u0103it respingerea prin pierderea unui p\u0103rinte, a unui partener de c\u0103snicie, prin abuzuri \u00een copil\u0103rie ori lipsa afec\u021biunii p\u0103rinte\u0219ti.<br \/>Prin acceptarea lui Dumnezeu Tat\u0103l de care avem parte datorit\u0103 jertfei Fiului S\u0103u, Isus Hristos, Dumnezeu a deschis o cale pentru vindecarea r\u0103nilor cauzate de respingere.<\/p>\n<p>CUPRINS:<\/p>\n<p>1. Natura respingerii<br \/>2. Cauzele respingerii<br \/>3. Tr\u0103darea \u0219i ru\u0219inea<br \/>4. Consecin\u021bele respingerii<br \/>5. Respingerea suprem\u0103<br \/>6. Cum s\u0103 aplici remediul<br \/>7. S\u0103 fii acceptat \u00een familia lui Dumnezeu<br \/>8. Rev\u0103rsarea dragostei divine<\/p>\n<p> Num\u0103r de pagini: 78<\/p>\n","protected":false},"excerpt":{"rendered":"<p>Prin acceptarea lui Dumnezeu Tat\u0103l de care avem parte datorit\u0103 jertfei Fiului S\u0103u, Isus Hristos, Dumnezeu a deschis o cale pentru vindecarea r\u0103nilor cauzate de respingere.<\/p>\n","protected":false},"featured_media":7107,"template":"","meta":{"_acf_changed":false},"product_brand":[],"product_cat":[42],"product_tag":[],"class_list":{"0":"post-35501","1":"product","2":"type-product","3":"status-publish","4":"has-post-thumbnail","6":"product_cat-derek-prince","7":"pa_autori-derek-prince","8":"pa_format-carte-tiparita","10":"first","11":"outofstock","12":"shipping-taxable","13":"purchasable","14":"product-type-variable","15":"has-default-attributes"},"acf":[],"_links":{"self":[{"href":"https:\/\/alfaomega.tv\/librarie\/wp-json\/wp\/v2\/product\/35501","targetHints":{"allow":["GET"]}}],"collection":[{"href":"https:\/\/alfaomega.tv\/librarie\/wp-json\/wp\/v2\/product"}],"about":[{"href":"https:\/\/alfaomega.tv\/librarie\/wp-json\/wp\/v2\/types\/product"}],"wp:featuredmedia":[{"embeddable":true,"href":"https:\/\/alfaomega.tv\/librarie\/wp-json\/wp\/v2\/media\/7107"}],"wp:attachment":[{"href":"https:\/\/alfaomega.tv\/librarie\/wp-json\/wp\/v2\/media?parent=35501"}],"wp:term":[{"taxonomy":"product_brand","embeddable":true,"href":"https:\/\/alfaomega.tv\/librarie\/wp-json\/wp\/v2\/product_brand?post=35501"},{"taxonomy":"product_cat","embeddable":true,"href":"https:\/\/alfaomega.tv\/librarie\/wp-json\/wp\/v2\/product_cat?post=35501"},{"taxonomy":"product_tag","embeddable":true,"href":"https:\/\/alfaomega.tv\/librarie\/wp-json\/wp\/v2\/product_tag?post=35501"}],"curies":[{"name":"wp","href":"https:\/\/api.w.org\/{rel}","templated":true}]}}