{"id":35503,"date":"2025-08-29T12:57:09","date_gmt":"2025-08-29T12:57:09","guid":{"rendered":"https:\/\/alfaomega.tv\/librarie\/?post_type=product&#038;p=35503"},"modified":"2026-03-27T19:50:47","modified_gmt":"2026-03-27T19:50:47","slug":"planul-lui-dumnezeu-pentru-finantele-tale","status":"publish","type":"product","link":"https:\/\/alfaomega.tv\/librarie\/produse\/derek-prince\/planul-lui-dumnezeu-pentru-finantele-tale\/","title":{"rendered":"Planul lui Dumnezeu pentru finan\u021bele tale"},"content":{"rendered":"<p>Poate te-ai \u00eentrebat adesea de ce ai probleme financiare care par a nu avea rezolvare. \u00cen aceast\u0103 carte, autorul \u00ee\u0163i lanseaz\u0103 o provocare: e\u015fti gata s\u0103 aplici voia lui Dumnezeu \u015fi \u00een domeniul financiar?<br \/>Printre altele, cartea trateaz\u0103 tema d\u0103rniciei \u015fi a zeciuielii, ca parte a \u00eenchin\u0103rii noastre \u00eenaintea lui Dumnezeu.<\/p>\n<p>CUPRINS:<br \/>1. Planul atotcuprinz\u0103tor al lui Dumnezeu<br \/>2. Dumnezeu sau Mamona?<br \/>3. D\u0103ruirea face parte din \u00eenchinare<br \/>4. Cum s\u0103 fie Dumnezeu prioritar<br \/>5. Dumnezeu ne provoac\u0103<br \/>6. Harul d\u0103rniciei<br \/>7. D\u0103ruie\u0219te-te pe tine \u00eensu\u021bi<br \/>8. O rela\u021bie bilateral\u0103<br \/>9. S\u0103 d\u0103ruie\u0219ti \u00eenseamn\u0103 s\u0103 semeni<br \/>10. Standardul lui Dumnezeu este abunden\u021ba<\/p>\n<p> Num\u0103r de pagini: 74<\/p>\n","protected":false},"excerpt":{"rendered":"<p>Poate te-ai \u00eentrebat adesea de ce ai probleme financiare care par a nu avea rezolvare. \u00cen aceast\u0103 carte, autorul \u00ee\u0163i lanseaz\u0103 o provocare: e\u015fti gata s\u0103 aplici voia lui Dumnezeu \u015fi \u00een domeniul financiar?<\/p>\n","protected":false},"featured_media":7109,"template":"","meta":{"_acf_changed":false},"product_brand":[],"product_cat":[42],"product_tag":[],"class_list":{"0":"post-35503","1":"product","2":"type-product","3":"status-publish","4":"has-post-thumbnail","6":"product_cat-derek-prince","7":"pa_autori-derek-prince","8":"pa_format-carte-tiparita","10":"first","11":"outofstock","12":"shipping-taxable","13":"purchasable","14":"product-type-variable","15":"has-default-attributes"},"acf":[],"_links":{"self":[{"href":"https:\/\/alfaomega.tv\/librarie\/wp-json\/wp\/v2\/product\/35503","targetHints":{"allow":["GET"]}}],"collection":[{"href":"https:\/\/alfaomega.tv\/librarie\/wp-json\/wp\/v2\/product"}],"about":[{"href":"https:\/\/alfaomega.tv\/librarie\/wp-json\/wp\/v2\/types\/product"}],"wp:featuredmedia":[{"embeddable":true,"href":"https:\/\/alfaomega.tv\/librarie\/wp-json\/wp\/v2\/media\/7109"}],"wp:attachment":[{"href":"https:\/\/alfaomega.tv\/librarie\/wp-json\/wp\/v2\/media?parent=35503"}],"wp:term":[{"taxonomy":"product_brand","embeddable":true,"href":"https:\/\/alfaomega.tv\/librarie\/wp-json\/wp\/v2\/product_brand?post=35503"},{"taxonomy":"product_cat","embeddable":true,"href":"https:\/\/alfaomega.tv\/librarie\/wp-json\/wp\/v2\/product_cat?post=35503"},{"taxonomy":"product_tag","embeddable":true,"href":"https:\/\/alfaomega.tv\/librarie\/wp-json\/wp\/v2\/product_tag?post=35503"}],"curies":[{"name":"wp","href":"https:\/\/api.w.org\/{rel}","templated":true}]}}