{"id":35505,"date":"2025-08-29T12:57:10","date_gmt":"2025-08-29T12:57:10","guid":{"rendered":"https:\/\/alfaomega.tv\/librarie\/?post_type=product&#038;p=35505"},"modified":"2026-03-23T09:01:31","modified_gmt":"2026-03-23T09:01:31","slug":"meditand-la-psalmi","status":"publish","type":"product","link":"https:\/\/alfaomega.tv\/librarie\/produse\/derek-prince\/meditand-la-psalmi\/","title":{"rendered":"Medit\u00e2nd la Psalmi"},"content":{"rendered":"<p>Cartea Psalmilor este una dintre cele mai iubite c\u0103r\u021bi ale Bibliei. C\u00e2ntecele ei sunt o surs\u0103 de m\u00e2ng\u00e2iere, o piatr\u0103 de temelie pentru \u00eenchinare \u0219i un mijloc de a transpune \u00een cuvinte cele mai profunde dureri \u0219i dorin\u021be ale inimii umane.<br \/>Derek Prince m\u0103rturisea urm\u0103toarele: \u201eTimp de peste 40 de ani eu m-am \u00eentors neobosit la psalmii lui David pentru a-mi \u00eemplini nevoile sufletului.\u201d<\/p>\n<p>TEMELE DEZB\u0102TUTE:<br \/>\u2022 Maiestatea ve\u0219nic\u0103 a lui Dumnezeu<br \/>\u2022 Rug\u0103ciune \u0219i laud\u0103<br \/>\u2022 \u00cenv\u0103\u021b\u00e2nd c\u0103ile lui Dumnezeu<br \/>\u2022 Timpuri de presiune<br \/>\u2022 Grija atotcuprinz\u0103toare a lui Dumnezeu<br \/>\u2022 Cuv\u00e2ntul la lucru<br \/>\u2022 Timp \u0219i ve\u0219nicie<\/p>\n<p> Num\u0103r de pagini: 222<\/p>\n","protected":false},"excerpt":{"rendered":"<p>Derek Prince m\u0103rturisea urm\u0103toarele: \u201eTimp de peste 40 de ani eu m-am \u00eentors neobosit la psalmii lui David pentru a-mi \u00eemplini nevoile sufletului.\u201d<\/p>\n","protected":false},"featured_media":7111,"template":"","meta":{"_acf_changed":false},"product_brand":[],"product_cat":[42],"product_tag":[],"class_list":{"0":"post-35505","1":"product","2":"type-product","3":"status-publish","4":"has-post-thumbnail","6":"product_cat-derek-prince","7":"pa_autori-derek-prince","8":"pa_format-carte-tiparita","10":"first","11":"outofstock","12":"shipping-taxable","13":"purchasable","14":"product-type-variable","15":"has-default-attributes"},"acf":[],"_links":{"self":[{"href":"https:\/\/alfaomega.tv\/librarie\/wp-json\/wp\/v2\/product\/35505","targetHints":{"allow":["GET"]}}],"collection":[{"href":"https:\/\/alfaomega.tv\/librarie\/wp-json\/wp\/v2\/product"}],"about":[{"href":"https:\/\/alfaomega.tv\/librarie\/wp-json\/wp\/v2\/types\/product"}],"wp:featuredmedia":[{"embeddable":true,"href":"https:\/\/alfaomega.tv\/librarie\/wp-json\/wp\/v2\/media\/7111"}],"wp:attachment":[{"href":"https:\/\/alfaomega.tv\/librarie\/wp-json\/wp\/v2\/media?parent=35505"}],"wp:term":[{"taxonomy":"product_brand","embeddable":true,"href":"https:\/\/alfaomega.tv\/librarie\/wp-json\/wp\/v2\/product_brand?post=35505"},{"taxonomy":"product_cat","embeddable":true,"href":"https:\/\/alfaomega.tv\/librarie\/wp-json\/wp\/v2\/product_cat?post=35505"},{"taxonomy":"product_tag","embeddable":true,"href":"https:\/\/alfaomega.tv\/librarie\/wp-json\/wp\/v2\/product_tag?post=35505"}],"curies":[{"name":"wp","href":"https:\/\/api.w.org\/{rel}","templated":true}]}}