{"id":35507,"date":"2025-08-29T12:57:10","date_gmt":"2025-08-29T12:57:10","guid":{"rendered":"https:\/\/alfaomega.tv\/librarie\/?post_type=product&#038;p=35507"},"modified":"2025-08-29T12:57:20","modified_gmt":"2025-08-29T12:57:20","slug":"cum-sa-postim-cu-succes","status":"publish","type":"product","link":"https:\/\/alfaomega.tv\/librarie\/produse\/derek-prince\/cum-sa-postim-cu-succes\/","title":{"rendered":"Cum s\u0103 postim cu succes"},"content":{"rendered":"<p>Postul este o cheie important\u0103 pentru o via\u021b\u0103 cre\u0219tin\u0103 biruitoare. Aceast\u0103 tem\u0103 se reg\u0103se\u0219te \u00een \u00eentreaga Biblie, dar a fost destul de ignorat\u0103 \u00een Biseric\u0103. Atunci c\u00e2nd Domnul Isus a vorbit despre acest subiect, El nu a zis \u201edac\u0103 posti\u021bi\u201d, ci \u201eatunci c\u00e2nd posti\u021bi\u201d. Cartea de fa\u021b\u0103 trateaz\u0103 at\u00e2t aspectele spirituale, c\u00e2t \u0219i cele practice ale postului.<\/p>\n<p>CUPRINS:<br \/>1. Ce este postul?<br \/>2. To\u0163i cre\u015ftinii ar trebui s\u0103 posteasc\u0103?<br \/>3. Cum s\u0103 m\u0103 preg\u0103tesc pentru post?<br \/>4. Care este scopul postului?<br \/>5. C\u00e2t de mult ar trebui s\u0103 postesc?<br \/>6. Ce se \u00eent\u00e2mpl\u0103 \u00een timpul unui post?<br \/>7. Reac\u0163ii fizice nepl\u0103cute<br \/>8. Cum pot posti ca s\u0103 beneficiez de avantaje fizice maxime?<br \/>9. Diferite tipuri de post<br \/>10. Leg\u0103tura dintre post \u015fi sabat<br \/>11. Cum se \u00eentrerupe postul?<br \/>12. Rezumat<\/p>\n<p>\u00a0Num\u0103r de pagini:\u00a058<\/p>\n","protected":false},"excerpt":{"rendered":"<p>Atunci c\u00e2nd Domnul Isus a vorbit despre acest subiect, El nu a zis \u201edac\u0103 posti\u021bi\u201d, ci \u201eatunci c\u00e2nd posti\u021bi\u201d. Cartea de fa\u021b\u0103 trateaz\u0103 at\u00e2t aspectele spirituale, c\u00e2t \u0219i cele practice ale postului.<\/p>\n","protected":false},"featured_media":7113,"template":"","meta":{"_acf_changed":false},"product_brand":[],"product_cat":[42],"product_tag":[],"class_list":{"0":"post-35507","1":"product","2":"type-product","3":"status-publish","4":"has-post-thumbnail","6":"product_cat-derek-prince","7":"pa_autori-derek-prince","8":"pa_format-carte-tiparita","10":"first","11":"outofstock","12":"shipping-taxable","13":"purchasable","14":"product-type-variable","15":"has-default-attributes"},"acf":[],"_links":{"self":[{"href":"https:\/\/alfaomega.tv\/librarie\/wp-json\/wp\/v2\/product\/35507","targetHints":{"allow":["GET"]}}],"collection":[{"href":"https:\/\/alfaomega.tv\/librarie\/wp-json\/wp\/v2\/product"}],"about":[{"href":"https:\/\/alfaomega.tv\/librarie\/wp-json\/wp\/v2\/types\/product"}],"wp:featuredmedia":[{"embeddable":true,"href":"https:\/\/alfaomega.tv\/librarie\/wp-json\/wp\/v2\/media\/7113"}],"wp:attachment":[{"href":"https:\/\/alfaomega.tv\/librarie\/wp-json\/wp\/v2\/media?parent=35507"}],"wp:term":[{"taxonomy":"product_brand","embeddable":true,"href":"https:\/\/alfaomega.tv\/librarie\/wp-json\/wp\/v2\/product_brand?post=35507"},{"taxonomy":"product_cat","embeddable":true,"href":"https:\/\/alfaomega.tv\/librarie\/wp-json\/wp\/v2\/product_cat?post=35507"},{"taxonomy":"product_tag","embeddable":true,"href":"https:\/\/alfaomega.tv\/librarie\/wp-json\/wp\/v2\/product_tag?post=35507"}],"curies":[{"name":"wp","href":"https:\/\/api.w.org\/{rel}","templated":true}]}}