{"id":35509,"date":"2025-08-29T12:57:10","date_gmt":"2025-08-29T12:57:10","guid":{"rendered":"https:\/\/alfaomega.tv\/librarie\/?post_type=product&#038;p=35509"},"modified":"2026-03-17T08:13:21","modified_gmt":"2026-03-17T08:13:21","slug":"cine-este-duhul-sfant","status":"publish","type":"product","link":"https:\/\/alfaomega.tv\/librarie\/produse\/derek-prince\/cine-este-duhul-sfant\/","title":{"rendered":"Cine este Duhul Sf\u00e2nt"},"content":{"rendered":"<p>Aceast\u0103 carte con\u021bine o descriere succint\u0103 a atributelor Duhului Sf\u00e2nt, a lucr\u0103rii Sale, precum \u0219i o scurt\u0103 prezentare a darurilor spirituale, a roadelor Duhului \u0219i cum anume le putem cultiva \u00een via\u021ba personal\u0103.<\/p>\n<p>CUPRINS:<br \/>1. Este Duhul Sf\u00e2nt o Persoan\u0103?<br \/>2. Ve\u0219nic, omniscient, omniprezent<br \/>3. Slujitor din umbr\u0103 \u2013 un foc mistuitor<br \/>4. Duhul adev\u0103rului<br \/>5. Darurile Duhului<br \/>6. Roadele Duhului Sf\u00e2nt<\/p>\n<p>Num\u0103r de pagini: 70<\/p><\/p>\n","protected":false},"excerpt":{"rendered":"<p>Aceast\u0103 carte con\u021bine o descriere succint\u0103 a atributelor Duhului Sf\u00e2nt, a lucr\u0103rii Sale, precum \u0219i o scurt\u0103 prezentare a darurilor spirituale, a roadelor Duhului \u0219i cum anume le putem cultiva \u00een via\u021ba personal\u0103.<\/p>\n","protected":false},"featured_media":7115,"template":"","meta":{"_acf_changed":false},"product_brand":[],"product_cat":[42],"product_tag":[],"class_list":{"0":"post-35509","1":"product","2":"type-product","3":"status-publish","4":"has-post-thumbnail","6":"product_cat-derek-prince","7":"pa_autori-derek-prince","8":"pa_format-carte-tiparita","10":"first","11":"outofstock","12":"shipping-taxable","13":"purchasable","14":"product-type-variable","15":"has-default-attributes"},"acf":[],"_links":{"self":[{"href":"https:\/\/alfaomega.tv\/librarie\/wp-json\/wp\/v2\/product\/35509","targetHints":{"allow":["GET"]}}],"collection":[{"href":"https:\/\/alfaomega.tv\/librarie\/wp-json\/wp\/v2\/product"}],"about":[{"href":"https:\/\/alfaomega.tv\/librarie\/wp-json\/wp\/v2\/types\/product"}],"wp:featuredmedia":[{"embeddable":true,"href":"https:\/\/alfaomega.tv\/librarie\/wp-json\/wp\/v2\/media\/7115"}],"wp:attachment":[{"href":"https:\/\/alfaomega.tv\/librarie\/wp-json\/wp\/v2\/media?parent=35509"}],"wp:term":[{"taxonomy":"product_brand","embeddable":true,"href":"https:\/\/alfaomega.tv\/librarie\/wp-json\/wp\/v2\/product_brand?post=35509"},{"taxonomy":"product_cat","embeddable":true,"href":"https:\/\/alfaomega.tv\/librarie\/wp-json\/wp\/v2\/product_cat?post=35509"},{"taxonomy":"product_tag","embeddable":true,"href":"https:\/\/alfaomega.tv\/librarie\/wp-json\/wp\/v2\/product_tag?post=35509"}],"curies":[{"name":"wp","href":"https:\/\/api.w.org\/{rel}","templated":true}]}}