{"id":35515,"date":"2025-08-29T12:57:11","date_gmt":"2025-08-29T12:57:11","guid":{"rendered":"https:\/\/alfaomega.tv\/librarie\/?post_type=product&#038;p=35515"},"modified":"2025-09-03T10:42:51","modified_gmt":"2025-09-03T10:42:51","slug":"ziua-se-apropie","status":"publish","type":"product","link":"https:\/\/alfaomega.tv\/librarie\/produse\/intelegerea-vremurilor-israel\/ziua-se-apropie\/","title":{"rendered":"Ziua se apropie"},"content":{"rendered":"<p>Mesaj de avertizare \u0219i speran\u021b\u0103 a unui nativ israelian asupra zilelor din urm\u0103<\/p>\n<p>OBSERVA\u021aI SEMNELE VREMURILOR?<\/p>\n<p>Isus a vorbit \u00een Biblie despre semnele care ne vor ar\u0103ta clar c\u0103 venirea Lui este aproape. Care sunt acele semne? Sunt ele vizibile azi?<br \/>\u00cen calitate de israelian nativ \u0219i cre\u0219tin, Amir Tsarfati are o perspectiv\u0103 distinct\u0103 care \u00eemplete\u0219te istoria biblic\u0103 cu evenimentele actuale \u0219i cu profe\u021biile biblice ca s\u0103 aduc\u0103 lumin\u0103 asupra misterelor care \u00eenconjoar\u0103 vremurile din urm\u0103. Din pozi\u021bia lui favorabil\u0103 din Orientul Mijlociu \u0219i printr-un studiu atent al Bibliei, Amir indic\u0103 spre dovezi care ne informeaz\u0103 c\u0103 \u00eentoarcerea Domnului este iminent\u0103.<br \/>Din Ziua se apropie ve\u021bi \u00eenv\u0103\u021ba:<br \/>\u00b7 Planurile lui Dumnezeu pentru Israel, lume, biseric\u0103 \u0219i voi<br \/>\u00b7 C\u0103 semnele \u00eentoarcerii lui Hristos sunt vizibile pretutindeni \u00een jurul nostru<br \/>\u00b7 Despre pelicula de \u00een\u0219el\u0103ciune care \u00eei va momi pe oameni, \u00eendep\u0103rt\u00e2ndu-i de adev\u0103r<br \/>\u00b7 Cum chiar ast\u0103zi Dumnezeu Se descoper\u0103 oamenilor \u0219i le schimb\u0103 inima<br \/>\u00b7 Despre minunile care ne a\u0219teapt\u0103 \u00een \u00eemp\u0103r\u0103\u021bia milenar\u0103 viitoare a lui Isus<br \/>C\u00e2nd c\u0103uta\u021bi n\u0103dejde \u0219i claritate referitoare la zilele din urm\u0103 ale p\u0103m\u00e2ntului, face\u021bi ca Biblia s\u0103 fie singura surs\u0103 la care alerga\u021bi dup\u0103 r\u0103spunsuri.<\/p>\n<p>\u00a0<\/p>\n<p>AMIR TSARFATI este un israelian nativ \u0219i un fost maior \u00een For\u021bele de Ap\u0103rare Israeliene. El este fondatorul \u0219i pre\u0219edintele organiza\u021biei Behold Israel \u2013 o lucrare non-profit care ofer\u0103 acces la nout\u0103\u021bi \u0219i informa\u021bii despre Israel dintr-o perspectiv\u0103 biblic\u0103 \u0219i profetic\u0103. Amir este c\u0103s\u0103torit \u0219i are patru copii. El locuie\u0219te \u00een zona nordic\u0103 a Israelului.<\/p>\n<p>\u00a0<\/p>\n<p>Num\u0103r de pagini: 220<\/p>\n","protected":false},"excerpt":{"rendered":"<p>\u00cen calitate de israelian nativ \u0219i cre\u0219tin, Amir Tsarfati are o perspectiv\u0103 distinct\u0103 care \u00eemplete\u0219te istoria biblic\u0103 cu evenimentele actuale \u0219i cu profe\u021biile biblice ca s\u0103 aduc\u0103 lumin\u0103 asupra misterelor care \u00eenconjoar\u0103 vremurile din urm\u0103.<\/p>\n","protected":false},"featured_media":7121,"template":"","meta":{"_acf_changed":false},"product_brand":[],"product_cat":[24],"product_tag":[],"class_list":{"0":"post-35515","1":"product","2":"type-product","3":"status-publish","4":"has-post-thumbnail","6":"product_cat-intelegerea-vremurilor-israel","7":"pa_autori-amir-tsarfati","8":"pa_format-carte-tiparita","10":"first","11":"instock","12":"shipping-taxable","13":"purchasable","14":"product-type-variable","15":"has-default-attributes"},"acf":[],"_links":{"self":[{"href":"https:\/\/alfaomega.tv\/librarie\/wp-json\/wp\/v2\/product\/35515","targetHints":{"allow":["GET"]}}],"collection":[{"href":"https:\/\/alfaomega.tv\/librarie\/wp-json\/wp\/v2\/product"}],"about":[{"href":"https:\/\/alfaomega.tv\/librarie\/wp-json\/wp\/v2\/types\/product"}],"wp:featuredmedia":[{"embeddable":true,"href":"https:\/\/alfaomega.tv\/librarie\/wp-json\/wp\/v2\/media\/7121"}],"wp:attachment":[{"href":"https:\/\/alfaomega.tv\/librarie\/wp-json\/wp\/v2\/media?parent=35515"}],"wp:term":[{"taxonomy":"product_brand","embeddable":true,"href":"https:\/\/alfaomega.tv\/librarie\/wp-json\/wp\/v2\/product_brand?post=35515"},{"taxonomy":"product_cat","embeddable":true,"href":"https:\/\/alfaomega.tv\/librarie\/wp-json\/wp\/v2\/product_cat?post=35515"},{"taxonomy":"product_tag","embeddable":true,"href":"https:\/\/alfaomega.tv\/librarie\/wp-json\/wp\/v2\/product_tag?post=35515"}],"curies":[{"name":"wp","href":"https:\/\/api.w.org\/{rel}","templated":true}]}}